{"id":9602,"date":"2026-05-04T11:41:22","date_gmt":"2026-05-04T09:41:22","guid":{"rendered":"https:\/\/www.uskvbl.sk\/?page_id=9602"},"modified":"2026-05-04T14:18:30","modified_gmt":"2026-05-04T12:18:30","slug":"veterinary-medicine-safety-day-2026","status":"publish","type":"page","link":"https:\/\/www.uskvbl.sk\/?page_id=9602","title":{"rendered":"Veterinary Medicine Safety Day 2026"},"content":{"rendered":"\n<h3 class=\"wp-block-heading\"><strong><mark style=\"background-color:rgba(0, 0, 0, 0)\" class=\"has-inline-color has-blue-color\">De\u0148 bezpe\u010dnosti veterin\u00e1rnych liekov<\/mark><br><br><\/strong>De\u0148 bezpe\u010dnosti veterin\u00e1rnych liekov je eur\u00f3pska osvetov\u00e1 kampa\u0148, ktorej cie\u013eom je zd\u00f4razni\u0165 v\u00fdznam farmakovigilancie, teda monitorovania bezpe\u010dnosti veterin\u00e1rnych liekov.<\/h3>\n\n\n\n<p>Hlavn\u00fdm cie\u013eom kampane je podpori\u0165 nahlasovanie podozren\u00ed na ne\u017eiaduce udalosti &nbsp;&#8211; ako s\u00fa ved\u013eaj\u0161ie \u00fa\u010dinky, nedostato\u010dn\u00e1 \u00fa\u010dinnos\u0165, vplyvy na \u017eivotn\u00e9 prostredie \u010di neo\u010dak\u00e1van\u00e9 reakcie, ktor\u00e9 sa m\u00f4\u017eu vyskytn\u00fa\u0165 po pou\u017eit\u00ed veterin\u00e1rnych liekov u zvierat, u exponovan\u00fdch \u013eud\u00ed alebo v \u017eivotnom prostred\u00ed.<\/p>\n\n\n\n<p>Hl\u00e1senia od majite\u013eov zvierat, veterin\u00e1rnych lek\u00e1rov a farm\u00e1rov s\u00fa k\u013e\u00fa\u010dov\u00e9 pre zabezpe\u010denie bezpe\u010dnosti a \u00fa\u010dinnosti veterin\u00e1rnych liekov.<\/p>\n\n\n\n<p>V roku 2026 sa kampa\u0148 \u201eDe\u0148 bezpe\u010dnosti veterin\u00e1rnych liekov\u201c zamerala na <strong><mark style=\"background-color:rgba(0, 0, 0, 0)\" class=\"has-inline-color has-blue-color\">nedostato\u010dn\u00fa \u00fa\u010dinnos\u0165 antiparazitick\u00fdch veterin\u00e1rnych liekov a\u00a0antiparazit\u00e1rnu rezistenciu<\/mark><\/strong>, ktor\u00e1 sa st\u00e1va celosvetov\u00fdm probl\u00e9mom podobne, ako antimikrobi\u00e1lna rezistencia.<\/p>\n\n\n\n<div style=\"height:10px\" aria-hidden=\"true\" class=\"wp-block-spacer\"><\/div>\n\n\n\n<h3 class=\"wp-block-heading\"><strong><mark style=\"background-color:rgba(0, 0, 0, 0)\" class=\"has-inline-color has-blue-color\">Ke\u010f lie\u010dba proti parazitom nefunguje tak, ako by mala<\/mark><\/strong><\/h3>\n\n\n\n<p>Zistite, ako m\u00f4\u017eete chr\u00e1ni\u0165 svoje zvierat\u00e1, a prispie\u0165 k tomu, aby lieky zostali \u00fa\u010dinn\u00e9.<\/p>\n\n\n\n<div class=\"wp-block-columns is-layout-flex wp-container-core-columns-is-layout-9d6595d7 wp-block-columns-is-layout-flex\">\n<div class=\"wp-block-column is-layout-flow wp-block-column-is-layout-flow\" style=\"flex-basis:33.33%\">\n<figure class=\"wp-block-image size-full\"><img loading=\"lazy\" decoding=\"async\" width=\"542\" height=\"503\" src=\"https:\/\/www.uskvbl.sk\/wp-content\/uploads\/pes-a-macka.png\" alt=\"\" class=\"wp-image-9608\" srcset=\"https:\/\/www.uskvbl.sk\/wp-content\/uploads\/pes-a-macka.png 542w, https:\/\/www.uskvbl.sk\/wp-content\/uploads\/pes-a-macka-300x278.png 300w\" sizes=\"auto, (max-width: 542px) 100vw, 542px\" \/><\/figure>\n<\/div>\n\n\n\n<div class=\"wp-block-column is-layout-flow wp-block-column-is-layout-flow\" style=\"flex-basis:66.66%\">\n<div class=\"wp-block-file\"><a id=\"wp-block-file--media-05254929-6a77-4387-9f5b-80f9c6456829\" href=\"https:\/\/www.uskvbl.sk\/wp-content\/uploads\/1-veterinary-medicine-safety-day-2026-expert-presentation_en.ppsx\" target=\"_blank\" rel=\"noreferrer noopener\">Nedostato\u010dn\u00e1 o\u010dak\u00e1van\u00e1 \u00fa\u010dinnos\u0165 antiparazitick\u00fdch liekov<\/a><\/div>\n\n\n\n<div style=\"height:17px\" aria-hidden=\"true\" class=\"wp-block-spacer\"><\/div>\n\n\n\n<div class=\"wp-block-file\"><a id=\"wp-block-file--media-d1270f86-748c-469c-b9b3-4c43762271bb\" href=\"https:\/\/www.uskvbl.sk\/wp-content\/uploads\/2-veterinary-medicine-safety-day-2026-pre-chovatelov.ppsx\" target=\"_blank\" rel=\"noreferrer noopener\">Chovatelia \u00a0&#8211; pom\u00f4\u017ete, aby lieky proti parazitom na\u010falej \u00fa\u010dinkovali<\/a><\/div>\n\n\n\n<div style=\"height:17px\" aria-hidden=\"true\" class=\"wp-block-spacer\"><\/div>\n\n\n\n<div class=\"wp-block-file\"><a id=\"wp-block-file--media-fd49382f-aa5c-4cc8-8a39-37ed10884911\" href=\"https:\/\/www.uskvbl.sk\/wp-content\/uploads\/3-veterinary-medicine-safety-day-2026-veterinarny-lekari.ppsx\" target=\"_blank\" rel=\"noreferrer noopener\">Veterin\u00e1rny lek\u00e1ri &#8211; ke\u010f antiparazitik\u00e1 ne\u00fa\u010dinkuj\u00fa pod\u013ea o\u010dak\u00e1vania, v\u00e1\u0161 doh\u013ead nad lie\u010dbou chr\u00e1ni zdravie zvierat aj zdravie verejnosti<\/a><\/div>\n<\/div>\n<\/div>\n\n\n\n<p><\/p>\n","protected":false},"excerpt":{"rendered":"<p>De\u0148 bezpe\u010dnosti veterin\u00e1rnych liekov De\u0148 bezpe\u010dnosti veterin\u00e1rnych liekov je eur\u00f3pska osvetov\u00e1 kampa\u0148, ktorej cie\u013eom je zd\u00f4razni\u0165 v\u00fdznam farmakovigilancie, teda monitorovania bezpe\u010dnosti veterin\u00e1rnych liekov. Hlavn\u00fdm cie\u013eom kampane je podpori\u0165 nahlasovanie podozren\u00ed na ne\u017eiaduce udalosti &nbsp;&#8211; ako s\u00fa ved\u013eaj\u0161ie \u00fa\u010dinky, nedostato\u010dn\u00e1 \u00fa\u010dinnos\u0165, &hellip; <a href=\"https:\/\/www.uskvbl.sk\/?page_id=9602\">Pokra\u010dova\u0165 v \u010d\u00edtan\u00ed <span class=\"meta-nav\">&rarr;<\/span><\/a><\/p>\n","protected":false},"author":1,"featured_media":0,"parent":0,"menu_order":0,"comment_status":"closed","ping_status":"closed","template":"","meta":{"footnotes":""},"class_list":["post-9602","page","type-page","status-publish","hentry"],"_links":{"self":[{"href":"https:\/\/www.uskvbl.sk\/index.php?rest_route=\/wp\/v2\/pages\/9602","targetHints":{"allow":["GET"]}}],"collection":[{"href":"https:\/\/www.uskvbl.sk\/index.php?rest_route=\/wp\/v2\/pages"}],"about":[{"href":"https:\/\/www.uskvbl.sk\/index.php?rest_route=\/wp\/v2\/types\/page"}],"author":[{"embeddable":true,"href":"https:\/\/www.uskvbl.sk\/index.php?rest_route=\/wp\/v2\/users\/1"}],"replies":[{"embeddable":true,"href":"https:\/\/www.uskvbl.sk\/index.php?rest_route=%2Fwp%2Fv2%2Fcomments&post=9602"}],"version-history":[{"count":5,"href":"https:\/\/www.uskvbl.sk\/index.php?rest_route=\/wp\/v2\/pages\/9602\/revisions"}],"predecessor-version":[{"id":9614,"href":"https:\/\/www.uskvbl.sk\/index.php?rest_route=\/wp\/v2\/pages\/9602\/revisions\/9614"}],"wp:attachment":[{"href":"https:\/\/www.uskvbl.sk\/index.php?rest_route=%2Fwp%2Fv2%2Fmedia&parent=9602"}],"curies":[{"name":"wp","href":"https:\/\/api.w.org\/{rel}","templated":true}]}}