{"id":9397,"date":"2025-12-08T09:03:04","date_gmt":"2025-12-08T08:03:04","guid":{"rendered":"https:\/\/www.uskvbl.sk\/?page_id=9397"},"modified":"2025-12-08T09:03:04","modified_gmt":"2025-12-08T08:03:04","slug":"vyhlasenie-o-pristupnosti","status":"publish","type":"page","link":"https:\/\/www.uskvbl.sk\/?page_id=9397","title":{"rendered":"Vyhl\u00e1senie o pr\u00edstupnosti"},"content":{"rendered":"\n<h3 class=\"wp-block-heading\">Vyhl\u00e1senie o pr\u00edstupnosti<\/h3>\n\n\n\n<p>\u00dastav \u0161t\u00e1tnej kontroly veterin\u00e1rnych bioprepar\u00e1tov a lie\u010div m\u00e1 z\u00e1ujem zabezpe\u010di\u0165 pr\u00edstupnos\u0165 svojho webov\u00e9ho s\u00eddla v&nbsp;s\u00falade so z\u00e1konom \u010d. 95\/2019 Z. z. o informa\u010dn\u00fdch technol\u00f3gi\u00e1ch vo verejnej spr\u00e1ve a&nbsp;pr\u00edslu\u0161n\u00fdmi vykon\u00e1vac\u00edmi predpismi v rozsahu podmienok pod\u013ea smernice (E\u00da) 2016\/2102.<\/p>\n\n\n\n<p>Toto vyhl\u00e1senie o&nbsp;pr\u00edstupnosti sa vz\u0165ahuje na webov\u00e9 s\u00eddlo <a href=\"https:\/\/www.uskvbl.sk\">www.uskvbl.sk<\/a><\/p>\n\n\n\n<h4 class=\"wp-block-heading\"><strong>Stav s\u00faladu<\/strong><\/h4>\n\n\n\n<p>Toto webov\u00e9 s\u00eddlo je v \u010diasto\u010dnom s\u00falade&nbsp;so z\u00e1konom \u010d. 95\/2019 Z. z. o informa\u010dn\u00fdch technol\u00f3gi\u00e1ch vo verejnej spr\u00e1ve a&nbsp;o&nbsp;zmene a&nbsp;doplnen\u00ed niektor\u00fdch z\u00e1konov v&nbsp;znen\u00ed neskor\u0161\u00edch predpisov a pr\u00edslu\u0161n\u00fdmi vykon\u00e1vac\u00edmi predpismi v rozsahu podmienok pod\u013ea smernice (E\u00da) 2016\/2102 vzh\u013eadom na prvky nes\u00faladu uveden\u00e9 ni\u017e\u0161ie.<\/p>\n\n\n\n<h4 class=\"wp-block-heading\"><strong>Nepr\u00edstupn\u00fd obsah<\/strong><\/h4>\n\n\n\n<p>Obsah uveden\u00fd ni\u017e\u0161ie nie je pr\u00edstupn\u00fd z t\u00fdchto d\u00f4vodov:<\/p>\n\n\n\n<ul class=\"wp-block-list\">\n<li>Nes\u00falad so smernicou (E\u00da) 2016\/2102 o pr\u00edstupnosti webov\u00fdch s\u00eddel a mobiln\u00fdch aplik\u00e1ci\u00ed subjektov verejn\u00e9ho sektora:\n<ul class=\"wp-block-list\">\n<li>1.1.1 Netextov\u00fd obsah<\/li>\n\n\n\n<li>1.3.1 Inform\u00e1cie a vz\u00e1jomn\u00e9 vz\u0165ahy<\/li>\n\n\n\n<li>1.3.2 Zmyslupln\u00e9 poradie<\/li>\n\n\n\n<li>1.4.1 Pou\u017e\u00edvanie farieb<\/li>\n\n\n\n<li>1.4.3 Kontrast (minim\u00e1lny)<\/li>\n\n\n\n<li>1.4.5 Text vo forme obr\u00e1zkov<\/li>\n\n\n\n<li>1.4.10 Zmena usporiadania obsahu<\/li>\n\n\n\n<li>1.4.13 Obsah pri zameran\u00ed my\u0161ou alebo kl\u00e1vesnicou<\/li>\n\n\n\n<li>2.1.1 Kl\u00e1vesnica<\/li>\n\n\n\n<li>2.4.1 Presko\u010denie blokov<\/li>\n\n\n\n<li>2.4.2 Ka\u017ed\u00e1 str\u00e1nka m\u00e1 n\u00e1zov<\/li>\n\n\n\n<li>2.4.4 \u00da\u010del odkazu (v kontexte)<\/li>\n\n\n\n<li>2.4.5 Viacero sp\u00f4sobov<\/li>\n\n\n\n<li>2.4.6 Nadpisy a\u00a0menovky<\/li>\n\n\n\n<li>2.5.1 Pohyby ukazovate\u013ea<\/li>\n\n\n\n<li>3.1.1 Jazyky str\u00e1nky<\/li>\n\n\n\n<li>3.1.2 Jazyky jednotliv\u00fdch \u010dast\u00ed<\/li>\n\n\n\n<li>3.2.4 Konzistentn\u00e1 identifik\u00e1cia<\/li>\n<\/ul>\n<\/li>\n<\/ul>\n\n\n\n<h4 class=\"wp-block-heading\"><strong>Vypracovanie tohto vyhl\u00e1senia o&nbsp;pr\u00edstupnosti<\/strong><\/h4>\n\n\n\n<p>Toto vyhl\u00e1senie bolo vypracovan\u00e9 8.12.2025.<\/p>\n\n\n\n<p>Vyhodnotenie s\u00faladu webov\u00e9ho s\u00eddla s&nbsp;po\u017eiadavkami z\u00e1kona \u010d. 95\/2019 Z. z. o informa\u010dn\u00fdch technol\u00f3gi\u00e1ch vo verejnej spr\u00e1ve a pr\u00edslu\u0161n\u00fdmi vykon\u00e1vac\u00edmi predpismi v rozsahu podmienok pod\u013ea smernice (E\u00da) 2016\/2102 bolo vykonan\u00e9 samohodnoten\u00edm.<\/p>\n\n\n\n<p>Vyhl\u00e1senie bolo naposledy skontrolovan\u00e9 8.12.2025.<\/p>\n\n\n\n<h4 class=\"wp-block-heading\"><strong>Sp\u00e4tn\u00e1 v\u00e4zba a&nbsp;kontaktn\u00e9 inform\u00e1cie<\/strong><\/h4>\n\n\n\n<p>V pr\u00edpade ak\u00fdchko\u013evek probl\u00e9mov s pr\u00edstupnos\u0165ou webov\u00e9ho s\u00eddla n\u00e1s, pros\u00edm, kontaktujte na e-mailovej adrese: <a href=\"mailto:uskvbl@uskvbl.sk\">uskvbl@uskvbl.sk<\/a>.<\/p>\n\n\n\n<h4 class=\"wp-block-heading\"><strong>Vynucovacie konanie<\/strong><\/h4>\n\n\n\n<p>V&nbsp;pr\u00edpade neuspokojiv\u00fdch odpoved\u00ed na podnety alebo \u017eiadosti zaslan\u00e9 v&nbsp;r\u00e1mci sp\u00e4tnej v\u00e4zby subjektu verejn\u00e9ho sektora v&nbsp;s\u00falade s&nbsp;<a href=\"https:\/\/eur-lex.europa.eu\/legal-content\/SK\/TXT\/?uri=uriserv:OJ.L_.2016.327.01.0001.01.SLK&amp;toc=OJ:L:2016:327:TOC\">\u010dl. 7 ods. 1 p\u00edsm. b) smernice Eur\u00f3pskeho parlamentu 2016\/2102&nbsp;<\/a>sa m\u00f4\u017eete obr\u00e1ti\u0165 v&nbsp;r\u00e1mci vynucovacieho konania na subjekt poveren\u00fd presadzovan\u00edm Smernice, ktor\u00fdm je Ministerstvo invest\u00edci\u00ed, region\u00e1lneho rozvoja a informatiz\u00e1cie Slovenskej republiky a&nbsp;informatiz\u00e1ciu na e-mailovej adrese: adrese:&nbsp;<a href=\"mailto:standard@mirri.gov.sk\">standard@mirri.gov.sk<\/a><\/p>\n","protected":false},"excerpt":{"rendered":"<p>Vyhl\u00e1senie o pr\u00edstupnosti \u00dastav \u0161t\u00e1tnej kontroly veterin\u00e1rnych bioprepar\u00e1tov a lie\u010div m\u00e1 z\u00e1ujem zabezpe\u010di\u0165 pr\u00edstupnos\u0165 svojho webov\u00e9ho s\u00eddla v&nbsp;s\u00falade so z\u00e1konom \u010d. 95\/2019 Z. z. o informa\u010dn\u00fdch technol\u00f3gi\u00e1ch vo verejnej spr\u00e1ve a&nbsp;pr\u00edslu\u0161n\u00fdmi vykon\u00e1vac\u00edmi predpismi v rozsahu podmienok pod\u013ea smernice (E\u00da) 2016\/2102. &hellip; <a href=\"https:\/\/www.uskvbl.sk\/?page_id=9397\">Pokra\u010dova\u0165 v \u010d\u00edtan\u00ed <span class=\"meta-nav\">&rarr;<\/span><\/a><\/p>\n","protected":false},"author":1,"featured_media":0,"parent":0,"menu_order":0,"comment_status":"closed","ping_status":"closed","template":"","meta":{"footnotes":""},"class_list":["post-9397","page","type-page","status-publish","hentry"],"_links":{"self":[{"href":"https:\/\/www.uskvbl.sk\/index.php?rest_route=\/wp\/v2\/pages\/9397","targetHints":{"allow":["GET"]}}],"collection":[{"href":"https:\/\/www.uskvbl.sk\/index.php?rest_route=\/wp\/v2\/pages"}],"about":[{"href":"https:\/\/www.uskvbl.sk\/index.php?rest_route=\/wp\/v2\/types\/page"}],"author":[{"embeddable":true,"href":"https:\/\/www.uskvbl.sk\/index.php?rest_route=\/wp\/v2\/users\/1"}],"replies":[{"embeddable":true,"href":"https:\/\/www.uskvbl.sk\/index.php?rest_route=%2Fwp%2Fv2%2Fcomments&post=9397"}],"version-history":[{"count":2,"href":"https:\/\/www.uskvbl.sk\/index.php?rest_route=\/wp\/v2\/pages\/9397\/revisions"}],"predecessor-version":[{"id":9399,"href":"https:\/\/www.uskvbl.sk\/index.php?rest_route=\/wp\/v2\/pages\/9397\/revisions\/9399"}],"wp:attachment":[{"href":"https:\/\/www.uskvbl.sk\/index.php?rest_route=%2Fwp%2Fv2%2Fmedia&parent=9397"}],"curies":[{"name":"wp","href":"https:\/\/api.w.org\/{rel}","templated":true}]}}