{"id":9391,"date":"2025-12-01T23:39:12","date_gmt":"2025-12-01T22:39:12","guid":{"rendered":"https:\/\/www.uskvbl.sk\/?page_id=9391"},"modified":"2025-12-01T23:59:12","modified_gmt":"2025-12-01T22:59:12","slug":"mapa-stranky","status":"publish","type":"page","link":"https:\/\/www.uskvbl.sk\/?page_id=9391","title":{"rendered":"Mapa str\u00e1nky"},"content":{"rendered":"\n<div class=\"wsp-container\"><h2 class=\"wsp-pages-title\">Pages<\/h2>\n<ul class=\"wsp-pages-list\">\n<li class=\"page_item page-item-136\"><a href=\"https:\/\/www.uskvbl.sk\/\">#136 (bez n\u00e1zvu)<\/a><\/li>\n<li class=\"page_item page-item-111\"><a href=\"https:\/\/www.uskvbl.sk\/?page_id=111\">AKO POSTUPOVA\u0164 PRI PODOZREN\u00cd NA NEDOSTATOK V KVALITE VETERIN\u00c1RNEHO LIEKU<\/a><\/li>\n<li class=\"page_item page-item-64\"><a href=\"https:\/\/www.uskvbl.sk\/?page_id=64\">AKO POSTUPOVA\u0164 PRI \u017dIADOSTI O LABORAT\u00d3RNE VY\u0160ETRENIE VZORKY<\/a><\/li>\n<li class=\"page_item page-item-6090\"><a href=\"https:\/\/www.uskvbl.sk\/?page_id=6090\">Arch\u00edv<\/a><\/li>\n<li class=\"page_item page-item-6082\"><a href=\"https:\/\/www.uskvbl.sk\/?page_id=6082\">Arch\u00edv 2019<\/a><\/li>\n<li class=\"page_item page-item-6494\"><a href=\"https:\/\/www.uskvbl.sk\/?page_id=6494\">Arch\u00edv 2020<\/a><\/li>\n<li class=\"page_item page-item-7474\"><a href=\"https:\/\/www.uskvbl.sk\/?page_id=7474\">Arch\u00edv 2021<\/a><\/li>\n<li class=\"page_item page-item-8639\"><a href=\"https:\/\/www.uskvbl.sk\/?page_id=8639\">Arch\u00edv 2022<\/a><\/li>\n<li class=\"page_item page-item-8645\"><a href=\"https:\/\/www.uskvbl.sk\/?page_id=8645\">Arch\u00edv 2023<\/a><\/li>\n<li class=\"page_item page-item-27\"><a href=\"https:\/\/www.uskvbl.sk\/?page_id=27\">\u010cinnos\u0165 \u00daradu &#8211; hist\u00f3ria a\u00a0s\u00fa\u010dasnos\u0165<\/a><\/li>\n<li class=\"page_item page-item-37\"><a href=\"https:\/\/www.uskvbl.sk\/?page_id=37\">DATASETY<\/a><\/li>\n<li class=\"page_item page-item-115\"><a href=\"https:\/\/www.uskvbl.sk\/?page_id=115\">D\u00d4LE\u017dIT\u00c9 OZNAMY<\/a><\/li>\n<li class=\"page_item page-item-124\"><a href=\"https:\/\/www.uskvbl.sk\/?page_id=124\">DR\u017dITELIA ROZHODNUTIA O REGISTR\u00c1CII VETERIN\u00c1RNEHO LIEKU<\/a><\/li>\n<li class=\"page_item page-item-3418\"><a href=\"https:\/\/www.uskvbl.sk\/?page_id=3418\">Ekonomika a financovanie, osobn\u00fd \u00farad<\/a><\/li>\n<li class=\"page_item page-item-113\"><a href=\"https:\/\/www.uskvbl.sk\/?page_id=113\">HL\u00c1SENIE NE\u017dIADUCICH \u00da\u010cINKOV VETERIN\u00c1RNYCH LIEKOV<\/a><\/li>\n<li class=\"page_item page-item-3420\"><a href=\"https:\/\/www.uskvbl.sk\/?page_id=3420\">Hlavn\u00e9 kontakty<\/a><\/li>\n<li class=\"page_item page-item-319\"><a href=\"https:\/\/www.uskvbl.sk\/?page_id=319\">INFORM\u00c1CIE O LIEKU<\/a><\/li>\n<li class=\"page_item page-item-305\"><a href=\"https:\/\/www.uskvbl.sk\/?page_id=305\">INFORM\u00c1CIE O PR\u00cdPRAVKOCH<\/a><\/li>\n<li class=\"page_item page-item-933\"><a href=\"https:\/\/www.uskvbl.sk\/?page_id=933\">Inform\u00e1cie o pr\u00edpravkoch2<\/a><\/li>\n<li class=\"page_item page-item-3412\"><a href=\"https:\/\/www.uskvbl.sk\/?page_id=3412\">In\u0161pekcia<\/a><\/li>\n<li class=\"page_item page-item-412\"><a href=\"https:\/\/www.uskvbl.sk\/?page_id=412\">IN\u0160PEKCIA<\/a><\/li>\n<li class=\"page_item page-item-61\"><a href=\"https:\/\/www.uskvbl.sk\/?page_id=61\">KLINICK\u00c9 SK\u00da\u0160ANIE<\/a><\/li>\n<li class=\"page_item page-item-36\"><a href=\"https:\/\/www.uskvbl.sk\/?page_id=36\">KONTAKTY<\/a><\/li>\n<li class=\"page_item page-item-640\"><a href=\"https:\/\/www.uskvbl.sk\/?page_id=640\">KONTROLN\u00c9 LABORAT\u00d3RI\u00c1 PRE V\u00ddROBCOV<\/a><\/li>\n<li class=\"page_item page-item-3416\"><a href=\"https:\/\/www.uskvbl.sk\/?page_id=3416\">Kr\u00edzov\u00e9 situ\u00e1cie<\/a><\/li>\n<li class=\"page_item page-item-371\"><a href=\"https:\/\/www.uskvbl.sk\/?page_id=371\">KR\u00cdZOV\u00c9 SITU\u00c1CIE<\/a><\/li>\n<li class=\"page_item page-item-376\"><a href=\"https:\/\/www.uskvbl.sk\/?page_id=376\">KVALITA VETERIN\u00c1RNYCH LIEKOV<\/a><\/li>\n<li class=\"page_item page-item-3408\"><a href=\"https:\/\/www.uskvbl.sk\/?page_id=3408\">Laborat\u00f3rna kontrola<\/a><\/li>\n<li class=\"page_item page-item-30\"><a href=\"https:\/\/www.uskvbl.sk\/?page_id=30\">LEGISLAT\u00cdVA<\/a><\/li>\n<li class=\"page_item page-item-9391\"><a href=\"https:\/\/www.uskvbl.sk\/?page_id=9391\">Mapa str\u00e1nky<\/a><\/li>\n<li class=\"page_item page-item-395\"><a href=\"https:\/\/www.uskvbl.sk\/?page_id=395\">MEDZIN\u00c1RODN\u00c1 SPOLUPR\u00c1CA<\/a><\/li>\n<li class=\"page_item page-item-541\"><a href=\"https:\/\/www.uskvbl.sk\/?page_id=541\">MIMORIADNY DOVOZ<\/a><\/li>\n<li class=\"page_item page-item-4702\"><a href=\"https:\/\/www.uskvbl.sk\/?page_id=4702\">Nov\u00e1 legislat\u00edva<\/a><\/li>\n<li class=\"page_item page-item-402\"><a href=\"https:\/\/www.uskvbl.sk\/?page_id=402\">OBJEDN\u00c1VKY A FAKT\u00daRY<\/a><\/li>\n<li class=\"page_item page-item-33\"><a href=\"https:\/\/www.uskvbl.sk\/?page_id=33\">OCHRANA OSOBN\u00ddCH \u00daDAJOV (GDPR)<\/a><\/li>\n<li class=\"page_item page-item-70\"><a href=\"https:\/\/www.uskvbl.sk\/?page_id=70\">OMAMN\u00c9,  PSYCHOTROPNE L\u00c1TKY A PR\u00cdPRAVKY<\/a><\/li>\n<li class=\"page_item page-item-4303\"><a href=\"https:\/\/www.uskvbl.sk\/?page_id=4303\">OZN\u00c1MENIA<\/a><\/li>\n<li class=\"page_item page-item-8981\"><a href=\"https:\/\/www.uskvbl.sk\/?page_id=8981\">OZNAMOVANIE PROTISPOLO\u010cENSKEJ \u010cINNOSTI A PROTIKORUP\u010cN\u00dd PROGRAM<\/a><\/li>\n<li class=\"page_item page-item-390\"><a href=\"https:\/\/www.uskvbl.sk\/?page_id=390\">POLITIKA KVALITY<\/a><\/li>\n<li class=\"page_item page-item-4391\"><a href=\"https:\/\/www.uskvbl.sk\/?page_id=4391\">Ponuka vo\u013en\u00e9ho pracovn\u00e9ho miesta<\/a><\/li>\n<li class=\"page_item page-item-346\"><a href=\"https:\/\/www.uskvbl.sk\/?page_id=346\">POPLATKY<\/a><\/li>\n<li class=\"page_item page-item-32\"><a href=\"https:\/\/www.uskvbl.sk\/?page_id=32\">POSKYTOVANIE INFORM\u00c1CI\u00cd<\/a><\/li>\n<li class=\"page_item page-item-387\"><a href=\"https:\/\/www.uskvbl.sk\/?page_id=387\">Postavenie a\u00a0organiza\u010dn\u00e1 \u0161trukt\u00fara\u00a0\u00da\u0160KVBL<\/a><\/li>\n<li class=\"page_item page-item-114\"><a href=\"https:\/\/www.uskvbl.sk\/?page_id=114\">POU\u017dITIE NEREGISTROVAN\u00ddCH VETERIN\u00c1RNYCH LIEKOV V OSOBIT\u00ddCH PR\u00cdPADOCH \u2013 DOSTUPNOS\u0164 LIEKOV<\/a><\/li>\n<li class=\"page_item page-item-408\"><a href=\"https:\/\/www.uskvbl.sk\/?page_id=408\">PR\u00c1VNE PREDPISY EUR\u00d3PSKEJ \u00daNIE<\/a><\/li>\n<li class=\"page_item page-item-406\"><a href=\"https:\/\/www.uskvbl.sk\/?page_id=406\">PR\u00c1VNE PREDPISY SLOVENENSKEJ REPUBLIKY<\/a><\/li>\n<li class=\"page_item page-item-63\"><a href=\"https:\/\/www.uskvbl.sk\/?page_id=63\">PREDKLADANIE ANALYTICK\u00ddCH CERTIFIK\u00c1TOV A VZORIEK VETERIN\u00c1RNEHO LIEKU<\/a><\/li>\n<li class=\"page_item page-item-516\"><a href=\"https:\/\/www.uskvbl.sk\/?page_id=516\">PREZNA\u010cOVANIE A DOPREDAJ<\/a><\/li>\n<li class=\"page_item page-item-382\"><a href=\"https:\/\/www.uskvbl.sk\/?page_id=382\">REGISTR\u00c1CIA A SCHVA\u013dOVANIE<\/a><\/li>\n<li class=\"page_item page-item-3414\"><a href=\"https:\/\/www.uskvbl.sk\/?page_id=3414\">Registr\u00e1cia veterin\u00e1rneho lieku a schva\u013eovanie veterin\u00e1rneho pr\u00edpravku a VTP<\/a><\/li>\n<li class=\"page_item page-item-58\"><a href=\"https:\/\/www.uskvbl.sk\/?page_id=58\">REGISTR\u00c1CIA VETERIN\u00c1RNYCH LIEKOV<\/a><\/li>\n<li class=\"page_item page-item-99\"><a href=\"https:\/\/www.uskvbl.sk\/?page_id=99\">REKLAMA VETERIN\u00c1RNYCH LIEKOV<\/a><\/li>\n<li class=\"page_item page-item-60\"><a href=\"https:\/\/www.uskvbl.sk\/?page_id=60\">SCHVA\u013dOVANIE VETERIN\u00c1RNYCH PR\u00cdPRAVKOV A VETERIN\u00c1RNYCH TECHNICK\u00ddCH POM\u00d4COK<\/a><\/li>\n<li class=\"page_item page-item-65\"><a href=\"https:\/\/www.uskvbl.sk\/?page_id=65\">SP\u00d4SOB UVO\u013d\u0147OVANIA \u0160AR\u017d\u00cd IMUNOLOGICK\u00ddCH VETERIN\u00c1RNYCH LIEKOV NA TRH (OCABR\/OBPR)<\/a><\/li>\n<li class=\"page_item page-item-35\"><a href=\"https:\/\/www.uskvbl.sk\/?page_id=35\">S\u0164A\u017dNOSTI, PET\u00cdCIE A PODNETY<\/a><\/li>\n<li class=\"page_item page-item-513\"><a href=\"https:\/\/www.uskvbl.sk\/?page_id=513\">S\u00daBE\u017dN\u00dd OBCHOD VETERIN\u00c1RNYCH LIEKOV<\/a><\/li>\n<li class=\"page_item page-item-2\"><a href=\"https:\/\/www.uskvbl.sk\/?page_id=2\">Uk\u00e1\u017eka strany<\/a><\/li>\n<li class=\"page_item page-item-71\"><a href=\"https:\/\/www.uskvbl.sk\/?page_id=71\">VE\u013dKODISTRIB\u00daCIA veterin\u00e1rnych liekov, veterin\u00e1rnych pr\u00edpravkov a tecnick\u00fdch pom\u00f4cok a\u00a0medikovan\u00fdch krm\u00edv<\/a><\/li>\n<li class=\"page_item page-item-28\"><a href=\"https:\/\/www.uskvbl.sk\/?page_id=28\">VEREJN\u00c9 OBSTAR\u00c1VANIE<\/a><\/li>\n<li class=\"page_item page-item-366\"><a href=\"https:\/\/www.uskvbl.sk\/?page_id=366\">VETERIN\u00c1RNA FARMAKOVIGILANCIA<\/a><\/li>\n<li class=\"page_item page-item-126\"><a href=\"https:\/\/www.uskvbl.sk\/?page_id=126\">VETERIN\u00c1RNE LIEKY\u00a0 &#8211;\u00a0 Hl\u00e1senie podozren\u00ed na ne\u017eiaducu\u00a0 udalos\u0165 (NU)<\/a><\/li>\n<li class=\"page_item page-item-127\"><a href=\"https:\/\/www.uskvbl.sk\/?page_id=127\">VETERIN\u00c1RNE PR\u00cdPRAVKY A\u00a0VETERIN\u00c1RNE TECHNICK\u00c9 POM\u00d4CKY &#8211; Hl\u00e1senie podozren\u00ed na ne\u017eiaduce \u00fa\u010dinky (N\u00da)\ufffc<\/a><\/li>\n<li class=\"page_item page-item-34\"><a href=\"https:\/\/www.uskvbl.sk\/?page_id=34\">VO\u013dN\u00c9 PRACOVN\u00c9 MIESTA<\/a><\/li>\n<li class=\"page_item page-item-9397\"><a href=\"https:\/\/www.uskvbl.sk\/?page_id=9397\">Vyhl\u00e1senie o pr\u00edstupnosti<\/a><\/li>\n<li class=\"page_item page-item-66\"><a href=\"https:\/\/www.uskvbl.sk\/?page_id=66\">V\u00ddROBA A KONTROLA VETERIN\u00c1RNYCH LIEKOV<\/a><\/li>\n<li class=\"page_item page-item-68\"><a href=\"https:\/\/www.uskvbl.sk\/?page_id=68\">V\u00ddROBA MEDIKOVAN\u00ddCH KRM\u00cdV (MK)<\/a><\/li>\n<li class=\"page_item page-item-67\"><a href=\"https:\/\/www.uskvbl.sk\/?page_id=67\">V\u00ddROBA VETERIN\u00c1RNYCH PR\u00cdPRAVKOV A TECHNICK\u00ddCH POM\u00d4COK<\/a><\/li>\n<li class=\"page_item page-item-98\"><a href=\"https:\/\/www.uskvbl.sk\/?page_id=98\">V\u00ddROBA, DOVOZ ALEBO DISTRIB\u00daCIA VETERIN\u00c1RNEJ \u00da\u010cINNEJ L\u00c1TKY<\/a><\/li>\n<li class=\"page_item page-item-3626\"><a href=\"https:\/\/www.uskvbl.sk\/?page_id=3626\">V\u00fdro\u010dn\u00e9 spr\u00e1vy o \u010dinnosti<\/a><\/li>\n<li class=\"page_item page-item-393\"><a href=\"https:\/\/www.uskvbl.sk\/?page_id=393\">V\u00fdro\u010dn\u00e9 spr\u00e1vy o \u010dinnosti<\/a><\/li>\n<li class=\"page_item page-item-31\"><a href=\"https:\/\/www.uskvbl.sk\/?page_id=31\">VZDEL\u00c1VACIE AKCIE<\/a><\/li>\n<li class=\"page_item page-item-400\"><a href=\"https:\/\/www.uskvbl.sk\/?page_id=400\">ZMLUVY<\/a><\/li>\n<li class=\"page_item page-item-62\"><a href=\"https:\/\/www.uskvbl.sk\/?page_id=62\">ZOZNAMY<\/a><\/li>\n<li class=\"page_item page-item-101\"><a href=\"https:\/\/www.uskvbl.sk\/?page_id=101\">ZOZNAMY<\/a><\/li>\n<\/ul>\n<h2 class=\"wsp-posts-title\">Posts by category<\/h2>\n<ul class=\"wsp-posts-list\">\n\t<li><strong class=\"wsp-category-title\">Category: <a href=\"https:\/\/www.uskvbl.sk\/?cat=1\">Nezaraden\u00e9<\/a><\/strong>\n<ul class=\"wsp-posts-list\">\t\t<li class=\"wsp-post\"><a href=\"https:\/\/www.uskvbl.sk\/?p=141\">\u00davod<\/a><\/li>\n<\/ul><\/li>\n<\/ul>\n<\/div>\n\n\n\n<p><\/p>\n","protected":false},"excerpt":{"rendered":"","protected":false},"author":1,"featured_media":0,"parent":0,"menu_order":0,"comment_status":"closed","ping_status":"closed","template":"","meta":{"footnotes":""},"class_list":["post-9391","page","type-page","status-publish","hentry"],"_links":{"self":[{"href":"https:\/\/www.uskvbl.sk\/index.php?rest_route=\/wp\/v2\/pages\/9391","targetHints":{"allow":["GET"]}}],"collection":[{"href":"https:\/\/www.uskvbl.sk\/index.php?rest_route=\/wp\/v2\/pages"}],"about":[{"href":"https:\/\/www.uskvbl.sk\/index.php?rest_route=\/wp\/v2\/types\/page"}],"author":[{"embeddable":true,"href":"https:\/\/www.uskvbl.sk\/index.php?rest_route=\/wp\/v2\/users\/1"}],"replies":[{"embeddable":true,"href":"https:\/\/www.uskvbl.sk\/index.php?rest_route=%2Fwp%2Fv2%2Fcomments&post=9391"}],"version-history":[{"count":4,"href":"https:\/\/www.uskvbl.sk\/index.php?rest_route=\/wp\/v2\/pages\/9391\/revisions"}],"predecessor-version":[{"id":9395,"href":"https:\/\/www.uskvbl.sk\/index.php?rest_route=\/wp\/v2\/pages\/9391\/revisions\/9395"}],"wp:attachment":[{"href":"https:\/\/www.uskvbl.sk\/index.php?rest_route=%2Fwp%2Fv2%2Fmedia&parent=9391"}],"curies":[{"name":"wp","href":"https:\/\/api.w.org\/{rel}","templated":true}]}}