{"id":8981,"date":"2025-06-05T11:16:15","date_gmt":"2025-06-05T09:16:15","guid":{"rendered":"https:\/\/www.uskvbl.sk\/?page_id=8981"},"modified":"2025-11-14T11:51:03","modified_gmt":"2025-11-14T10:51:03","slug":"oznamovanie-protispolocenskej-cinnosti-a-protikorupcny-program","status":"publish","type":"page","link":"https:\/\/www.uskvbl.sk\/?page_id=8981","title":{"rendered":"OZNAMOVANIE PROTISPOLO\u010cENSKEJ \u010cINNOSTI A PROTIKORUP\u010cN\u00dd PROGRAM"},"content":{"rendered":"\n<h3 class=\"wp-block-heading\"><strong>Oznamovanie protispolo\u010denskej \u010dinnosti&nbsp;<\/strong><\/h3>\n\n\n\n<p>Inform\u00e1cia pod\u013ea \u010dl. 3 ods. 2 p\u00edsm. c) Smernice MPRV SR \u010d. 6899\/2022-290 o&nbsp;vn\u00fatornom syst\u00e9me preverovania ozn\u00e1men\u00ed o protispolo\u010denskej \u010dinnosti v&nbsp;znen\u00ed platn\u00fdch dodatkov: Na prijatie a&nbsp;preverenie ozn\u00e1menia protispolo\u010denskej \u010dinnosti a&nbsp;na \u010fal\u0161ie \u00falohy zodpovednej osoby (MPRV SR) pod\u013ea z\u00e1kona \u010d. 54\/2019 Z. z. o ochrane oznamovate\u013eov protispolo\u010denskej \u010dinnosti a o zmene a doplnen\u00ed niektor\u00fdch z\u00e1konov v&nbsp;znen\u00ed neskor\u0161\u00edch predpisov s\u00fa ur\u010den\u00fdmi zamestnancami:<\/p>\n\n\n\n<ul class=\"wp-block-list\">\n<li><strong>Ing. Miroslav Kraj\u010d\u00edr<\/strong>, odbor finan\u010dnej kontroly na mieste a obchodn\u00e9ho dozoru, sekcia kontroly a&nbsp;obchodn\u00e9ho dozoru, tel.: +421 259 266&nbsp;466, kancel\u00e1ria \u010d.&nbsp;515\/C, <a href=\"mailto:protispolocenska.cinnost@land.gov.sk\">protispolocenska.cinnost@land.gov.sk<\/a><\/li>\n\n\n\n<li><strong>Ing. Janette G\u00e1lisov\u00e1<\/strong>, riadite\u013eka odboru finan\u010dnej kontroly na mieste a obchodn\u00e9ho dozoru, sekcia kontroly a obchodn\u00e9ho dozoru, tel.: +421 259 266 468, kancel\u00e1ria \u010d. 319\/C, <a href=\"mailto:protispolocenska.cinnost@land.gov.sk\">protispolocenska.cinnost@land.gov.sk<\/a><\/li>\n<\/ul>\n\n\n\n<h3 class=\"wp-block-heading\"><strong>Sp\u00f4soby pod\u00e1vania ozn\u00e1men\u00ed:<\/strong><strong><\/strong><\/h3>\n\n\n\n<p>Zamestnanci \u00da\u0160KVBL, fyzick\u00e9 osoby, ktor\u00fdch pracovnopr\u00e1vny vz\u0165ah alebo in\u00fd obdobn\u00fd vz\u0165ah sa skon\u010dil, ak sa dozvedeli inform\u00e1cie o protispolo\u010denskej \u010dinnosti po\u010das trvania tohto pracovnopr\u00e1vneho vz\u0165ahu alebo in\u00e9ho obdobn\u00e9ho vz\u0165ahu a fyzick\u00e9 osoby, ktor\u00fdch&nbsp;pracovnopr\u00e1vny vz\u0165ah alebo in\u00fd obdobn\u00fd vz\u0165ah e\u0161te nevznikol, ak sa dozvedeli inform\u00e1cie o&nbsp;protispolo\u010denskej \u010dinnosti po\u010das v\u00fdberov\u00e9ho konania alebo v r\u00e1mci predzmluvn\u00fdch vz\u0165ahov m\u00f4\u017eu poda\u0165 ozn\u00e1menie protispolo\u010denskej \u010dinnosti zodpovednej osobe t\u00fdmito sp\u00f4sobmi:<\/p>\n\n\n\n<ul class=\"wp-block-list\">\n<li>elektronicky na e-mailov\u00fa adresu:&nbsp;<a href=\"mailto:protispolocenska.cinnost@land.gov.sk\"><strong>protispolocenska.cinnost@land.gov.sk<\/strong><\/a>, ktor\u00e1 je&nbsp;dostupn\u00e1 24&nbsp;hod\u00edn denne a&nbsp;pr\u00edstupn\u00e1 len zamestnancom zodpovednej osoby,<\/li>\n\n\n\n<li>p\u00edsomne na adresu: Ministerstvo p\u00f4dohospod\u00e1rstva a rozvoja vidieka Slovenskej republiky, sekcia kontroly a obchodn\u00e9ho dozoru, odbor finan\u010dnej kontroly na mieste a obchodn\u00e9ho dozoru, Dobrovi\u010dova 12, 812 66 Bratislava s ozna\u010den\u00edm na ob\u00e1lke \u201eOZN\u00c1MENIE PROTISPOLO\u010cENSKEJ \u010cINNOSTI \u2013 NEOTV\u00c1RA\u0164\u201c,<\/li>\n\n\n\n<li>\u00fastne do z\u00e1pisnice ur\u010den\u00e9mu zamestnancovi zodpovednej osoby na adrese s\u00eddla Ministerstva p\u00f4dohospod\u00e1rstva a rozvoja vidieka Slovenskej republiky, kancel\u00e1ria \u010d.&nbsp;515\/C a 509\/C, v pracovn\u00fdch d\u0148och od 8:30 hod. \u2013 14:30 hod.<\/li>\n<\/ul>\n\n\n\n<p>Bli\u017e\u0161ie inform\u00e1cie:<\/p>\n\n\n\n<p><a href=\"https:\/\/www.mpsr.sk\/oznamovanie-protispolocenskej-cinnosti\/464\">https:\/\/www.mpsr.sk\/oznamovanie-protispolocenskej-cinnosti\/464<\/a><\/p>\n\n\n\n<div style=\"height:34px\" aria-hidden=\"true\" class=\"wp-block-spacer\"><\/div>\n\n\n\n<h3 class=\"wp-block-heading\"><strong>Protikorup\u010dn\u00fd program a&nbsp;nahlasovanie korupcie<\/strong><\/h3>\n\n\n\n<p>Protikorup\u010dn\u00fd program MPRV SR, organiz\u00e1ci\u00ed v jeho zakladate\u013eskej a zria\u010fovate\u013eskej p\u00f4sobnosti a preddavkovej organiz\u00e1cie v p\u00f4sobnosti ministerstva bol vypracovan\u00fd v&nbsp;s\u00falade s uznesen\u00edm vl\u00e1dy Slovenskej republiky \u010d. 585\/2018 z&nbsp;12.&nbsp;decembra&nbsp;2018, ktor\u00fdm bola schv\u00e1len\u00e1 Protikorup\u010dn\u00e1 politika&nbsp;SR na roky 2019 \u2013 2023.<\/p>\n\n\n\n<p>Korupciou zamestnancov sa rozumie zneu\u017eitie moci alebo postavenia vo vlastn\u00fd prospech zamestnanca alebo v prospech in\u00fdch os\u00f4b.<\/p>\n\n\n\n<p>Podozrenia zo sp\u00e1chania trestn\u00e9ho \u010dinu korupcie, t.&nbsp;j. prij\u00edmanie \u00faplatku, podpl\u00e1canie, nepriama korupcia a&nbsp;podobne v zmysle z\u00e1kona \u010d.&nbsp;300\/2005 Z.&nbsp;z.&nbsp;Trestn\u00fd z\u00e1kon v&nbsp;znen\u00ed neskor\u0161\u00edch predpisov sa rie\u0161ia pod\u013ea pravidiel ustanoven\u00fdch v z\u00e1kone \u010d.&nbsp;301\/2005 Z. z. Trestn\u00fd poriadok v&nbsp;znen\u00ed neskor\u0161\u00edch predpisov.<\/p>\n\n\n\n<h3 class=\"wp-block-heading\"><strong>Oznamovanie podozren\u00ed na korupciu:<\/strong><\/h3>\n\n\n\n<p>Podozrenie z trestn\u00e9ho \u010dinu korupcie oznamuje verejnos\u0165 org\u00e1nu \u010dinn\u00e9mu v&nbsp;trestnom konan\u00ed zaslan\u00edm podania alebo telefonick\u00fdm ozn\u00e1men\u00edm na&nbsp;<strong>\u00farad boja proti organizovanej kriminalite, Prez\u00eddium Policajn\u00e9ho zboru, Ministerstvo vn\u00fatra Slovenskej republiky alebo na Gener\u00e1lnu prokurat\u00faru Slovenskej republiky.<\/strong><\/p>\n\n\n\n<p>Bli\u017e\u0161ie inform\u00e1cie:<\/p>\n\n\n\n<p><a href=\"https:\/\/www.mpsr.sk\/protikorupcna-politika-a-nahlasovanie-korupcie\/407\">https:\/\/www.mpsr.sk\/protikorupcna-politika-a-nahlasovanie-korupcie\/407<\/a><\/p>\n","protected":false},"excerpt":{"rendered":"<p>Oznamovanie protispolo\u010denskej \u010dinnosti&nbsp; Inform\u00e1cia pod\u013ea \u010dl. 3 ods. 2 p\u00edsm. c) Smernice MPRV SR \u010d. 6899\/2022-290 o&nbsp;vn\u00fatornom syst\u00e9me preverovania ozn\u00e1men\u00ed o protispolo\u010denskej \u010dinnosti v&nbsp;znen\u00ed platn\u00fdch dodatkov: Na prijatie a&nbsp;preverenie ozn\u00e1menia protispolo\u010denskej \u010dinnosti a&nbsp;na \u010fal\u0161ie \u00falohy zodpovednej osoby (MPRV SR) pod\u013ea &hellip; <a href=\"https:\/\/www.uskvbl.sk\/?page_id=8981\">Pokra\u010dova\u0165 v \u010d\u00edtan\u00ed <span class=\"meta-nav\">&rarr;<\/span><\/a><\/p>\n","protected":false},"author":1,"featured_media":0,"parent":0,"menu_order":0,"comment_status":"closed","ping_status":"closed","template":"","meta":{"footnotes":""},"class_list":["post-8981","page","type-page","status-publish","hentry"],"_links":{"self":[{"href":"https:\/\/www.uskvbl.sk\/index.php?rest_route=\/wp\/v2\/pages\/8981","targetHints":{"allow":["GET"]}}],"collection":[{"href":"https:\/\/www.uskvbl.sk\/index.php?rest_route=\/wp\/v2\/pages"}],"about":[{"href":"https:\/\/www.uskvbl.sk\/index.php?rest_route=\/wp\/v2\/types\/page"}],"author":[{"embeddable":true,"href":"https:\/\/www.uskvbl.sk\/index.php?rest_route=\/wp\/v2\/users\/1"}],"replies":[{"embeddable":true,"href":"https:\/\/www.uskvbl.sk\/index.php?rest_route=%2Fwp%2Fv2%2Fcomments&post=8981"}],"version-history":[{"count":4,"href":"https:\/\/www.uskvbl.sk\/index.php?rest_route=\/wp\/v2\/pages\/8981\/revisions"}],"predecessor-version":[{"id":9331,"href":"https:\/\/www.uskvbl.sk\/index.php?rest_route=\/wp\/v2\/pages\/8981\/revisions\/9331"}],"wp:attachment":[{"href":"https:\/\/www.uskvbl.sk\/index.php?rest_route=%2Fwp%2Fv2%2Fmedia&parent=8981"}],"curies":[{"name":"wp","href":"https:\/\/api.w.org\/{rel}","templated":true}]}}