{"id":70,"date":"2020-01-20T14:42:31","date_gmt":"2020-01-20T13:42:31","guid":{"rendered":"http:\/\/www2.uskvbl.sk\/?page_id=70"},"modified":"2026-02-24T14:23:58","modified_gmt":"2026-02-24T13:23:58","slug":"omamne-a-psychotropne-latky","status":"publish","type":"page","link":"https:\/\/www.uskvbl.sk\/?page_id=70","title":{"rendered":"OMAMN\u00c9,  PSYCHOTROPNE L\u00c1TKY A PR\u00cdPRAVKY"},"content":{"rendered":"\n<h3 class=\"wp-block-heading\"><mark style=\"background-color:rgba(0, 0, 0, 0)\" class=\"has-inline-color has-blue-color\"><strong>S\u00favisiaca legislat\u00edva:<\/strong>  <\/mark>                                                                                                                                                                                                                                                                       <\/h3>\n\n\n\n<ul class=\"wp-block-list\">\n<li>Z\u00e1kon \u010d. 362\/2011 Z. z. o&nbsp;liekoch a&nbsp;zdravotn\u00edckych pom\u00f4ckach a&nbsp;o&nbsp;zmene a&nbsp;doplnen\u00ed niektor\u00fdch z\u00e1konov,<\/li>\n\n\n\n<li>Z\u00e1kon \u010d. 139\/1998 Z. z. o&nbsp;omamn\u00fdch l\u00e1tkach, psychotropn\u00fdch l\u00e1tkach a&nbsp;pr\u00edpravkoch,<\/li>\n\n\n\n<li>Vyhl\u00e1\u0161ka 158\/2010 Z. z. Ministerstva zdravotn\u00edctva Slovenskej republiky o&nbsp;n\u00e1le\u017eitostiach knihy omamn\u00fdch l\u00e1tok a o evidenci\u00ed dokladov preukazuj\u00facich pr\u00edjem&nbsp; a&nbsp;v\u00fddaj omamn\u00fdch&nbsp; l\u00e1tok a&nbsp;psychotropn\u00fdch l\u00e1tok,<\/li>\n\n\n\n<li>Vyhl\u00e1\u0161ka \u010d. 129\/2012 Z. z. Ministerstva zdravotn\u00edctva Slovenskej republiky o&nbsp;po\u017eiadavk\u00e1ch&nbsp;&nbsp; na spr\u00e1vnu&nbsp; lek\u00e1rensk\u00fa prax.<\/li>\n<\/ul>\n\n\n\n<p>Pod\u013ea \u00a7 2 z\u00e1kona o&nbsp;OPL&nbsp; sa  rozumie:<\/p>\n\n\n\n<p><strong>Omamn\u00e9 l\u00e1tky<\/strong> s\u00fa l\u00e1tky vyvol\u00e1vaj\u00face n\u00e1vyk a&nbsp;psychick\u00fa a&nbsp;fyzick\u00fa z\u00e1vislos\u0165 \u013eud\u00ed charakterizovan\u00fa zmenami spr\u00e1vania sa so z\u00e1va\u017en\u00fdmi zdravotn\u00fdmi a&nbsp;psychosoci\u00e1lnymi n\u00e1sledkami.<br><\/p>\n\n\n\n<p><strong>Psychotropne l\u00e1tky<\/strong> s\u00fa l\u00e1tky ovplyv\u0148uj\u00face stav \u013eudskej psychiky p\u00f4soben\u00edm na centr\u00e1lny nervov\u00fd syst\u00e9m s&nbsp;menej z\u00e1va\u017en\u00fdmi zdravotn\u00fdmi a&nbsp;psychosoci\u00e1lnymi n\u00e1sledkami.<br><\/p>\n\n\n\n<p><strong>Pr\u00edpravky<\/strong> s\u00fa zmesi l\u00e1tok alebo roztoky l\u00e1tok obsahuj\u00face jednu alebo viac:<\/p>\n\n\n\n<ul class=\"wp-block-list\">\n<li>omamn\u00fdch l\u00e1tok alebo psychotropn\u00fdch l\u00e1tok, a&nbsp;to bez oh\u013eadu na ich fyzik\u00e1lny stav, okrem pr\u00edrodne sa vyskytuj\u00facich zmes\u00ed l\u00e1tok roztokov alebo,&nbsp;<\/li>\n\n\n\n<li>potencion\u00e1lne rizikov\u00fdch l\u00e1tok, ktor\u00fdch chemick\u00e1 \u0161trukt\u00fara a&nbsp;predpokladan\u00e9 \u00fa\u010dinky s\u00fa podobn\u00e9 ako pri omamn\u00fdch alebo psychotropn\u00fdch l\u00e1tkach.<\/li>\n<\/ul>\n\n\n\n<p>Zaobch\u00e1dzanie s&nbsp;omamn\u00fdmi a&nbsp;psychotropn\u00fdmi l\u00e1tkami pod\u013ea \u00a7 4 z\u00e1kona \u010d. 139\/1998 Z. z o&nbsp;OPL sa pod t\u00fdmto pojmom rozumie:                                                                                                             <\/p>\n\n\n\n<p> pestovanie, spracovanie, v\u00fdrova, dovoz, v\u00fdvoz, tranzit, ve\u013ekodistrib\u00facia, v\u00fddaj , v\u00fdskumn\u00e1, v\u00fdu\u010dbov\u00e1 a&nbsp;expert\u00edzna \u010dinnos\u0165, ktor\u00e1 sa vykon\u00e1va ma \u00fa\u010dely zdravotnej starostlivosti alebo na \u00fa\u010dely veterin\u00e1rnej starostlivosti. <\/p>\n\n\n\n<div class=\"wp-block-file\"><a id=\"wp-block-file--media-1c68607f-f26d-4875-9416-59cfd4bdea45\" href=\"https:\/\/www.uskvbl.sk\/wp-content\/uploads\/4e_f03_ziadost_o_vykonanie_vstupnej_inspekcie_opl.docx\">\u017diados\u0165 o vykonanie vstupnej in\u0161pekcie k vydaniu Posudku k OPL<\/a><\/div>\n\n\n\n<p><\/p>\n","protected":false},"excerpt":{"rendered":"<p>S\u00favisiaca legislat\u00edva: Pod\u013ea \u00a7 2 z\u00e1kona o&nbsp;OPL&nbsp; sa rozumie: Omamn\u00e9 l\u00e1tky s\u00fa l\u00e1tky vyvol\u00e1vaj\u00face n\u00e1vyk a&nbsp;psychick\u00fa a&nbsp;fyzick\u00fa z\u00e1vislos\u0165 \u013eud\u00ed charakterizovan\u00fa zmenami spr\u00e1vania sa so z\u00e1va\u017en\u00fdmi zdravotn\u00fdmi a&nbsp;psychosoci\u00e1lnymi n\u00e1sledkami. Psychotropne l\u00e1tky s\u00fa l\u00e1tky ovplyv\u0148uj\u00face stav \u013eudskej psychiky p\u00f4soben\u00edm na centr\u00e1lny nervov\u00fd &hellip; <a href=\"https:\/\/www.uskvbl.sk\/?page_id=70\">Pokra\u010dova\u0165 v \u010d\u00edtan\u00ed <span class=\"meta-nav\">&rarr;<\/span><\/a><\/p>\n","protected":false},"author":1,"featured_media":0,"parent":0,"menu_order":0,"comment_status":"closed","ping_status":"closed","template":"","meta":{"footnotes":""},"class_list":["post-70","page","type-page","status-publish","hentry"],"_links":{"self":[{"href":"https:\/\/www.uskvbl.sk\/index.php?rest_route=\/wp\/v2\/pages\/70","targetHints":{"allow":["GET"]}}],"collection":[{"href":"https:\/\/www.uskvbl.sk\/index.php?rest_route=\/wp\/v2\/pages"}],"about":[{"href":"https:\/\/www.uskvbl.sk\/index.php?rest_route=\/wp\/v2\/types\/page"}],"author":[{"embeddable":true,"href":"https:\/\/www.uskvbl.sk\/index.php?rest_route=\/wp\/v2\/users\/1"}],"replies":[{"embeddable":true,"href":"https:\/\/www.uskvbl.sk\/index.php?rest_route=%2Fwp%2Fv2%2Fcomments&post=70"}],"version-history":[{"count":18,"href":"https:\/\/www.uskvbl.sk\/index.php?rest_route=\/wp\/v2\/pages\/70\/revisions"}],"predecessor-version":[{"id":9485,"href":"https:\/\/www.uskvbl.sk\/index.php?rest_route=\/wp\/v2\/pages\/70\/revisions\/9485"}],"wp:attachment":[{"href":"https:\/\/www.uskvbl.sk\/index.php?rest_route=%2Fwp%2Fv2%2Fmedia&parent=70"}],"curies":[{"name":"wp","href":"https:\/\/api.w.org\/{rel}","templated":true}]}}