{"id":68,"date":"2020-01-20T14:42:30","date_gmt":"2020-01-20T13:42:30","guid":{"rendered":"http:\/\/www2.uskvbl.sk\/?page_id=68"},"modified":"2026-02-27T11:56:56","modified_gmt":"2026-02-27T10:56:56","slug":"vyroba-medikovanych-krmiv-mk","status":"publish","type":"page","link":"https:\/\/www.uskvbl.sk\/?page_id=68","title":{"rendered":"V\u00ddROBA MEDIKOVAN\u00ddCH KRM\u00cdV (MK)"},"content":{"rendered":"\n<h3 class=\"wp-block-heading\"><strong>Z\u00e1kladn\u00e9 pojmy<\/strong><\/h3>\n\n\n\n<p>Medikovan\u00e9 krmiv\u00e1 s\u00fa jednou z ciest peror\u00e1lneho pod\u00e1vania veterin\u00e1rnych liekov. Registr\u00e1cia na pou\u017e\u00edvanie v krmiv\u00e1ch, v\u00fdroba, distrib\u00facia, propag\u00e1cia a doh\u013ead nad veterin\u00e1rnymi liekmi s\u00fa riaden\u00e9 nariaden\u00edm E\u00da 2019\/4 (bod 6 preambuly nariadenia E\u00da 2019\/4).<\/p>\n\n\n\n<p>\u201eMedikovan\u00e9 krmivo\u201c je krmivo, ktor\u00e9 je pripraven\u00e9 na priame k\u0155menie zvierat bez \u010fal\u0161ieho spracovania, pozost\u00e1vaj\u00face z homog\u00e9nnej zmesi jedn\u00e9ho alebo viacer\u00fdch veterin\u00e1rnych liekov (premixov) alebo medziproduktov s k\u0155mnymi surovinami alebo k\u0155mnymi zmesami (\u010dl\u00e1nok 3 ods. 2 p\u00edsm. a) nariadenia E\u00da 2019\/4)<\/p>\n\n\n\n<p>Medikovan\u00e9 krmiv\u00e1 a medziprodukty sa m\u00f4\u017eu vyr\u00e1ba\u0165 len z veterin\u00e1rnych liekov (premixov) vr\u00e1tane veterin\u00e1rnych liekov ur\u010den\u00fdch na pou\u017eitie v s\u00falade s \u010dl\u00e1nkom 112, \u010dl\u00e1nkom 113 alebo \u010dl\u00e1nkom 114 nariadenia E\u00da 2019\/6, ktor\u00e9 boli registrovan\u00e9 na \u00fa\u010del v\u00fdroby medikovan\u00e9ho krmiva v s\u00falade s podmienkami stanoven\u00fdmi v uvedenom nariaden\u00ed (\u010dl\u00e1nok 5 bod 1 nariadenia E\u00da 2019\/4).<\/p>\n\n\n\n<h3 class=\"wp-block-heading\"><strong>S\u00favisiaca legislat\u00edva<\/strong><\/h3>\n\n\n\n<p><a href=\"https:\/\/eur-lex.europa.eu\/legal-content\/SK\/TXT\/?uri=CELEX:32019R0004\" target=\"_blank\" rel=\"noreferrer noopener\">Nariadenie Eur\u00f3pskeho parlamentu a Rady (E\u00da) 2019\/4 o v\u00fdrobe, uv\u00e1dzan\u00ed na trh a pou\u017e\u00edvan\u00ed medikovan\u00fdch krm\u00edv a o zmene nariadenia Eur\u00f3pskeho parlamentu a Rady (ES) \u010d. 183\/2005 a zru\u0161en\u00ed smernice Rady 90\/167\/EHS &nbsp;<\/a><\/p>\n\n\n\n<p><a href=\"https:\/\/www.zakonypreludi.sk\/zz\/2011-362\" target=\"_blank\" rel=\"noreferrer noopener\">Z\u00e1kon \u010d. 362\/2011 Z. z. o&nbsp;liekoch a&nbsp;zdravotn\u00edckych pom\u00f4ckach a&nbsp;o&nbsp;zmene a&nbsp;doplnen\u00ed niektor\u00fdch z\u00e1konov v&nbsp;znen\u00ed neskor\u0161\u00edch predpisov (\u010falej len \u201cz\u00e1kon o&nbsp;liekoch\u201c)<\/a><\/p>\n\n\n\n<p><a href=\"https:\/\/www.zakonypreludi.sk\/zz\/2007-39\" target=\"_blank\" rel=\"noreferrer noopener\">Z\u00e1kon \u010d. 39\/2007 Z. z. o&nbsp;veterin\u00e1rnej starostlivosti<\/a><\/p>\n\n\n\n<p><a href=\"https:\/\/www.zakonypreludi.sk\/zz\/2004-41\" target=\"_blank\" rel=\"noreferrer noopener\">Nariadenie vl\u00e1dy \u010d. 41\/2004 Z. z., ktor\u00fdm sa ustanovuj\u00fa po\u017eiadavky na pr\u00edpravu, uv\u00e1dzanie na trh a pou\u017e\u00edvanie medikovan\u00fdch krm\u00edv (obsolentn\u00fd)<\/a><\/p>\n\n\n\n<p><em>S\u00favisiace predpisy<\/em><\/p>\n\n\n\n<p><a href=\"https:\/\/eur-lex.europa.eu\/legal-content\/SK\/TXT\/PDF\/?uri=CELEX:02005R0183-20160423&amp;from=EN\" target=\"_blank\" rel=\"noreferrer noopener\">Nariadenie Eur\u00f3pskeho parlamentu a Rady (ES) \u010d. 183\/2005, ktor\u00fdm sa stanovuj\u00fa po\u017eiadavky na hygienu krm\u00edv<\/a><\/p>\n\n\n\n<p><a href=\"https:\/\/www.zakonypreludi.sk\/zz\/2005-271\" target=\"_blank\" rel=\"noreferrer noopener\">Z\u00e1kon \u010d. 271\/2005 Z. z. o v\u00fdrobe, uv\u00e1dzan\u00ed na trh a pou\u017e\u00edvan\u00ed krm\u00edv (krmiv\u00e1rsky z\u00e1kon)<\/a><\/p>\n\n\n\n<h3 class=\"wp-block-heading\"><strong>P\u00f4sobnos\u0165 U\u0160KVBL v&nbsp;oblasti medikovan\u00fdch krm\u00edv<\/strong><\/h3>\n\n\n\n<p>\u00dastav \u0161t\u00e1tnej kontroly veterin\u00e1rnych bioprepar\u00e1tov a lie\u010div pod\u013ea \u00a7 9 ods. 2 z\u00e1kona 39\/2007 Z. z.&nbsp;<\/p>\n\n\n\n<ul class=\"wp-block-list\">\n<li>p\u00edsmeno a) schva\u013euje prev\u00e1dzkare\u0148 na pr\u00edpravu a uv\u00e1dzanie medikovan\u00fdch krm\u00edv na trh (prev\u00e1dzkare\u0148 na v\u00fdrobu MK),&nbsp;&nbsp;&nbsp;&nbsp;&nbsp;&nbsp;&nbsp;&nbsp;&nbsp;&nbsp;&nbsp;<\/li>\n\n\n\n<li>p\u00edsmeno b) uklad\u00e1 opatrenia na odstr\u00e1nenie nedostatkov pri pr\u00edprave medikovan\u00fdch krm\u00edv,&nbsp;&nbsp;&nbsp;&nbsp;&nbsp;&nbsp;&nbsp;&nbsp;&nbsp;<\/li>\n\n\n\n<li>p\u00edsmeno c) uklad\u00e1 pokuty za poru\u0161enie povinnost\u00ed pri pr\u00edprave medikovan\u00fdch krm\u00edv.<\/li>\n<\/ul>\n\n\n\n<h3 class=\"wp-block-heading\"><strong>Schva\u013eovanie prev\u00e1dzkarn\u00ed na v\u00fdrobu a&nbsp;uv\u00e1dzanie MK na trh<\/strong><\/h3>\n\n\n\n<p>(\u00a7 39d z\u00e1kona 39\/2007 Z. z. a Nariadenie Eur\u00f3pskeho parlamentu a Rady (E\u00da) 2019\/4) &nbsp;<\/p>\n\n\n\n<p>Vyr\u00e1ba\u0165 a&nbsp;uv\u00e1dza\u0165 na trh medikovan\u00e9 krmiv\u00e1 m\u00f4\u017ee len krmiv\u00e1rsky podnik, ktor\u00e9mu \u00da\u0160KVBL vydal povolenie na t\u00fato \u010dinnos\u0165.<\/p>\n\n\n\n<p>\u00da\u0160KVBL schv\u00e1li prev\u00e1dzkare\u0148 na pr\u00edpravu (v\u00fdrobu) a&nbsp;uv\u00e1dzanie medikovan\u00fdch krm\u00edv na trh (vr\u00e1tane mobilnej v\u00fdrobne krmiva) na z\u00e1klade \u017eiadosti fyzickej alebo pr\u00e1vnickej osoby, ak sp\u013a\u0148a priestorov\u00e9, technick\u00e9, materi\u00e1lne, person\u00e1lne a in\u00e9 podmienky na po\u017eadovan\u00fd druh a rozsah \u010dinnost\u00ed.<\/p>\n\n\n\n<p>Prev\u00e1dzkovatelia krmiv\u00e1rskych podnikov, ktor\u00ed zam\u00fd\u0161\u013eaj\u00fa vyr\u00e1ba\u0165 (skladova\u0165 , prepravova\u0165) a uv\u00e1dza\u0165 na trh medikovan\u00e9 krmiv\u00e1 a medziprodukty musia sp\u013a\u0148a\u0165 po\u017eiadavky uveden\u00e9 v&nbsp;pr\u00edlohe I Nariadenie Eur\u00f3pskeho parlamentu a Rady (E\u00da) 2019\/4.<\/p>\n\n\n\n<div class=\"wp-block-file\"><a id=\"wp-block-file--media-1e99ef2c-3fbb-4e47-b401-0ec20c889c9e\" href=\"https:\/\/www.uskvbl.sk\/wp-content\/uploads\/f56_ziadost_o_povolenie_pripravy_mk.docx\">\u017diados\u0165 o povolenie pr\u00edpravy medikovan\u00fdch krm\u00edv<\/a><\/div>\n\n\n\n<div class=\"wp-block-file\"><a id=\"wp-block-file--media-60114445-fa32-4aad-a27d-13e8a9e52676\" href=\"https:\/\/www.uskvbl.sk\/wp-content\/uploads\/f57_ziadost_o_zmenu_v_povoleni_na_pripravu_mk.docx\">\u017diados\u0165 o zmenu v povolen\u00ed pr\u00edpravy medikovan\u00fdch krm\u00edv<\/a><\/div>\n\n\n\n<div class=\"wp-block-file\"><a id=\"wp-block-file--media-b79ac27f-e654-4e84-870b-42f0180a6a6a\" href=\"https:\/\/www.uskvbl.sk\/wp-content\/uploads\/F99d_ziadost_o_pozastavenie_vyroby_MK.docx\">\u017diados\u0165 o\u00a0pozastavenie \u010dinnosti\u00a0 v\u00fdroby medikovan\u00fdch krm\u00edv<\/a><\/div>\n\n\n\n<div class=\"wp-block-file\"><a id=\"wp-block-file--media-9ef4e491-adc0-47ab-9af9-08879ca2f5cd\" href=\"https:\/\/www.uskvbl.sk\/wp-content\/uploads\/F100d_ziadost_o_zrusenie_vyroby_mk.docx\">\u017diados\u0165 o\u00a0zru\u0161enie povolenia na v\u00fdrobu medikovan\u00fdch krm\u00edv<\/a><\/div>\n\n\n\n<p><\/p>\n\n\n\n<p>Vyplnen\u00fa \u017eiados\u0165 je potrebn\u00e9 posla\u0165 na \u00da\u0160KVBL po\u0161tou na adresu: \u00dastav \u0161t\u00e1tnej kontroly veterin\u00e1rnych bioprepar\u00e1tov a lie\u010div Nitra, Biovetsk\u00e1 34, 949 01 Nitra, Slovensk\u00e1 republika alebo elektronicky prostredn\u00edctvom Port\u00e1lu verejnej spr\u00e1vy \u201eSlovensko.sk\u201c<\/p>\n\n\n\n<h4 class=\"wp-block-heading\"><strong>UPOZORNENIE PRE PREV\u00c1DZKY SCHV\u00c1LEN\u00c9 POD\u013dA ZRU\u0160ENEJ SMERNICE 90\/167\/EHS <\/strong><\/h4>\n\n\n\n<p>Prev\u00e1dzky patriace do rozsahu p\u00f4sobnosti nariadenia E\u00da 2019\/4, ktor\u00e9 u\u017e boli schv\u00e1len\u00e9 pod\u013ea smernice 90\/167\/EHS, alebo ktor\u00e9 s\u00fa inak opr\u00e1vnen\u00e9 pr\u00edslu\u0161n\u00fdm org\u00e1nom na \u010dinnosti patriace do rozsahu p\u00f4sobnosti tohto nariadenia, m\u00f4\u017eu pokra\u010dova\u0165 vo svojej \u010dinnosti pod podmienkou, \u017ee predlo\u017eili do 28. j\u00fala 2022 vyhl\u00e1senie pr\u00edslu\u0161n\u00e9mu org\u00e1nu, v ktor\u00e9ho mieste sa nach\u00e1dzaj\u00fa ich zariadenia, vo forme, o ktorej rozhodol uveden\u00fd pr\u00edslu\u0161n\u00fd org\u00e1n, \u017ee sp\u013a\u0148aj\u00fa po\u017eiadavky na schv\u00e1lenie uveden\u00e9 v \u010dl\u00e1nku 13 ods. 3 tohto nariadenia (\u010dl\u00e1nok 15 bod 1 nariadenia E\u00da 2019\/4). Ak sa vyhl\u00e1senie nepredlo\u017eilo v uvedenej lehote, pr\u00edslu\u0161n\u00fd org\u00e1n pozastavil existuj\u00face schv\u00e1lenie v s\u00falade s postupom uveden\u00fdm v \u010dl\u00e1nku 14 nariadenia (ES) \u010d. 183\/2005 (\u010dl\u00e1nok 15 bod 2 nariadenia E\u00da 2019\/4).<\/p>\n\n\n\n<h3 class=\"wp-block-heading\"><strong>Pr\u00edprava (v\u00fdroba), predpisovanie a&nbsp;pou\u017e\u00edvanie medikovan\u00fdch krm\u00edv<\/strong><\/h3>\n\n\n\n<p>Medikovan\u00e9 krmiv\u00e1 a medziprodukty sa m\u00f4\u017eu vyr\u00e1ba\u0165 len z veterin\u00e1rnych liekov vr\u00e1tane veterin\u00e1rnych liekov ur\u010den\u00fdch na pou\u017eitie v s\u00falade s \u010dl\u00e1nkom 112, \u010dl\u00e1nkom 113 alebo \u010dl\u00e1nkom 114 nariadenia (E\u00da) 2019\/6, ktor\u00e9 boli registrovan\u00e9 na \u00fa\u010del v\u00fdroby medikovan\u00e9ho krmiva v s\u00falade s podmienkami stanoven\u00fdmi v uvedenom nariaden\u00ed (\u010dl. 5 nariadenia (E\u00da) 2019\/4)<\/p>\n\n\n\n<p>\u00da\u0160KVBL preto d\u00f4razne odpor\u00fa\u010da veterin\u00e1rnym lek\u00e1rom predpisuj\u00facim medikovan\u00e9 krmivo a v\u00fdrobcom medikovan\u00fdch krm\u00edv aby v\u017edy pred zam\u00fd\u0161\u013eanou v\u00fdrobou tak\u00e9hoto krmiva na webovej str\u00e1nke \u00da\u0160KVBL skontrolovali, \u010di liek ktor\u00fd chc\u00fa pou\u017ei\u0165 na pr\u00edpravu je uveden\u00fd v&nbsp;<strong>zozname registrovan\u00fdch veterin\u00e1rnych liekov <\/strong>a&nbsp;z\u00e1rove\u0148 \u010di na pou\u017e\u00edvanie dan\u00e9ho veterin\u00e1rneho lieku nie s\u00fa uplat\u0148ovan\u00e9 obmedzenia (pozastavenie registr\u00e1cie, stiahnutie z&nbsp;trhu a&nbsp;pod.) uveden\u00e9 v&nbsp;\u010dasti <strong>d\u00f4le\u017eit\u00e9 oznamy.<\/strong><\/p>\n\n\n\n<h3 class=\"wp-block-heading\"><strong>UPOZORNENIE:<\/strong><\/h3>\n\n\n\n<p>V&nbsp;pr\u00edpade nutnosti pou\u017eitia veterin\u00e1rneho lieku pod\u013ea \u010dl. 112 ods. 1 p\u00edsm. a) a&nbsp;ods. 2&nbsp; \u010dl. 113 ods. 1 p\u00edsm. a) a&nbsp;ods. 2 alebo \u010dl. 114 ods. 1 p\u00edsm. a) je potrebn\u00e9 o&nbsp;povolenie pou\u017eitia resp. dovozu tak\u00e9hoto lieku pred jeho pou\u017eit\u00edm po\u017eiada\u0165 \u00da\u0160KVBL. Bli\u017e\u0161ie inform\u00e1cie n\u00e1jdete na webovej str\u00e1nke \u00da\u0160KVBL&nbsp; v&nbsp;\u010dasti \u201ekr\u00edzov\u00e9 situ\u00e1cie\u201c.<\/p>\n\n\n\n<p><strong>Z\u00e1sady <\/strong>a&nbsp;povinnosti, ktor\u00e9 sa maj\u00fa dodr\u017eiava\u0165<strong> pri predpisovan\u00ed a&nbsp;pou\u017e\u00edvan\u00ed medikovan\u00e9ho krmiva <\/strong>s\u00fa uveden\u00e9 v&nbsp;kapitole IV a \u010dl\u00e1nok 16 (predpisovanie) a&nbsp;17 (pou\u017e\u00edvanie) nariadenia (E\u00da) 2019\/4<\/p>\n\n\n\n<div class=\"wp-block-file\"><a id=\"wp-block-file--media-6450f749-48c5-4cd2-9388-07e0540fc87a\" href=\"https:\/\/www.uskvbl.sk\/wp-content\/uploads\/f117_veterinarny_predpis_na_medikovane_krmivo.pdf\" target=\"_blank\" rel=\"noreferrer noopener\">Veterin\u00e1rny predpis na medikovan\u00e9 krmivo<\/a><\/div>\n\n\n\n<p><\/p>\n\n\n\n<p><strong>Povinnosti pri v\u00fdrobe medikovan\u00e9ho krmiva a&nbsp;medziproduktu a&nbsp;ich uv\u00e1dzan\u00ed na trh<\/strong>, ktor\u00e9 maj\u00fa dodr\u017eiava\u0165 prev\u00e1dzkovatelia krmiv\u00e1rskych podnikov vyr\u00e1baj\u00facich, skladuj\u00facich, prepravuj\u00facich a&nbsp;uv\u00e1dzaj\u00facich na trh medikovan\u00e9 krmiv\u00e1 a medziprodukty s\u00fa uveden\u00e9 v&nbsp;kapitole II a&nbsp;pr\u00edlohe I nariadenia (E\u00da) 2019\/4.<\/p>\n\n\n\n<p>Pr\u00edpravu, uv\u00e1dzanie na trh a pou\u017e\u00edvanie medikovan\u00fdch krm\u00edv \u010falej definuje \u00a7 30 ods. 1 a\u017e 8 z\u00e1kona 39\/2007 Z. z. <strong><\/strong><\/p>\n\n\n\n<p>In\u00e9 opatrenia na ochranu zdravia<\/p>\n\n\n\n<p>V chove potravinov\u00fdch zvierat nie je povolen\u00e9 pou\u017e\u00edvanie premixu pre medikovan\u00e9 krmiv\u00e1, ak nie je s\u00fa\u010das\u0165ou medikovan\u00e9ho krmiva ( \u00a7 105 ods. 5 z\u00e1kona \u010d. 362\/2011 Z. z.)<\/p>\n\n\n\n<h3 class=\"wp-block-heading\"><strong>Hl\u00e1senie v\u00fdroby medikovan\u00fdch krm\u00edv<\/strong><\/h3>\n\n\n\n<p>Dr\u017eite\u013e povolenia na pr\u00edpravu a uv\u00e1dzanie medikovan\u00fdch krm\u00edv na trh je povinn\u00fd do 7 dn\u00ed po skon\u010den\u00ed \u0161tvr\u0165roka ozn\u00e1mi\u0165 \u00da\u0160KVBL inform\u00e1ciu o&nbsp;mno\u017estve a&nbsp;druhoch vyroben\u00fdch MK dodan\u00fdch na dom\u00e1ci a&nbsp;zahrani\u010dn\u00fd trh (v zmysle \u00a7 3 ods. 6 nariadenia 41\/2004 Z.z. a \u00a7 15 ods. 1 p\u00edsm. h) z\u00e1kona 326\/2011 Z.z). Tieto hl\u00e1senia je potrebn\u00e9 zasiela\u0165 elektronickou po\u0161tou na email: &nbsp;<a href=\"mailto:hlasenie.inspekcia@uskvbl.sk\">hlasenie.inspekcia@uskvbl.sk<\/a><\/p>\n\n\n\n<p>Jednotn\u00e1 tabu\u013eka na zasielanie \u0161tvr\u0165ro\u010dn\u00fdch hl\u00e1sen\u00ed na stiahnutie: <a href=\"https:\/\/www.uskvbl.sk\/wp-content\/uploads\/hlasenie_vyroby_MK.xlsx\">Hl\u00e1senie v\u00fdroby MK<\/a><\/p>\n\n\n\n<p><\/p>\n\n\n\n<h3 class=\"wp-block-heading\"><strong>P\u00f4sobnos\u0165 \u0160VPS SR\/RVPS v&nbsp;oblasti MK a&nbsp;pou\u017e\u00edvanie MK<\/strong><\/h3>\n\n\n\n<p>\u0160t\u00e1tna veterin\u00e1rna a potravinov\u00e1 spr\u00e1va SR<\/p>\n\n\n\n<ul class=\"wp-block-list\">\n<li>vedie zoznam prev\u00e1dzkarn\u00ed na pr\u00edpravu medikovan\u00fdch krm\u00edv (\u00a7 6 p\u00edsm. ax) z\u00e1kona 39\/2007 Z. z.)<\/li>\n\n\n\n<li>pridel\u00ed po pr\u00e1voplatnosti rozhodnutia o schv\u00e1len\u00ed alebo povolen\u00ed prev\u00e1dzkarne, zariadenia alebo \u010dinnost\u00ed \u00faradn\u00e9 \u010d\u00edslo pod\u013ea druhu prev\u00e1dzkarne, zariadenia alebo \u010dinnosti, ktor\u00fdm sa tieto jednozna\u010dne identifikuj\u00fa. Pridelenie \u00faradn\u00e9ho \u010d\u00edsla a zap\u00edsanie do zoznamu uveden\u00e9ho v odseku 11 \u0161t\u00e1tna veterin\u00e1rna a potravinov\u00e1 spr\u00e1va bezodkladne p\u00edsomne ozn\u00e1mi pr\u00e1vnickej osobe alebo fyzickej osobe-podnikate\u013eovi, ktorej bolo schv\u00e1lenie alebo povolenie vydan\u00e9 (\u00a7 39 ods. 10 z\u00e1kona 39\/2007 Z. z.)<\/li>\n\n\n\n<li>vedie zoznam prev\u00e1dzkarn\u00ed, zariaden\u00ed a&nbsp;\u010dinnost\u00ed v&nbsp;s\u00falade s \u00a7 39 ods. 11 z\u00e1kona 39\/2007 Z. z.<\/li>\n<\/ul>\n\n\n\n<p>Region\u00e1lne veterin\u00e1rne a potravinov\u00e9 spr\u00e1vy<\/p>\n\n\n\n<ul class=\"wp-block-list\">\n<li>kontroluj\u00fa \u010dinnos\u0165 fyzick\u00fdch os\u00f4b a pr\u00e1vnick\u00fdch os\u00f4b zodpovedn\u00fdch za v\u00fdrobu medikovan\u00fdch krm\u00edv (\u00a7 133 p\u00edsm. d) z\u00e1kona 362\/2011 Z. z.)&nbsp;<\/li>\n\n\n\n<li>vykon\u00e1vaj\u00fa kontrolu sprievodn\u00fdch certifik\u00e1tov medikovan\u00fdch krm\u00edv&nbsp;a kontrolu evidencie, skladovania a pou\u017e\u00edvania medikovan\u00fdch krm\u00edv v chovoch zvierat. (\u00a7 30 ods. 5 z\u00e1kona 39\/2007 Z. z.)<\/li>\n\n\n\n<li>vykon\u00e1vaj\u00fa prostredn\u00edctvom veterin\u00e1rnych in\u0161pektorov a in\u00fdch \u00faradn\u00fdch veterin\u00e1rnych lek\u00e1rov a \u00faradn\u00fdch veterin\u00e1rnych asistentov&nbsp;veterin\u00e1rne kontroly nad dodr\u017eiavan\u00edm veterin\u00e1rnych po\u017eiadaviek pod\u013ea \u00a7 3 z\u00e1kona 39\/2007 Z. z. (t.j. dodr\u017eiavanie po\u017eiadaviek na medikovan\u00e9 krmiv\u00e1 a veterin\u00e1rne kontroly medikovan\u00fdch krm\u00edv pri obchodoch s \u010dlensk\u00fdmi \u0161t\u00e1tmi) a po\u017eiadaviek pod\u013ea osobitn\u00fdch predpisov na v\u0161etk\u00fdch stup\u0148och chovu, sprac\u00favania a distrib\u00facie zvierat, n\u00e1sadov\u00fdch vajec, z\u00e1rodo\u010dn\u00fdch produktov, \u017eivo\u010d\u00ed\u0161nych ved\u013eaj\u0161\u00edch produktov a produktov \u017eivo\u010d\u00ed\u0161neho p\u00f4vodu okrem maloobchodn\u00fdch prev\u00e1dzkarn\u00ed pri poskytovan\u00ed stravovac\u00edch slu\u017eieb a maloobchodn\u00fdch prev\u00e1dzkarn\u00ed uveden\u00fdch v \u00a7 41 ods. 5 p\u00edsm. t) a u) a odseku 6 p\u00edsm. d) z\u00e1kona 39\/2007 Z. z., ktor\u00e9 nevykon\u00e1vaj\u00fa v\u00fdrobn\u00e9 \u010dinnosti a v ktor\u00fdch sa vykon\u00e1va \u00faradn\u00e1 kontrola potrav\u00edn pod\u013ea osobitn\u00e9ho predpisu,&nbsp;medikovan\u00fdch krm\u00edv a ostatn\u00fdch produktov pod\u013ea tohto z\u00e1kona (\u00a7 8 ods. 3 p\u00edsm. a) bod 1 z\u00e1kona 39\/2007 Z. z.)&nbsp;<\/li>\n<\/ul>\n","protected":false},"excerpt":{"rendered":"<p>Z\u00e1kladn\u00e9 pojmy Medikovan\u00e9 krmiv\u00e1 s\u00fa jednou z ciest peror\u00e1lneho pod\u00e1vania veterin\u00e1rnych liekov. Registr\u00e1cia na pou\u017e\u00edvanie v krmiv\u00e1ch, v\u00fdroba, distrib\u00facia, propag\u00e1cia a doh\u013ead nad veterin\u00e1rnymi liekmi s\u00fa riaden\u00e9 nariaden\u00edm E\u00da 2019\/4 (bod 6 preambuly nariadenia E\u00da 2019\/4). \u201eMedikovan\u00e9 krmivo\u201c je krmivo, &hellip; <a href=\"https:\/\/www.uskvbl.sk\/?page_id=68\">Pokra\u010dova\u0165 v \u010d\u00edtan\u00ed <span class=\"meta-nav\">&rarr;<\/span><\/a><\/p>\n","protected":false},"author":1,"featured_media":0,"parent":0,"menu_order":0,"comment_status":"closed","ping_status":"closed","template":"","meta":{"footnotes":""},"class_list":["post-68","page","type-page","status-publish","hentry"],"_links":{"self":[{"href":"https:\/\/www.uskvbl.sk\/index.php?rest_route=\/wp\/v2\/pages\/68","targetHints":{"allow":["GET"]}}],"collection":[{"href":"https:\/\/www.uskvbl.sk\/index.php?rest_route=\/wp\/v2\/pages"}],"about":[{"href":"https:\/\/www.uskvbl.sk\/index.php?rest_route=\/wp\/v2\/types\/page"}],"author":[{"embeddable":true,"href":"https:\/\/www.uskvbl.sk\/index.php?rest_route=\/wp\/v2\/users\/1"}],"replies":[{"embeddable":true,"href":"https:\/\/www.uskvbl.sk\/index.php?rest_route=%2Fwp%2Fv2%2Fcomments&post=68"}],"version-history":[{"count":32,"href":"https:\/\/www.uskvbl.sk\/index.php?rest_route=\/wp\/v2\/pages\/68\/revisions"}],"predecessor-version":[{"id":9500,"href":"https:\/\/www.uskvbl.sk\/index.php?rest_route=\/wp\/v2\/pages\/68\/revisions\/9500"}],"wp:attachment":[{"href":"https:\/\/www.uskvbl.sk\/index.php?rest_route=%2Fwp%2Fv2%2Fmedia&parent=68"}],"curies":[{"name":"wp","href":"https:\/\/api.w.org\/{rel}","templated":true}]}}