{"id":67,"date":"2020-01-20T14:42:30","date_gmt":"2020-01-20T13:42:30","guid":{"rendered":"http:\/\/www2.uskvbl.sk\/?page_id=67"},"modified":"2026-02-25T13:46:28","modified_gmt":"2026-02-25T12:46:28","slug":"vyroba-veterinarnych-pripravkov-a-pomocok","status":"publish","type":"page","link":"https:\/\/www.uskvbl.sk\/?page_id=67","title":{"rendered":"V\u00ddROBA VETERIN\u00c1RNYCH PR\u00cdPRAVKOV A TECHNICK\u00ddCH POM\u00d4COK"},"content":{"rendered":"\n<h3 class=\"wp-block-heading\"><strong><mark style=\"background-color:rgba(0, 0, 0, 0)\" class=\"has-inline-color has-blue-color\">Z\u00e1kladn\u00e9 pojmy<\/mark><\/strong><\/h3>\n\n\n\n<p>Veterin\u00e1rny pr\u00edpravok je hromadne vyr\u00e1ban\u00fd lie\u010debno-ochrann\u00fd pr\u00edpravok, ktor\u00fd je ur\u010den\u00fd len pre zvierat\u00e1, dietetick\u00fd, vitam\u00ednov\u00fd, miner\u00e1lny, dezinfek\u010dn\u00fd a kozmetick\u00fd pr\u00edpravok alebo diagnostick\u00fd pr\u00edpravok pre \u0161pecifick\u00fa laborat\u00f3rnu diagnostiku n\u00e1kaz zvierat alebo p\u00f4vodcov ochoren\u00ed z potrav\u00edn \u017eivo\u010d\u00ed\u0161neho p\u00f4vodu; za veterin\u00e1rny pr\u00edpravok sa nepova\u017euje v\u00fdrobok pod\u013ea osobitn\u00fdch predpisov<\/p>\n\n\n\n<p>Veterin\u00e1rna technick\u00e1 pom\u00f4cka je zariadenie, pr\u00edstroj, materi\u00e1l, in\u00fd predmet alebo v\u00fdrobok vr\u00e1tane pr\u00edslu\u0161enstva pou\u017e\u00edvan\u00fd samostatne alebo v kombin\u00e1cii spolu s potrebn\u00fdm programov\u00fdm vybaven\u00edm, ktor\u00fd je ur\u010den\u00fd na pou\u017eitie pri prevencii, vy\u0161etrovan\u00ed, diagn\u00f3ze, sledovan\u00ed, zmiernen\u00ed ochorenia, poranenia alebo zdravotn\u00e9ho postihnutia, alebo pri n\u00e1hrade anatomickej \u0161trukt\u00fary zviera\u0165a; za veterin\u00e1rnu technick\u00fa pom\u00f4cku sa pova\u017euje aj v\u00fdrobok, ktor\u00fd sl\u00fa\u017ei na ozna\u010denie zviera\u0165a a ktor\u00fd je na tento \u00fa\u010del aplikovan\u00fd do tela zviera\u0165a,<\/p>\n\n\n\n<h3 class=\"wp-block-heading\"><strong><mark style=\"background-color:rgba(0, 0, 0, 0)\" class=\"has-inline-color has-blue-color\">S\u00favisiaca legislat\u00edva<\/mark><\/strong><\/h3>\n\n\n\n<p><a href=\"https:\/\/www.zakonypreludi.sk\/zz\/2018-17\" target=\"_blank\" rel=\"noreferrer noopener\">Z\u00e1kon \u010d. 17\/2018 Z. z. Z\u00e1kon o veterin\u00e1rnych pr\u00edpravkoch a veterin\u00e1rnych technick\u00fdch pom\u00f4ckach (\u010falej len \u201e z\u00e1kon o&nbsp;VP a&nbsp;VTP\u201c)<\/a><\/p>\n\n\n\n<p><a href=\"https:\/\/www.zakonypreludi.sk\/zz\/2012-128\" target=\"_blank\" rel=\"noreferrer noopener\">Vyhl\u00e1\u0161ka Ministerstva zdravotn\u00edctva Slovenskej republiky \u010d. 128\/2012 Z. z. o po\u017eiadavk\u00e1ch na spr\u00e1vnu v\u00fdrobn\u00fa prax a po\u017eiadavk\u00e1ch na spr\u00e1vnu ve\u013ekodistribu\u010dn\u00fa prax<\/a><\/p>\n\n\n\n<h3 class=\"wp-block-heading\"><strong><mark style=\"background-color:rgba(0, 0, 0, 0)\" class=\"has-inline-color has-blue-color\">P\u00f4sobnos\u0165 U\u0160KVBL v&nbsp;oblasti v\u00fdroby VP a&nbsp;VTP<\/mark><\/strong><\/h3>\n\n\n\n<p>\u00dastav \u0161t\u00e1tnej kontroly veterin\u00e1rnych bioprepar\u00e1tov a lie\u010div pod\u013ea \u00a7 25 z\u00e1kona 17\/2018 Z.z. <\/p>\n\n\n\n<ul class=\"wp-block-list\">\n<li>p\u00edsmeno a) rozhoduje o:\n<ul class=\"wp-block-list\">\n<li>2. povolen\u00ed v\u00fdroby veterin\u00e1rneho pr\u00edpravku,<\/li>\n\n\n\n<li>3. pred\u013a\u017een\u00ed a zru\u0161en\u00ed rozhodnutia o povolen\u00ed na v\u00fdrobu veterin\u00e1rneho pr\u00edpravku,<\/li>\n\n\n\n<li>4. o schv\u00e1len\u00ed zmeny \u00fadajov a skuto\u010dnost\u00ed uveden\u00fdch v \u00a7 11 ods. 3 p\u00edsm. c), e) a f)<\/li>\n\n\n\n<li>5. pozastaven\u00ed opr\u00e1vnenia na v\u00fdrobu veterin\u00e1rneho pr\u00edpravku, <\/li>\n\n\n\n<li>6. z\u00e1kaze v\u00fdroby veterin\u00e1rneho pr\u00edpravku a z\u00e1kaze uv\u00e1dzania veterin\u00e1rnej technickej pom\u00f4cky na trh,<\/li>\n<\/ul>\n<\/li>\n\n\n\n<li>p\u00edsmeno c) vykon\u00e1va \u0161t\u00e1tny dozor nad zaobch\u00e1dzan\u00edm s veterin\u00e1rnymi pr\u00edpravkami a veterin\u00e1rnymi technick\u00fdmi pom\u00f4ckami u v\u00fdrobcu veterin\u00e1rneho pr\u00edpravku alebo veterin\u00e1rnej technickej pom\u00f4cky<\/li>\n<\/ul>\n\n\n\n<h3 class=\"wp-block-heading\">Veterin\u00e1rne pr\u00edpravky<\/h3>\n\n\n\n<h4 class=\"wp-block-heading\"><strong>Povo\u013eovanie v\u00fdroby VP<\/strong><\/h4>\n\n\n\n<p>VP je mo\u017en\u00e9 vyr\u00e1ba\u0165, uv\u00e1dza\u0165 na trh a pou\u017e\u00edva\u0165 pri poskytovan\u00ed veterin\u00e1rnej starostlivosti len ak je schv\u00e1len\u00fd pod\u013ea \u00a7 6, zap\u00edsan\u00fd do zoznamu schv\u00e1len\u00fdch veterin\u00e1rnych pr\u00edpravkov a ktor\u00e9mu neuplynula doba pou\u017eite\u013enosti, (\u00a7 3&nbsp;ods.1 p\u00edsm. a) z\u00e1kona 17\/2018 Z.z.)<\/p>\n\n\n\n<p>VP, ktor\u00e9ho v\u00fdroba a uv\u00e1dzanie na trh nie je schv\u00e1len\u00e9 v \u010dlenskom \u0161t\u00e1te, zmluvnom \u0161t\u00e1te alebo Turecku, mo\u017eno na \u00fazem\u00ed Slovenskej republiky vyr\u00e1ba\u0165 iba na z\u00e1klade povolenia na v\u00fdrobu veterin\u00e1rneho pr\u00edpravku (\u00a7 11&nbsp;ods.1 z\u00e1kona 17\/2018 Z.z.) <\/p>\n\n\n\n<p>O povolenie na v\u00fdrobu VP m\u00f4\u017ee po\u017eiada\u0165 fyzick\u00e1 osoba \u2013 podnikate\u013e alebo pr\u00e1vnick\u00e1 osoba, ktor\u00e1 m\u00e1 miesto podnikania alebo s\u00eddlo v Slovenskej republike, \u010dlenskom \u0161t\u00e1te, zmluvnom \u0161t\u00e1te alebo Turecku (\u010falej len \u201e\u017eiadate\u013e o povolenie na v\u00fdrobu\u201c). \u017diados\u0165 o povolenie na v\u00fdrobu veterin\u00e1rneho pr\u00edpravku (\u010falej len \u201e\u017eiados\u0165 o povolenie na v\u00fdrobu\u201c) sa pod\u00e1va \u00fastavu v \u0161t\u00e1tnom jazyku alebo v anglickom jazyku a v dvoch listinn\u00fdch vyhotoveniach alebo elektronicky (\u00a7 11&nbsp;ods.2 z\u00e1kona 17\/2018 Z.z.)&nbsp; &nbsp;<\/p>\n\n\n\n<div class=\"wp-block-file\"><a id=\"wp-block-file--media-32e0928d-3c79-486c-b3e4-f95350567bf5\" href=\"https:\/\/www.uskvbl.sk\/wp-content\/uploads\/f44_ziadost_o_povolenie_vyroby_vp.docx\">\u017diados\u0165 o povolenie v\u00fdroby veterin\u00e1rnych pr\u00edpravkov<\/a><\/div>\n\n\n\n<div class=\"wp-block-file\"><a id=\"wp-block-file--media-e3f7c84f-2ec5-4715-aea2-3cdbc088dbb5\" href=\"https:\/\/www.uskvbl.sk\/wp-content\/uploads\/f47_ziadost_o_zmenu_povolenia_na_vyrobu_vp.docx\">\u017diados\u0165 o zmenu povolenia na v\u00fdrobu veterin\u00e1rnych pr\u00edpravkov<\/a><\/div>\n\n\n\n<div class=\"wp-block-file\"><a id=\"wp-block-file--media-768a6355-1cc7-4480-b639-e9a738cae5ca\" href=\"https:\/\/www.uskvbl.sk\/wp-content\/uploads\/F99c_ziadost_o_pozastavenie_vyroby_vp.docx\">\u017diados\u0165 o\u00a0pozastavenie v\u00fdroby veterin\u00e1rnych\u00a0 pr\u00edpravkov<\/a><\/div>\n\n\n\n<div class=\"wp-block-file\"><a id=\"wp-block-file--media-a3208cc9-373a-47b9-a67c-7df1ddec2a85\" href=\"https:\/\/www.uskvbl.sk\/wp-content\/uploads\/F100c_ziadost_o_zrusenie_vyroby_vp.docx\">\u017diados\u0165 o\u00a0zru\u0161enie povolenia na v\u00fdrobu veterin\u00e1rnych\u00a0 pr\u00edpravkov<\/a><\/div>\n\n\n\n<p><\/p>\n\n\n\n<p>\u017diados\u0165 je potrebn\u00e9 posla\u0165 na \u00da\u0160KVBL po\u0161tou na adresu: \u00dastav \u0161t\u00e1tnej kontroly veterin\u00e1rnych bioprepar\u00e1tov a lie\u010div Nitra, Biovetsk\u00e134, 94901 Nitra, Slovensk\u00e1 republika alebo elektronicky prostredn\u00edctvom port\u00e1lu verejnej spr\u00e1vy \u201eSlovensko.sk\u201c<\/p>\n\n\n\n<p>N\u00e1sledn\u00fd postup:<\/p>\n\n\n\n<ul class=\"wp-block-list\">\n<li>Pre povo\u013eovanie v\u00fdroby VP a&nbsp;VTP &#8211; postupuje sa pod\u013ea \u00a7 12 z\u00e1kona 17\/2018 Z.z.<\/li>\n\n\n\n<li>Pre zmeny povolenia v\u00fdroby&nbsp; &#8211; postupuje sa pod\u013ea \u00a7 13 z\u00e1kona 17\/2018 Z.z.<\/li>\n<\/ul>\n\n\n\n<h4 class=\"wp-block-heading\"><strong>Povinnosti dr\u017eite\u013ea povolenia na v\u00fdrobu VP<\/strong><\/h4>\n\n\n\n<p>Povinnosti v\u00fdrobcu veterin\u00e1rnych pr\u00edpravkov s\u00fa stanoven\u00e9 v \u00a7 15 z\u00e1kona o&nbsp;VP a&nbsp;VTP.<\/p>\n\n\n\n<h3 class=\"wp-block-heading\"><mark style=\"background-color:rgba(0, 0, 0, 0)\" class=\"has-inline-color has-blue-color\"><strong>Veterin\u00e1rne technick\u00e9 pom\u00f4cky<\/strong><\/mark><\/h3>\n\n\n\n<p>VTP je mo\u017en\u00e9 vyr\u00e1ba\u0165, uv\u00e1dza\u0165 na trh a pou\u017e\u00edva\u0165 pri poskytovan\u00ed veterin\u00e1rnej starostlivosti len ak jej uv\u00e1dzanie na trh bolo ozn\u00e1men\u00e9 \u00fastavu, je zap\u00edsan\u00e1 do zoznamu technick\u00fdch veterin\u00e1rnych pom\u00f4cok a ktorej neuplynula doba pou\u017eite\u013enosti. (\u00a7 3&nbsp;ods.1 p\u00edsm. b) z\u00e1kona 17\/2018 Z.z.) &nbsp;&nbsp;<\/p>\n\n\n\n<p>V\u00fdroba veterin\u00e1rnej technickej pom\u00f4cky nespad\u00e1 pod povolenie na v\u00fdrobu a&nbsp;riadi sa \u00a7 16 z\u00e1kona 17\/2018 Z.z.<\/p>\n\n\n\n<p>Sp\u00f4sob oznamovania uv\u00e1dzania VTP na trh je uveden\u00fd na webovej str\u00e1nke \u00da\u0160KVBL v&nbsp;\u010dasti <em>\u201eRegistr\u00e1cia a&nbsp;schva\u013eovanie \u2013&nbsp; Schva\u013eovanie VP a&nbsp;VTP\u201c<\/em><\/p>\n","protected":false},"excerpt":{"rendered":"<p>Z\u00e1kladn\u00e9 pojmy Veterin\u00e1rny pr\u00edpravok je hromadne vyr\u00e1ban\u00fd lie\u010debno-ochrann\u00fd pr\u00edpravok, ktor\u00fd je ur\u010den\u00fd len pre zvierat\u00e1, dietetick\u00fd, vitam\u00ednov\u00fd, miner\u00e1lny, dezinfek\u010dn\u00fd a kozmetick\u00fd pr\u00edpravok alebo diagnostick\u00fd pr\u00edpravok pre \u0161pecifick\u00fa laborat\u00f3rnu diagnostiku n\u00e1kaz zvierat alebo p\u00f4vodcov ochoren\u00ed z potrav\u00edn \u017eivo\u010d\u00ed\u0161neho p\u00f4vodu; za veterin\u00e1rny &hellip; <a href=\"https:\/\/www.uskvbl.sk\/?page_id=67\">Pokra\u010dova\u0165 v \u010d\u00edtan\u00ed <span class=\"meta-nav\">&rarr;<\/span><\/a><\/p>\n","protected":false},"author":1,"featured_media":0,"parent":0,"menu_order":0,"comment_status":"closed","ping_status":"closed","template":"","meta":{"footnotes":""},"class_list":["post-67","page","type-page","status-publish","hentry"],"_links":{"self":[{"href":"https:\/\/www.uskvbl.sk\/index.php?rest_route=\/wp\/v2\/pages\/67","targetHints":{"allow":["GET"]}}],"collection":[{"href":"https:\/\/www.uskvbl.sk\/index.php?rest_route=\/wp\/v2\/pages"}],"about":[{"href":"https:\/\/www.uskvbl.sk\/index.php?rest_route=\/wp\/v2\/types\/page"}],"author":[{"embeddable":true,"href":"https:\/\/www.uskvbl.sk\/index.php?rest_route=\/wp\/v2\/users\/1"}],"replies":[{"embeddable":true,"href":"https:\/\/www.uskvbl.sk\/index.php?rest_route=%2Fwp%2Fv2%2Fcomments&post=67"}],"version-history":[{"count":19,"href":"https:\/\/www.uskvbl.sk\/index.php?rest_route=\/wp\/v2\/pages\/67\/revisions"}],"predecessor-version":[{"id":9495,"href":"https:\/\/www.uskvbl.sk\/index.php?rest_route=\/wp\/v2\/pages\/67\/revisions\/9495"}],"wp:attachment":[{"href":"https:\/\/www.uskvbl.sk\/index.php?rest_route=%2Fwp%2Fv2%2Fmedia&parent=67"}],"curies":[{"name":"wp","href":"https:\/\/api.w.org\/{rel}","templated":true}]}}