{"id":66,"date":"2020-01-20T14:42:30","date_gmt":"2020-01-20T13:42:30","guid":{"rendered":"http:\/\/www2.uskvbl.sk\/?page_id=66"},"modified":"2026-02-27T12:31:28","modified_gmt":"2026-02-27T11:31:28","slug":"vyroba-a-kotrola-liekov","status":"publish","type":"page","link":"https:\/\/www.uskvbl.sk\/?page_id=66","title":{"rendered":"V\u00ddROBA A KONTROLA VETERIN\u00c1RNYCH LIEKOV"},"content":{"rendered":"\n<h3 class=\"wp-block-heading\"><strong><mark style=\"background-color:rgba(0, 0, 0, 0)\" class=\"has-inline-color has-blue-color\">Z\u00e1kladn\u00e9 pojmy<\/mark><\/strong><\/h3>\n\n\n\n<p>Zaobch\u00e1dza\u0165 s&nbsp;liekmi a&nbsp;zdravotn\u00edckymi pom\u00f4ckami m\u00f4\u017ee&nbsp; fyzick\u00e1 osoba alebo pr\u00e1vnick\u00e1 osoba len na z\u00e1klade povolenia vydan\u00e9ho pod\u013ea&nbsp;tohto z\u00e1kona (\u00a7 3 ods. 1 z\u00e1kona 362\/2011 Z.z.)<\/p>\n\n\n\n<p>Vyr\u00e1ba\u0165 liek je mo\u017en\u00e9 len za predpokladu, \u017ee v\u00fdrobca veterin\u00e1rneho lieku m\u00e1 na v\u00fdrobu platn\u00e9 povolenie vydan\u00e9 \u00da\u0160KVBL a&nbsp;dodr\u017eiava z\u00e1sady spr\u00e1vnej v\u00fdrobnej praxe pod\u013ea z\u00e1kona o&nbsp;liekoch (\u00a7 6 ods. 3 p\u00edsm. a) a \u00a7 12 z\u00e1kona 362\/2011 Z.z.)<\/p>\n\n\n\n<h3 class=\"wp-block-heading\"><strong><mark style=\"background-color:rgba(0, 0, 0, 0)\" class=\"has-inline-color has-blue-color\">S\u00favisiaca legislat\u00edva<\/mark><\/strong><\/h3>\n\n\n\n<p><a href=\"https:\/\/www.zakonypreludi.sk\/zz\/2011-362\" target=\"_blank\" rel=\"noreferrer noopener\">Z\u00e1kon \u010d. 362\/2011 Z. z. o&nbsp;liekoch a&nbsp;zdravotn\u00edckych pom\u00f4ckach a&nbsp;o&nbsp;zmene a&nbsp;doplnen\u00ed niektor\u00fdch z\u00e1konov v&nbsp;znen\u00ed neskor\u0161\u00edch predpisov (\u010falej len \u201cz\u00e1kon o&nbsp;liekoch\u201c)<\/a><\/p>\n\n\n\n<p><a href=\"https:\/\/eur-lex.europa.eu\/legal-content\/SK\/TXT\/PDF\/?uri=CELEX:32019R0006&amp;from=EN\" target=\"_blank\" rel=\"noreferrer noopener\">Nariadenie Eur\u00f3pskeho parlamentu a Rady (E\u00da) 2019\/6 o&nbsp;veterin\u00e1rnych liekoch a o zru\u0161en\u00ed smernice 2001\/82\/ES<\/a><\/p>\n\n\n\n<p><a href=\"https:\/\/www.zakonypreludi.sk\/zz\/2012-128\" target=\"_blank\" rel=\"noreferrer noopener\">Vyhl\u00e1\u0161ka Ministerstva zdravotn\u00edctva Slovenskej republiky \u010d. 128\/2012 Z. z. Vyhl\u00e1\u0161ka o po\u017eiadavk\u00e1ch na spr\u00e1vnu v\u00fdrobn\u00fa prax a po\u017eiadavk\u00e1ch na spr\u00e1vnu ve\u013ekodistribu\u010dn\u00fa prax<\/a><\/p>\n\n\n\n<p><a href=\"https:\/\/eur-lex.europa.eu\/legal-content\/SK\/ALL\/?uri=CELEX:31991L0412\" target=\"_blank\" rel=\"noreferrer noopener\">Smernica Komisie 91\/412\/EHS z 23. j\u00fala 1991, ktorou sa stanovuj\u00fa z\u00e1sady a metodick\u00e9 pokyny spr\u00e1vnej v\u00fdrobnej praxe pre veterin\u00e1rne lieky<\/a><\/p>\n\n\n\n<p><a href=\"https:\/\/health.ec.europa.eu\/medicinal-products\/eudralex\/eudralex-volume-4_en\" target=\"_blank\" rel=\"noreferrer noopener\">Usmernenie Eur\u00f3pskej komisie a Eur\u00f3pskej agent\u00fary pre lieky (EMA) pre SVP<\/a><\/p>\n\n\n\n<p><a href=\"https:\/\/www.ema.europa.eu\/en\/human-regulatory-overview\/research-development\/compliance-research-development\/good-manufacturing-practice\/compilation-union-procedures-inspections-exchange-information\" target=\"_blank\" rel=\"noreferrer noopener\">Compilation of Union Procedures on Inspections and Exchange of Information<\/a><\/p>\n\n\n\n<h3 class=\"wp-block-heading\"><strong><mark style=\"background-color:rgba(0, 0, 0, 0)\" class=\"has-inline-color has-blue-color\">P\u00f4sobnos\u0165 U\u0160KVBL v&nbsp;oblasti v\u00fdroby veterin\u00e1rnych liekov<\/mark><\/strong><\/h3>\n\n\n\n<p>\u00dastav \u0161t\u00e1tnej kontroly veterin\u00e1rnych bioprepar\u00e1tov a lie\u010div pod\u013ea \u00a7 134 ods. 2 z\u00e1kona 362\/2011 Z.z. :<\/p>\n\n\n\n<ul class=\"wp-block-list\">\n<li>p\u00edsmeno a) vykon\u00e1va \u0161t\u00e1tny dozor na \u00faseku veterin\u00e1rnej farm\u00e1cie, pod\u013ea tohto z\u00e1kona a osobitn\u00e9ho predpisu pri \u010dinnostiach spojen\u00fdch s v\u00fdrobou veterin\u00e1rnych liekov, sk\u00fa\u0161an\u00edm veterin\u00e1rnych liekov, dovozom \u00fa\u010dinn\u00fdch l\u00e1tok, v\u00fdrobou \u00fa\u010dinn\u00fdch l\u00e1tok a distrib\u00faciou \u00fa\u010dinn\u00fdch l\u00e1tok<\/li>\n\n\n\n<li>p\u00edsmeno b) vykon\u00e1va in\u0161pekciu dodr\u017eiavania z\u00e1sad spr\u00e1vnej v\u00fdrobnej praxe a&nbsp;spr\u00e1vnej farmakovigilan\u010dnej praxe<\/li>\n\n\n\n<li>p\u00edsmeno f) vyd\u00e1va\n<ul class=\"wp-block-list\">\n<li>2. rozhodnutie o povolen\u00ed, zmene povolenia, pozastaven\u00ed rozhodnutia a zru\u0161en\u00ed rozhodnutia na v\u00fdrobu veterin\u00e1rnych liekov a na v\u00fdrobu veterin\u00e1rnych autog\u00e9nnych vakc\u00edn, povolenie na v\u00fdrobu sk\u00fa\u0161an\u00fdch veterin\u00e1rnych produktov a sk\u00fa\u0161an\u00fdch veterin\u00e1rnych liekov a povolenie na \u010dinnos\u0165 kontroln\u00e9ho laborat\u00f3ria veterin\u00e1rnych liekov,<\/li>\n\n\n\n<li>3. certifik\u00e1t spr\u00e1vnej v\u00fdrobnej praxe &nbsp;<\/li>\n<\/ul>\n<\/li>\n<\/ul>\n\n\n\n<h3 class=\"wp-block-heading\"><mark style=\"background-color:rgba(0, 0, 0, 0)\" class=\"has-inline-color has-blue-color\"><strong>Povo\u013eovanie v\u00fdroby veterin\u00e1rnych liekov<\/strong><\/mark><\/h3>\n\n\n\n<p>Povolenie na v\u00fdrobu sa vy\u017eaduje na vykon\u00e1vanie ka\u017edej z t\u00fdchto \u010dinnost\u00ed (\u010dl. 88 ods. 1 nariadenia E\u00da 2019\/6):<\/p>\n\n\n\n<ul class=\"wp-block-list\">\n<li>na v\u00fdrobu veterin\u00e1rnych liekov, aj ke\u010f s\u00fa ur\u010den\u00e9 len na v\u00fdvoz;<\/li>\n\n\n\n<li>na zapojenie sa do ktorejko\u013evek \u010dasti procesu v\u00fdroby veterin\u00e1rneho lieku alebo procesu, ke\u010f veterin\u00e1rny liek dost\u00e1va svoju kone\u010dn\u00fa podobu, vr\u00e1tane \u00fa\u010dasti na spracovan\u00ed, kompletizovan\u00ed, balen\u00ed a preba\u013eovan\u00ed, ozna\u010den\u00ed a op\u00e4tovnom ozna\u010den\u00ed, uchov\u00e1van\u00ed, steriliz\u00e1cii, sk\u00fa\u0161an\u00ed alebo prepusten\u00ed lieku na dod\u00e1vky ako s\u00fa\u010dasti tohto procesu, alebo<\/li>\n\n\n\n<li>na dovoz veterin\u00e1rnych liekov<\/li>\n<\/ul>\n\n\n\n<div class=\"wp-block-file\"><a id=\"wp-block-file--media-39304747-1d28-4de6-b6a6-22bbd50642c5\" href=\"https:\/\/www.uskvbl.sk\/wp-content\/uploads\/f40_ziadost_o_povolenie_vyroby_vl.docx\">\u017diados\u0165 o povolenie v\u00fdroby veterin\u00e1rnych liekov<\/a><\/div>\n\n\n\n<div class=\"wp-block-file\"><a id=\"wp-block-file--media-d0d5b27c-d8b6-472a-9d22-2dec0a538e7c\" href=\"https:\/\/www.uskvbl.sk\/wp-content\/uploads\/f41_ziadost_o_zmenu_v_povoleni_vl.docx\">\u017diados\u0165 o zmenu povolenia na v\u00fdrobu veterin\u00e1rnych liekov<\/a><\/div>\n\n\n\n<div class=\"wp-block-file\"><a id=\"wp-block-file--media-ac118b87-7955-40af-b4ac-c97c197541ae\" href=\"https:\/\/www.uskvbl.sk\/wp-content\/uploads\/f42_ziadost_o_zmenu_v_povoleni_vl_a_vp-dovoz_z_tretich_krajin.docx\">\u017diados\u0165 o&nbsp;zmenu povolenia na v\u00fdrobu veterin\u00e1rnych liekov za \u00fa\u010delom dovozu z&nbsp;tret\u00edch kraj\u00edn<\/a><\/div>\n\n\n\n<div class=\"wp-block-file\"><a id=\"wp-block-file--media-bb0bfa2b-0126-4567-821e-131c6827f8bb\" href=\"https:\/\/www.uskvbl.sk\/wp-content\/uploads\/F99b_ziadost_o_pozastavenie_vyroby_VL.docx\">\u017diados\u0165 o\u00a0pozastavenie \u010dinnosti\u00a0 v\u00fdroby veterin\u00e1rnych liekov<\/a><\/div>\n\n\n\n<div class=\"wp-block-file\"><a id=\"wp-block-file--media-439d3646-8bf6-40f9-afb0-96bd4ac188ef\" href=\"https:\/\/www.uskvbl.sk\/wp-content\/uploads\/F100b_ziadost_o_zrusenie_vyroby_VL.docx\">\u017diados\u0165 o\u00a0zru\u0161enie povolenia na v\u00fdrobu veterin\u00e1rnych liekov<\/a><\/div>\n\n\n\n<p><\/p>\n\n\n\n<p>Povo\u013eovanie kontroln\u00fdch laborat\u00f3ri\u00ed (zmluvn\u00e9 laborat\u00f3ri\u00e1 v\u00fdrobca) a dovoz, v\u00fdroba a distrib\u00facia \u00fa\u010dinn\u00fdch l\u00e1tok s\u00fa uveden\u00e9 na webovej str\u00e1nke \u00da\u0160KVBL v&nbsp;samostatn\u00fdch \u010dastiach.<\/p>\n\n\n\n<p>\u017diados\u0165 je potrebn\u00e9 posla\u0165 na \u00da\u0160KVBL po\u0161tou na adresu: \u00dastav \u0161t\u00e1tnej kontroly veterin\u00e1rnych bioprepar\u00e1tov a lie\u010div Nitra, Biovetsk\u00e134, 94901 Nitra, Slovensk\u00e1 republika alebo elektronicky prostredn\u00edctvom port\u00e1lu verejnej spr\u00e1vy \u201eSlovensko.sk\u201c<\/p>\n\n\n\n<p>N\u00e1sledn\u00fd postup (t\u00fdka sa ktorejko\u013evek \u010dasti procesu v\u00fdroby vr\u00e1tane dovozu veterin\u00e1rnych liekov):<\/p>\n\n\n\n<ul class=\"wp-block-list\">\n<li>Pre povo\u013eovanie v\u00fdroby &#8211; postupuje sa pod\u013ea \u010dl. 90 nariadenia E\u00da 2019\/6 a \u00a7 7 z\u00e1kona 362\/2011 Z.z.<\/li>\n\n\n\n<li>Pre zmeny povolenia v\u00fdroby &nbsp;&#8211; postupuje sa pod\u013ea \u010dl. 92 nariadenia E\u00da 2019\/6 a \u00a7 8 z\u00e1kona 362\/2011 Z.z.<\/li>\n<\/ul>\n\n\n\n<p><a href=\"http:\/\/eudragmdp.ema.europa.eu\/inspections\/displayWelcome.do\" target=\"_blank\" rel=\"noreferrer noopener\">Vydan\u00e9 povolenie na v\u00fdrobu a&nbsp;GMP certifik\u00e1t s\u00fa platn\u00e9 v celej \u00danii (\u010dl. 88 ods.5 a&nbsp;\u010dl. 94 nariadenia E\u00da 2019\/6) a&nbsp;s\u00fa vkladan\u00e9 do datab\u00e1zy \u00danie &#8211; EudraGMDP<\/a><\/p>\n\n\n\n<p>Formul\u00e1re povolen\u00ed a&nbsp;GMP certifik\u00e1tov s&nbsp;rozsahom v\u0161etk\u00fdch \u010dinnost\u00ed v\u00fdrobcov veterin\u00e1rnych liekov a&nbsp;kontroln\u00fdch laborat\u00f3ri\u00ed ako aj \u010dinnos\u0165 in\u0161pekci\u00ed u v\u00fdrobcov liekov a \u00fa\u010dinn\u00fdch l\u00e1tok, dovozcov liekov a \u00fa\u010dinn\u00fdch l\u00e1tok, distrib\u00fatorov liekov a \u00fa\u010dinn\u00fdch l\u00e1tok sa riadia pod\u013ea Compilation of Community Procedures on Inspections and Exchange of Information, <\/p>\n\n\n\n<h3 class=\"wp-block-heading\"><mark style=\"background-color:rgba(0, 0, 0, 0)\" class=\"has-inline-color has-blue-color\"><strong>Povinnosti dr\u017eite\u013ea povolenia na v\u00fdrobu veterin\u00e1rnych liekov<\/strong><\/mark><\/h3>\n\n\n\n<p>Povinnosti dr\u017eite\u013ea povolenia na v\u00fdrobu veterin\u00e1rnych liekov s\u00fa uveden\u00e9 v&nbsp;\u010dl. 93 nariadenia E\u00da 2019\/6 a \u00a7 15 z\u00e1kona 362\/2011 Z.z.<\/p>\n\n\n\n<p>S&nbsp;oh\u013eadom na povinnos\u0165 dr\u017eite\u013ea povolenia na v\u00fdrobu do siedmich dn\u00ed po skon\u010den\u00ed \u0161tvr\u0165roka povinn\u00fd ozn\u00e1mi\u0165 \u00da\u0160KVBL po\u010det a&nbsp;ve\u013ekos\u0165 balen\u00ed a&nbsp;druh vyroben\u00fdch liekov a&nbsp;liekov dodan\u00fdch na dom\u00e1ci a zahrani\u010dn\u00fd trh (\u00a7 15 ods. 1 p\u00edsm. h), tieto hl\u00e1senia je potrebn\u00e9 zasiela\u0165 elektronickou po\u0161tou na email: <a href=\"mailto:hlasenia.inspekcia@uskvbl.sk\">hlasenia.inspekcia@uskvbl.sk<\/a><\/p>\n\n\n\n<p>Jednotn\u00e1 tabu\u013eka na zasielanie \u0161tvr\u0165ro\u010dn\u00fdch hl\u00e1sen\u00ed na stiahnutie:<\/p>\n\n\n\n<div class=\"wp-block-file\"><a id=\"wp-block-file--media-077b32a3-924e-4644-ac18-229bda32e5ef\" href=\"https:\/\/www.uskvbl.sk\/wp-content\/uploads\/Vyroba_a_transakcie.xlsx\">Hl\u00e1senie v\u00fdroby a transakci\u00ed<\/a><\/div>\n\n\n\n<p><\/p>\n\n\n\n<h3 class=\"wp-block-heading\"><strong>Certifik\u00e1cia pre v\u00fdvoz<\/strong><\/h3>\n\n\n\n<p>V&nbsp;zmysle \u010dl. 98 nariadenia (E\u00da) 2019\/6 o&nbsp;veterin\u00e1rnych liekoch a&nbsp;o&nbsp;zru\u0161en\u00ed smernice 2001\/82\/ES na po\u017eiadanie v\u00fdrobcu alebo v\u00fdvozcu veterin\u00e1rnych liekov alebo org\u00e1nov dov\u00e1\u017eaj\u00facej tretej krajiny \u00da\u0160KVBL vyd\u00e1va nasledovn\u00e9 certifik\u00e1ty:<\/p>\n\n\n\n<ul class=\"wp-block-list\">\n<li>certifik\u00e1t farmaceutick\u00fdch v\u00fdrobkov &#8211; Certificate of Pharmaceutical Product (CPP)<\/li>\n\n\n\n<li>certifik\u00e1t vo\u013en\u00e9ho predaja liekov &#8211; Free sale certificate (FSC)<\/li>\n\n\n\n<li>certifik\u00e1ty spr\u00e1vnej v\u00fdrobnej praxe &nbsp;&#8211; GMP certificate <\/li>\n<\/ul>\n\n\n\n<p>Certifik\u00e1ty sa zvy\u010dajne pou\u017e\u00edvaj\u00fa na podporu registr\u00e1cie alebo obnovenia povolenia na v\u00fdrobok v tretej krajine (mimo E\u00da). M\u00f4\u017eu sa tie\u017e pou\u017e\u00edva\u0165 na sprev\u00e1dzanie \u0161ar\u017ee v\u00fdrobku, ak to vy\u017eaduje pr\u00edslu\u0161n\u00fd org\u00e1n v tretej krajine. \u202f<\/p>\n\n\n\n<p>Tieto dokumenty sa spravidla vyd\u00e1vaj\u00fa len dr\u017eite\u013eom povolenia na uvedenie na trh alebo autorizovan\u00fdm v\u00fdrobcom liekov alebo \u00fa\u010dinn\u00fdch l\u00e1tok. Ak \u017eiadate\u013e nie je dr\u017eite\u013eom povolenia na uvedenie na trh alebo povolenia na v\u00fdrobu, mus\u00ed predlo\u017ei\u0165 splnomocnenie od dr\u017eite\u013ea.<\/p>\n\n\n\n<p>Ak je to mo\u017en\u00e9, pou\u017e\u00edvaj\u00fa sa form\u00e1ty osved\u010den\u00ed uverejnen\u00e9 Svetovou zdravotn\u00edckou organiz\u00e1ciou. \u010eal\u0161ie inform\u00e1cie o typoch osved\u010den\u00ed schv\u00e1len\u00fdch WHO n\u00e1jdete na webovej str\u00e1nke <a href=\"https:\/\/www.who.int\/publications\/m\/item\/annex-9-trs-1033\">WHO Certification Scheme<\/a><\/p>\n\n\n\n<div class=\"wp-block-file\"><a id=\"wp-block-file--media-3a0189aa-4440-46e4-8c52-8ee3db26a584\" href=\"https:\/\/www.uskvbl.sk\/wp-content\/uploads\/F09a_ziadost_o_vydanie_CPP.docx\">\u017diados\u0165 o&nbsp;vydanie certifik\u00e1tu na farmaceutick\u00fd v\u00fdrobok (CPP)<\/a><\/div>\n\n\n\n<div class=\"wp-block-file\"><a id=\"wp-block-file--media-bc7af4d2-eda2-41f0-9348-f8b5e397b3a1\" href=\"https:\/\/www.uskvbl.sk\/wp-content\/uploads\/F09b_ziadost_o_vydanie_FSC.docx\">\u017diados\u0165 o&nbsp;vydanie certifik\u00e1tu o&nbsp;vo\u013enom predaji (FSC)<\/a><\/div>\n\n\n\n<div class=\"wp-block-file\"><a id=\"wp-block-file--media-c7272f93-2b72-4604-9a24-c58c337bd361\" href=\"https:\/\/www.uskvbl.sk\/wp-content\/uploads\/F09c_ziadost_o_vydanie_GMP-certifikatu.docx\">\u017diados\u0165 o&nbsp;vydanie certifik\u00e1tu spr\u00e1vnej v\u00fdrobnej praxe (SVP)<\/a><\/div>\n\n\n\n<p><\/p>\n\n\n\n<h3 class=\"wp-block-heading\"><mark style=\"background-color:rgba(0, 0, 0, 0)\" class=\"has-inline-color has-blue-color\"><strong>Po\u017eiadavky na dovozcov veterin\u00e1rnych liekov z&nbsp;tret\u00edch kraj\u00edn<\/strong><\/mark><\/h3>\n\n\n\n<p>Dovozcovia veterin\u00e1rnych liekov pred ich dodan\u00edm do \u00danie zabezpe\u010dia, aby mal v\u00fdrobca usaden\u00fd v tretej krajine certifik\u00e1t spr\u00e1vnej v\u00fdrobnej praxe vydan\u00fd pr\u00edslu\u0161n\u00fdm org\u00e1nom alebo aby v pr\u00edpade, \u017ee tretia krajina je stranou dohody uzatvorenej medzi \u00daniou a tre\u0165ou krajinou, mal rovnocenn\u00e9 potvrdenie (\u010dl. 94 nariadenia E\u00da 2019\/6).<\/p>\n\n\n\n<p>Odborn\u00fd z\u00e1stupca v\u00fdrobcu je povinn\u00fd zabezpe\u010di\u0165, aby ka\u017ed\u00e1 \u0161ar\u017ea lieku bez oh\u013eadu na to, \u010di bola vyroben\u00e1 v niektorom \u010dlenskom \u0161t\u00e1te alebo dovezen\u00e1 z&nbsp;tret\u00edch&nbsp; \u0161t\u00e1tov, bola podroben\u00e1 kompletnej kvalitat\u00edvnej anal\u00fdze, kvantitat\u00edvnej anal\u00fdze v\u0161etk\u00fdch lie\u010div a in\u00fdm sk\u00fa\u0161kam alebo&nbsp; kontrol\u00e1m potrebn\u00fdm na zabezpe\u010denie kvality liekov v s\u00falade s po\u017eiadavkami registr\u00e1cie lieku (\u201eprepustenie \u0161ar\u017ee\u201c).<\/p>\n\n\n\n<p><\/p>\n","protected":false},"excerpt":{"rendered":"<p>Z\u00e1kladn\u00e9 pojmy Zaobch\u00e1dza\u0165 s&nbsp;liekmi a&nbsp;zdravotn\u00edckymi pom\u00f4ckami m\u00f4\u017ee&nbsp; fyzick\u00e1 osoba alebo pr\u00e1vnick\u00e1 osoba len na z\u00e1klade povolenia vydan\u00e9ho pod\u013ea&nbsp;tohto z\u00e1kona (\u00a7 3 ods. 1 z\u00e1kona 362\/2011 Z.z.) Vyr\u00e1ba\u0165 liek je mo\u017en\u00e9 len za predpokladu, \u017ee v\u00fdrobca veterin\u00e1rneho lieku m\u00e1 na v\u00fdrobu &hellip; <a href=\"https:\/\/www.uskvbl.sk\/?page_id=66\">Pokra\u010dova\u0165 v \u010d\u00edtan\u00ed <span class=\"meta-nav\">&rarr;<\/span><\/a><\/p>\n","protected":false},"author":1,"featured_media":0,"parent":0,"menu_order":0,"comment_status":"closed","ping_status":"closed","template":"","meta":{"footnotes":""},"class_list":["post-66","page","type-page","status-publish","hentry"],"_links":{"self":[{"href":"https:\/\/www.uskvbl.sk\/index.php?rest_route=\/wp\/v2\/pages\/66","targetHints":{"allow":["GET"]}}],"collection":[{"href":"https:\/\/www.uskvbl.sk\/index.php?rest_route=\/wp\/v2\/pages"}],"about":[{"href":"https:\/\/www.uskvbl.sk\/index.php?rest_route=\/wp\/v2\/types\/page"}],"author":[{"embeddable":true,"href":"https:\/\/www.uskvbl.sk\/index.php?rest_route=\/wp\/v2\/users\/1"}],"replies":[{"embeddable":true,"href":"https:\/\/www.uskvbl.sk\/index.php?rest_route=%2Fwp%2Fv2%2Fcomments&post=66"}],"version-history":[{"count":30,"href":"https:\/\/www.uskvbl.sk\/index.php?rest_route=\/wp\/v2\/pages\/66\/revisions"}],"predecessor-version":[{"id":9509,"href":"https:\/\/www.uskvbl.sk\/index.php?rest_route=\/wp\/v2\/pages\/66\/revisions\/9509"}],"wp:attachment":[{"href":"https:\/\/www.uskvbl.sk\/index.php?rest_route=%2Fwp%2Fv2%2Fmedia&parent=66"}],"curies":[{"name":"wp","href":"https:\/\/api.w.org\/{rel}","templated":true}]}}