{"id":62,"date":"2020-01-20T14:42:30","date_gmt":"2020-01-20T13:42:30","guid":{"rendered":"http:\/\/www2.uskvbl.sk\/?page_id=62"},"modified":"2026-04-10T13:19:14","modified_gmt":"2026-04-10T11:19:14","slug":"zoznamy","status":"publish","type":"page","link":"https:\/\/www.uskvbl.sk\/?page_id=62","title":{"rendered":"ZOZNAMY"},"content":{"rendered":"\n<div class=\"wp-block-file\"><a id=\"wp-block-file--media-8bb552af-c509-4d1c-974d-bca0973ebc34\" href=\"https:\/\/www.uskvbl.sk\/wp-content\/uploads\/zoz-reg-kod\u2013kopia.xls\">Zoznam registrovan\u00fdch veterin\u00e1rnych liekov<\/a><\/div>\n\n\n\n<div class=\"wp-block-file\"><a id=\"wp-block-file--media-3efa3249-72c6-4c99-8a9e-37907f71c4ba\" href=\"https:\/\/www.uskvbl.sk\/wp-content\/uploads\/zoz-schv.doc\">Zoznam schv\u00e1len\u00fdch veterin\u00e1rnych pr\u00edpravkov<\/a><\/div>\n\n\n\n<div class=\"wp-block-file\"><a id=\"wp-block-file--media-ca77c2d2-bef2-4608-9cdf-4d5f8b7e8cb7\" href=\"https:\/\/www.uskvbl.sk\/wp-content\/uploads\/zoz-vtp.doc\">Zoznam veterin\u00e1rnych technick\u00fdch pom\u00f4cok<\/a><\/div>\n\n\n\n<div class=\"wp-block-file\"><a id=\"wp-block-file--media-15793085-4762-4ac2-89bd-9a34a97b39a5\" href=\"https:\/\/www.uskvbl.sk\/wp-content\/uploads\/zoznam_ryby.doc\">Zoznam veterin\u00e1rnych liekov ur\u010den\u00fdch pre ryby<\/a><\/div>\n\n\n\n<div class=\"wp-block-file\"><a id=\"wp-block-file--media-939df281-d285-4b92-b5b0-7717110472e5\" href=\"https:\/\/www.uskvbl.sk\/wp-content\/uploads\/zoznam_antiparazitika_ovce_kozy.doc\">Zoznam veterin\u00e1rnych liekov \u2013 antiparazit\u00edk ur\u010den\u00fdch pre ovce a&nbsp;kozy<\/a><\/div>\n\n\n\n<div class=\"wp-block-file\"><a id=\"wp-block-file--media-62e352cf-8da0-48ef-9bc1-735beb1def5d\" href=\"https:\/\/www.uskvbl.sk\/wp-content\/uploads\/zoznam_vcely.doc\">Zoznam veterin\u00e1rnych liekov a pr\u00edpravkov pre v\u010dely<\/a><\/div>\n\n\n\n<div class=\"wp-block-file\"><a id=\"wp-block-file--media-7026a621-fb6d-4a5e-a4eb-17c6f91f32b5\" href=\"https:\/\/www.uskvbl.sk\/wp-content\/uploads\/zoznam_liekov_s_omam_a_psych.l.doc\">Zoznam veterin\u00e1rnych liekov obsahuj\u00facich omamn\u00e9 a psychotropn\u00e9 l\u00e1tky <\/a><\/div>\n\n\n\n<p><\/p>\n\n\n\n<p><strong>Zoznam zmien<\/strong><\/p>\n\n\n\n<div class=\"wp-block-file\"><a id=\"wp-block-file--media-2dea7769-bac5-42a0-97b0-a30be8ef32bb\" href=\"https:\/\/www.uskvbl.sk\/wp-content\/uploads\/zoz_reg_roz_2026.doc\">Rok 2026<\/a><\/div>\n\n\n\n<div class=\"wp-block-file\"><a id=\"wp-block-file--media-74a861ff-e7dc-4053-ab16-566266024051\" href=\"https:\/\/www.uskvbl.sk\/wp-content\/uploads\/zoz_reg_roz_2025.doc\">Rok 2025<\/a><\/div>\n\n\n\n<div class=\"wp-block-file\"><a id=\"wp-block-file--media-5fe114f1-2b26-4a49-b586-027b38a9bb99\" href=\"https:\/\/www.uskvbl.sk\/wp-content\/uploads\/zoz_reg_roz_2024.doc\">Rok  2024<\/a><\/div>\n\n\n\n<p><\/p>\n\n\n\n<p><\/p>\n\n\n\n<p><\/p>\n\n\n\n<p><a href=\"https:\/\/www.uskvbl.sk\/?page_id=6090(otv\u00e1ra sa na novej karte)\">Star\u0161ie zoznamy<\/a><\/p>\n\n\n\n<p><\/p>\n","protected":false},"excerpt":{"rendered":"<p>Zoznam zmien Star\u0161ie zoznamy<\/p>\n","protected":false},"author":1,"featured_media":0,"parent":0,"menu_order":0,"comment_status":"closed","ping_status":"closed","template":"","meta":{"footnotes":""},"class_list":["post-62","page","type-page","status-publish","hentry"],"_links":{"self":[{"href":"https:\/\/www.uskvbl.sk\/index.php?rest_route=\/wp\/v2\/pages\/62","targetHints":{"allow":["GET"]}}],"collection":[{"href":"https:\/\/www.uskvbl.sk\/index.php?rest_route=\/wp\/v2\/pages"}],"about":[{"href":"https:\/\/www.uskvbl.sk\/index.php?rest_route=\/wp\/v2\/types\/page"}],"author":[{"embeddable":true,"href":"https:\/\/www.uskvbl.sk\/index.php?rest_route=\/wp\/v2\/users\/1"}],"replies":[{"embeddable":true,"href":"https:\/\/www.uskvbl.sk\/index.php?rest_route=%2Fwp%2Fv2%2Fcomments&post=62"}],"version-history":[{"count":176,"href":"https:\/\/www.uskvbl.sk\/index.php?rest_route=\/wp\/v2\/pages\/62\/revisions"}],"predecessor-version":[{"id":9562,"href":"https:\/\/www.uskvbl.sk\/index.php?rest_route=\/wp\/v2\/pages\/62\/revisions\/9562"}],"wp:attachment":[{"href":"https:\/\/www.uskvbl.sk\/index.php?rest_route=%2Fwp%2Fv2%2Fmedia&parent=62"}],"curies":[{"name":"wp","href":"https:\/\/api.w.org\/{rel}","templated":true}]}}