{"id":61,"date":"2020-01-20T14:42:30","date_gmt":"2020-01-20T13:42:30","guid":{"rendered":"http:\/\/www2.uskvbl.sk\/?page_id=61"},"modified":"2025-11-14T11:49:18","modified_gmt":"2025-11-14T10:49:18","slug":"klinicke-skusanie","status":"publish","type":"page","link":"https:\/\/www.uskvbl.sk\/?page_id=61","title":{"rendered":"KLINICK\u00c9 SK\u00da\u0160ANIE"},"content":{"rendered":"\n<p><strong><span class=\"has-inline-color has-blue-color\">Klinick\u00e9 sk\u00fa\u0161anie veterin\u00e1rneho lieku<\/span><\/strong><br> Klinick\u00e9 sk\u00fa\u0161anie veterin\u00e1rneho lieku sa vykon\u00e1va v zmysle \u00a7 78 a\u017e \u00a7 81 z\u00e1kona 362\/2011 Z.z. o liekoch a zdravotn\u00edckych pom\u00f4ckach pri\u010dom vyhl\u00e1\u0161kou MPRV SR \u010d. 196\/2012 Z.z. s\u00fa definovan\u00e9 podrobnosti obsahu protokolu veterin\u00e1rneho klinick\u00e9ho sk\u00fa\u0161ania, sp\u00f4sob jeho vedenia, podrobnosti o po\u017eiadavk\u00e1ch na veterin\u00e1rne klinick\u00e9 sk\u00fa\u0161anie a&nbsp;spr\u00e1vnu klinick\u00fa prax, rozsah a \u0161trukt\u00fara \u00fadajov uv\u00e1dzan\u00fdch v spr\u00e1ve o v\u00fdsledkoch veterin\u00e1rneho klinick\u00e9ho sk\u00fa\u0161ania a sp\u00f4sob ozna\u010dovania sk\u00fa\u0161an\u00e9ho veterin\u00e1rneho produktu a&nbsp;sk\u00fa\u0161an\u00e9ho veterin\u00e1rneho lieku. <\/p>\n\n\n\n<p>Pracovisko, na ktorom sa klinick\u00e9 sk\u00fa\u0161anie veterin\u00e1rneho lieku bude vykon\u00e1va\u0165 mus\u00ed ma\u0165 adekv\u00e1tne materi\u00e1lne a priestorov\u00e9 vybavenie a person\u00e1lne zabezpe\u010denie a mus\u00ed sp\u013a\u0148a\u0165 po\u017eiadavky na spr\u00e1vnu klinick\u00fa prax v&nbsp;s\u00falade s \u00a7 78 ods. 2 z\u00e1kona 362\/2011 Z.z.&nbsp;<\/p>\n\n\n\n<div class=\"wp-block-file\"><a id=\"wp-block-file--media-b7e9234e-ef45-4325-a1be-64ca549814fd\" href=\"https:\/\/www.uskvbl.sk\/wp-content\/uploads\/podrobnosti_ziadosti_o_schvalenie_pracoviska_na_ks_poziadavky_na_pracovisko.doc\">Obsahov\u00e9 n\u00e1le\u017eitosti \u017eiadosti o schv\u00e1lenie pracoviska na klinick\u00e9 sk\u00fa\u0161anie veterin\u00e1rneho lieku a po\u017eiadavky na pracovisko<\/a><\/div>\n\n\n\n<p><\/p>\n\n\n\n<p>\u00da\u0160KVBL v&nbsp;zmysle vy\u0161\u0161ie uveden\u00e9ho z\u00e1kona:<\/p>\n\n\n\n<ul class=\"wp-block-list\">\n<li>povo\u013euje klinick\u00e9 sk\u00fa\u0161anie veterin\u00e1rnych produktov, veterin\u00e1rnych liekov a veterin\u00e1rnych pom\u00f4cok (\u00a7 134 ods. 2 p\u00edsm. h) z\u00e1kona)<\/li>\n\n\n\n<li>schva\u013euje pracovisk\u00e1, na ktor\u00fdch sa veterin\u00e1rne klinick\u00e9 sk\u00fa\u0161anie vykon\u00e1va (\u00a7 78 ods. 2 z\u00e1kona)<\/li>\n\n\n\n<li>vykon\u00e1va in\u0161pekciu dodr\u017eiavania z\u00e1sad spr\u00e1vnej klinickej praxe a spr\u00e1vnej laborat\u00f3rnej praxe (\u00a7 134 ods. 2 p\u00edsm. b) z\u00e1kona)<\/li>\n<\/ul>\n\n\n\n<p>V&nbsp;pr\u00edpade akejko\u013evek zam\u00fd\u0161\u013eanej zmeny v&nbsp;klinickom sk\u00fa\u0161an\u00ed, oproti&nbsp;schv\u00e1len\u00e9mu, je \u017eiadate\u013e povinn\u00fd o&nbsp;schv\u00e1lenie takejto zmeny \u00da\u0160KVBL po\u017eiada\u0165 a&nbsp;to vopred.<br>Klinick\u00e9 sk\u00fa\u0161anie veterin\u00e1rnych liekov a&nbsp;zmeny v&nbsp;klinickom sk\u00fa\u0161an\u00ed povo\u013euje \u00da\u0160KVBL na z\u00e1klade \u017eiadosti. Rozhodnutie \u00da\u0160KVBL vyd\u00e1va po uhraden\u00ed poplatku.<\/p>\n\n\n\n<div class=\"wp-block-file\"><a id=\"wp-block-file--media-d5d70cbf-12f8-4f68-bcc6-09b049014f1d\" href=\"https:\/\/www.uskvbl.sk\/wp-content\/uploads\/ziadost-o-povolenie-klin-skusania-vet-lieku.docx\">\u017diados\u0165 o povolenie klinick\u00e9ho sk\u00fa\u0161ania veterin\u00e1rneho lieku<\/a><\/div>\n\n\n\n<div class=\"wp-block-file\"><a id=\"wp-block-file--media-c2da15a6-8772-44ef-a180-41b1867d12fe\" href=\"https:\/\/www.uskvbl.sk\/wp-content\/uploads\/ziadost_o_zmenu_klinickeho_skusania.doc\">\u017diados\u0165 o zmenu v povolen\u00ed klinick\u00e9ho sk\u00fa\u0161ania veterin\u00e1rneho lieku<\/a><\/div>\n\n\n\n<div class=\"wp-block-file\"><a id=\"wp-block-file--media-1ce0f9a3-7f4e-47b3-973d-0348ff4c3c44\" href=\"https:\/\/www.uskvbl.sk\/wp-content\/uploads\/Zasady_spravnej_klinickej_praxe.pdf\" target=\"_blank\" rel=\"noreferrer noopener\">Z\u00e1sady spr\u00e1vnej klinickej praxe<\/a><\/div>\n\n\n\n<div class=\"wp-block-file\"><a id=\"wp-block-file--media-e36f68a8-898f-468f-952b-931cc2c0b81b\" href=\"https:\/\/www.uskvbl.sk\/wp-content\/uploads\/VzorobsahuPKS.pdf\">Vzor obsahu protokolu klinick\u00e9ho sk\u00fa\u0161ania veterin\u00e1rnych liekov.<\/a><\/div>\n\n\n\n<p><\/p>\n\n\n\n<h4 class=\"wp-block-heading\"><strong><span class=\"has-inline-color has-blue-color\">Klinick\u00e9 hodnotenie veterin\u00e1rneho pr\u00edpravku a&nbsp;veterin\u00e1rnej technickej pom\u00f4cky<\/span><\/strong><br><\/h4>\n\n\n\n<p>Klinick\u00e9 hodnotenie veterin\u00e1rneho pr\u00edpravku alebo veterin\u00e1rnej technickej pom\u00f4cky sa vykon\u00e1va v&nbsp;zmysle \u00a7 20 z\u00e1kona&nbsp; \u010d. 17\/2018 Z. z&nbsp;o&nbsp;veterin\u00e1rnych pr\u00edpravkoch a&nbsp;veterin\u00e1rnych technick\u00fdch pom\u00f4ckach. Klinick\u00fdm hodnoten\u00edm sa overuje, \u010di je veterin\u00e1rny pr\u00edpravok, alebo veterin\u00e1rna technick\u00e1 pom\u00f4cka vhodn\u00e1 z h\u013eadiska bezpe\u010dnosti a \u00fa\u010dinnosti na pou\u017eitie pri poskytovan\u00ed veterin\u00e1rnej starostlivosti.<br>Klinick\u00e9 sk\u00fa\u0161anie veterin\u00e1rnych liekov a&nbsp;zmeny v&nbsp;klinickom sk\u00fa\u0161an\u00ed povo\u013euje \u00da\u0160KVBL na z\u00e1klade \u017eiadosti.&nbsp;<\/p>\n\n\n\n<div class=\"wp-block-file\"><a id=\"wp-block-file--media-eb6561c5-c61d-44bf-b54f-522cee132a52\" href=\"https:\/\/www.uskvbl.sk\/wp-content\/uploads\/ziadost_o_povolenie_klinickeho_skusania_vp.doc\">\u017diados\u0165 o povolenie klinick\u00e9ho hodnotenia veterin\u00e1rneho pr\u00edpravku a veterin\u00e1rnej technickej pom\u00f4cky<\/a><\/div>\n\n\n\n<div class=\"wp-block-file\"><a id=\"wp-block-file--media-14fad447-b300-4532-bd78-65349550c3c6\" href=\"https:\/\/www.uskvbl.sk\/wp-content\/uploads\/zmena_v_povoleni_klin-hodnotenia-VP-VTP.docx\">\u017diados\u0165 o zmenu v povolen\u00ed klinick\u00e9ho hodnotenia veterin\u00e1rneho pr\u00edpravku a veterin\u00e1rnej technickej pom\u00f4cky<\/a><\/div>\n\n\n\n<p><\/p>\n","protected":false},"excerpt":{"rendered":"<p>Klinick\u00e9 sk\u00fa\u0161anie veterin\u00e1rneho lieku Klinick\u00e9 sk\u00fa\u0161anie veterin\u00e1rneho lieku sa vykon\u00e1va v zmysle \u00a7 78 a\u017e \u00a7 81 z\u00e1kona 362\/2011 Z.z. o liekoch a zdravotn\u00edckych pom\u00f4ckach pri\u010dom vyhl\u00e1\u0161kou MPRV SR \u010d. 196\/2012 Z.z. s\u00fa definovan\u00e9 podrobnosti obsahu protokolu veterin\u00e1rneho klinick\u00e9ho sk\u00fa\u0161ania, &hellip; <a href=\"https:\/\/www.uskvbl.sk\/?page_id=61\">Pokra\u010dova\u0165 v \u010d\u00edtan\u00ed <span class=\"meta-nav\">&rarr;<\/span><\/a><\/p>\n","protected":false},"author":1,"featured_media":0,"parent":0,"menu_order":0,"comment_status":"closed","ping_status":"closed","template":"","meta":{"footnotes":""},"class_list":["post-61","page","type-page","status-publish","hentry"],"_links":{"self":[{"href":"https:\/\/www.uskvbl.sk\/index.php?rest_route=\/wp\/v2\/pages\/61","targetHints":{"allow":["GET"]}}],"collection":[{"href":"https:\/\/www.uskvbl.sk\/index.php?rest_route=\/wp\/v2\/pages"}],"about":[{"href":"https:\/\/www.uskvbl.sk\/index.php?rest_route=\/wp\/v2\/types\/page"}],"author":[{"embeddable":true,"href":"https:\/\/www.uskvbl.sk\/index.php?rest_route=\/wp\/v2\/users\/1"}],"replies":[{"embeddable":true,"href":"https:\/\/www.uskvbl.sk\/index.php?rest_route=%2Fwp%2Fv2%2Fcomments&post=61"}],"version-history":[{"count":18,"href":"https:\/\/www.uskvbl.sk\/index.php?rest_route=\/wp\/v2\/pages\/61\/revisions"}],"predecessor-version":[{"id":9329,"href":"https:\/\/www.uskvbl.sk\/index.php?rest_route=\/wp\/v2\/pages\/61\/revisions\/9329"}],"wp:attachment":[{"href":"https:\/\/www.uskvbl.sk\/index.php?rest_route=%2Fwp%2Fv2%2Fmedia&parent=61"}],"curies":[{"name":"wp","href":"https:\/\/api.w.org\/{rel}","templated":true}]}}