{"id":6090,"date":"2021-10-22T09:56:14","date_gmt":"2021-10-22T07:56:14","guid":{"rendered":"http:\/\/www.uskvbl.sk\/?page_id=6090"},"modified":"2024-07-17T11:49:15","modified_gmt":"2024-07-17T09:49:15","slug":"archiv","status":"publish","type":"page","link":"https:\/\/www.uskvbl.sk\/?page_id=6090","title":{"rendered":"Arch\u00edv"},"content":{"rendered":"\n<p><a href=\"https:\/\/www.uskvbl.sk\/?page_id=8645\" data-type=\"page\" data-id=\"8645\">Arch\u00edv rok 2023<\/a><\/p>\n\n\n\n<p><a href=\"https:\/\/www.uskvbl.sk\/?page_id=8639\" data-type=\"page\" data-id=\"8639\">Arch\u00edv rok 2022<\/a><\/p>\n\n\n\n<p><a href=\"https:\/\/www.uskvbl.sk\/?page_id=7474(otv\u00e1ra sa na novej karte)\">Arch\u00edv rok 2021<\/a><\/p>\n\n\n\n<p><a href=\"https:\/\/www.uskvbl.sk\/?page_id=6494(otv\u00e1ra sa na novej karte)\">Arch\u00edv rok 2020<\/a><\/p>\n\n\n\n<p><a href=\"https:\/\/www.uskvbl.sk\/?page_id=6082(otv\u00e1ra sa na novej karte)\">Arch\u00edv rok 2019<\/a><\/p>\n","protected":false},"excerpt":{"rendered":"<p>Arch\u00edv rok 2023 Arch\u00edv rok 2022 Arch\u00edv rok 2021 Arch\u00edv rok 2020 Arch\u00edv rok 2019<\/p>\n","protected":false},"author":1,"featured_media":0,"parent":0,"menu_order":0,"comment_status":"closed","ping_status":"closed","template":"","meta":{"footnotes":""},"class_list":["post-6090","page","type-page","status-publish","hentry"],"_links":{"self":[{"href":"https:\/\/www.uskvbl.sk\/index.php?rest_route=\/wp\/v2\/pages\/6090","targetHints":{"allow":["GET"]}}],"collection":[{"href":"https:\/\/www.uskvbl.sk\/index.php?rest_route=\/wp\/v2\/pages"}],"about":[{"href":"https:\/\/www.uskvbl.sk\/index.php?rest_route=\/wp\/v2\/types\/page"}],"author":[{"embeddable":true,"href":"https:\/\/www.uskvbl.sk\/index.php?rest_route=\/wp\/v2\/users\/1"}],"replies":[{"embeddable":true,"href":"https:\/\/www.uskvbl.sk\/index.php?rest_route=%2Fwp%2Fv2%2Fcomments&post=6090"}],"version-history":[{"count":8,"href":"https:\/\/www.uskvbl.sk\/index.php?rest_route=\/wp\/v2\/pages\/6090\/revisions"}],"predecessor-version":[{"id":8662,"href":"https:\/\/www.uskvbl.sk\/index.php?rest_route=\/wp\/v2\/pages\/6090\/revisions\/8662"}],"wp:attachment":[{"href":"https:\/\/www.uskvbl.sk\/index.php?rest_route=%2Fwp%2Fv2%2Fmedia&parent=6090"}],"curies":[{"name":"wp","href":"https:\/\/api.w.org\/{rel}","templated":true}]}}