{"id":60,"date":"2020-01-20T14:42:30","date_gmt":"2020-01-20T13:42:30","guid":{"rendered":"http:\/\/www2.uskvbl.sk\/?page_id=60"},"modified":"2026-01-28T10:43:34","modified_gmt":"2026-01-28T09:43:34","slug":"schvaiovanie-vp-a-vtp","status":"publish","type":"page","link":"https:\/\/www.uskvbl.sk\/?page_id=60","title":{"rendered":"SCHVA\u013dOVANIE VETERIN\u00c1RNYCH PR\u00cdPRAVKOV A VETERIN\u00c1RNYCH TECHNICK\u00ddCH POM\u00d4COK"},"content":{"rendered":"\n<p><strong><mark style=\"background-color:rgba(0, 0, 0, 0)\" class=\"has-inline-color has-blue-color\">Schv\u00e1len\u00edm veterin\u00e1rneho pr\u00edpravku<\/mark><\/strong> sa rozumie povolenie na uvedenie veterin\u00e1rneho pr\u00edpravku na trh v&nbsp;Slovenskej republike (z\u00e1kon \u010d. <a href=\"https:\/\/www.zakonypreludi.sk\/zz\/2018-17\" target=\"_blank\" rel=\"noreferrer noopener\">17\/2018<\/a> Z.z. o&nbsp;veterin\u00e1rnych pr\u00edpravkoch a&nbsp;veterin\u00e1rnych technick\u00fdch pom\u00f4ckach a o zmene z\u00e1kona N\u00e1rodnej rady Slovenskej republiky \u010d. 145\/1995 Z. z. o&nbsp;spr\u00e1vnych poplatkoch v&nbsp;znen\u00ed neskor\u0161\u00edch predpisov)&nbsp;a jeho zap\u00edsanie do zoznamu schv\u00e1len\u00fdch veterin\u00e1rnych pr\u00edpravkov. Schv\u00e1leniu podliehaj\u00fa v\u0161etky hromadne vyr\u00e1ban\u00e9 veterin\u00e1rne pr\u00edpravky. Rozhodnutia o schv\u00e1len\u00ed, zmene, pred\u013a\u017een\u00ed, pozastaven\u00ed a zru\u0161en\u00ed schv\u00e1lenia veterin\u00e1rneho pr\u00edpravku vyd\u00e1va \u00dastav \u0161t\u00e1tnej kontroly veterin\u00e1rnych bioprepar\u00e1tov a&nbsp;lie\u010div Nitra.<br><\/p>\n\n\n\n<p><strong><mark style=\"background-color:rgba(0, 0, 0, 0)\" class=\"has-inline-color has-blue-color\">Ozn\u00e1men\u00edm uv\u00e1dzania veterin\u00e1rnej technickej pom\u00f4cky na trh<\/mark><\/strong> sa rozumie povolenie na uvedenie veterin\u00e1rnej technickej pom\u00f4cky na trh v&nbsp;Slovenskej republike (z\u00e1kon \u010d. <a href=\"https:\/\/www.zakonypreludi.sk\/zz\/2018-17\" target=\"_blank\" rel=\"noreferrer noopener\">17\/2018<\/a> Z.z. o&nbsp;veterin\u00e1rnych pr\u00edpravkoch a&nbsp;veterin\u00e1rnych technick\u00fdch pom\u00f4ckach a o zmene z\u00e1kona N\u00e1rodnej rady Slovenskej republiky \u010d. 145\/1995 Z. z. o&nbsp;spr\u00e1vnych poplatkoch v&nbsp;znen\u00ed neskor\u0161\u00edch predpisov) a&nbsp;jej zap\u00edsanie do Zoznamu evidovan\u00fdch veterin\u00e1rnych technick\u00fdch pom\u00f4cok. Ozn\u00e1menie o&nbsp;evidencii uv\u00e1dzania veterin\u00e1rnej technickej pom\u00f4cky na trh vyd\u00e1va \u00dastav \u0161t\u00e1tnej kontroly veterin\u00e1rnych bioprepar\u00e1tov a&nbsp;lie\u010div Nitra.<br><\/p>\n\n\n\n<p><strong><span class=\"has-inline-color has-blue-color\">\u017diados\u0165 o&nbsp;schv\u00e1lenie veterin\u00e1rneho pr\u00edpravku<\/span> <\/strong>predklad\u00e1 \u017eiadate\u013e &#8211; v\u00fdrobca alebo in\u00e1 fyzick\u00e1 osoba &#8211; podnikate\u013e alebo pr\u00e1vnick\u00e1 osoba, ktor\u00e1 m\u00e1 miesto podnikania alebo s\u00eddlo v&nbsp;Slovenskej republike, \u010dlenskom \u0161t\u00e1te, zmluvnom \u0161t\u00e1te, tre\u0165om \u0161t\u00e1te alebo Turecku.&nbsp;<\/p>\n\n\n\n<p>\u017diadate\u013e o&nbsp;schv\u00e1lenie pr\u00edpravku pod\u00e1va \u017eiados\u0165 o&nbsp;schv\u00e1lenie veterin\u00e1rneho pr\u00edpravku \u00dastavu v&nbsp;\u0161t\u00e1tnom jazyku alebo v&nbsp;anglickom jazyku a&nbsp;to v&nbsp;dvoch listinn\u00fdch vyhotoveniach alebo elektronicky. \u017diadate\u013e k&nbsp;\u017eiadosti o&nbsp;schv\u00e1lenie priklad\u00e1 pr\u00edlohy a&nbsp;po\u017eadovan\u00fa dokument\u00e1ciu.<br><\/p>\n\n\n\n<div class=\"wp-block-file\"><a id=\"wp-block-file--media-879a9614-9a78-4feb-a838-a4eecc50115e\" href=\"https:\/\/www.uskvbl.sk\/wp-content\/uploads\/ziadost_o_schvalenie_vp.docx\">\u017diados\u0165 o schv\u00e1lenie veterin\u00e1rneho pr\u00edpravku<\/a><\/div>\n\n\n\n<div class=\"wp-block-file\"><a id=\"wp-block-file--media-264a42af-b44d-4b02-a554-1ae905c52c7e\" href=\"https:\/\/www.uskvbl.sk\/wp-content\/uploads\/ziadost_o_predlzenie_schvalenia_vp.docx\">\u017diados\u0165 o pred\u013a\u017eenie schv\u00e1lenia veterin\u00e1rneho pr\u00edpravku<\/a><\/div>\n\n\n\n<div class=\"wp-block-file\"><a id=\"wp-block-file--media-9bfedfe1-3fd9-438a-9667-0ca0ff3b922e\" href=\"https:\/\/www.uskvbl.sk\/wp-content\/uploads\/ziadost_o_zmenu_schvalenia_vp.docx\">\u017diados\u0165 o zmenu schv\u00e1lenia veterin\u00e1rneho pr\u00edpravku<\/a><\/div>\n\n\n\n<div class=\"wp-block-file\"><a id=\"wp-block-file--media-f8cd9065-9f06-4067-82c7-6f57a34a8e3d\" href=\"https:\/\/www.uskvbl.sk\/wp-content\/uploads\/ziadost_o_zrusenie_schvalenia_vp.docx\">\u017diados\u0165 o zru\u0161enie schv\u00e1lenia veterin\u00e1rneho pr\u00edpravku<\/a><\/div>\n\n\n\n<p><\/p>\n\n\n\n<p><strong><span style=\"background-color:rgba(0, 0, 0, 0)\" class=\"has-inline-color has-blue-color\">Ozn\u00e1menie uv\u00e1dzania veterin\u00e1rnej technickej pom\u00f4cky na trh<\/span><\/strong> predklad\u00e1 \u00dastavu \u017eiadate\u013e &#8211; v\u00fdrobca alebo in\u00e1 fyzick\u00e1 osoba \u2013 podnikate\u013e alebo pr\u00e1vnick\u00e1 osoba, ktor\u00e1 uv\u00e1dza veterin\u00e1rnu technick\u00fa pom\u00f4cku na trh a&nbsp;m\u00e1 miesto podnikania alebo s\u00eddlo v&nbsp;Slovenskej republike, \u010dlenskom \u0161t\u00e1te, zmluvnom \u0161t\u00e1te, tre\u0165om \u0161t\u00e1te alebo Turecku. Ozn\u00e1menie sa pod\u00e1va v&nbsp;\u0161t\u00e1tnom jazyku alebo v&nbsp;anglickom jazyku a&nbsp;to v&nbsp;dvoch listinn\u00fdch vyhotoveniach alebo elektronicky. \u017diadate\u013e k&nbsp;Ozn\u00e1meniu priklad\u00e1 pr\u00edlohy a&nbsp;po\u017eadovan\u00fa dokument\u00e1ciu.&nbsp;&nbsp;<\/p>\n\n\n\n<div class=\"wp-block-file\"><a id=\"wp-block-file--media-9a17828e-7625-4899-8f69-9c07c5831e3b\" href=\"https:\/\/www.uskvbl.sk\/wp-content\/uploads\/ziadost_o_schvalenie_vtp.docx\">Ozn\u00e1menie uv\u00e1dzania veterin\u00e1rnej technickej pom\u00f4cky <\/a><\/div>\n\n\n\n<p><\/p>\n\n\n\n<p><strong><mark style=\"background-color:rgba(0, 0, 0, 0)\" class=\"has-inline-color has-blue-color\">Po\u017eiadavky a pokyny<\/mark><\/strong> ku&nbsp;schv\u00e1leniu veterin\u00e1rneho pr\u00edpravku a&nbsp;ozn\u00e1meniu uv\u00e1dzania veterin\u00e1rnej technickej pom\u00f4cky na trh vych\u00e1dzaj\u00fa z pr\u00e1vnej \u00fapravy z\u00e1kona \u010d. <a href=\"https:\/\/www.zakonypreludi.sk\/zz\/2018-17\" target=\"_blank\" rel=\"noreferrer noopener\">17\/2018<\/a> Z.z. o&nbsp;veterin\u00e1rnych pr\u00edpravkoch a&nbsp;veterin\u00e1rnych technick\u00fdch pom\u00f4ckach. Konkr\u00e9tne po\u017eiadavky na schv\u00e1lenie veterin\u00e1rneho pr\u00edpravku a&nbsp;evidenciu veterin\u00e1rnej technickej pom\u00f4cky s\u00fa uveden\u00e9 v&nbsp;pr\u00edloh\u00e1ch z\u00e1kona \u010d. <a href=\"https:\/\/www.zakonypreludi.sk\/zz\/2018-17\" target=\"_blank\" rel=\"noreferrer noopener\">17\/2018<\/a> Z.z. o&nbsp;veterin\u00e1rnych pr\u00edpravkoch a&nbsp;veterin\u00e1rnych technick\u00fdch pom\u00f4ckach.&nbsp;<br><\/p>\n\n\n\n<div class=\"wp-block-file\"><a id=\"wp-block-file--media-35f369dd-233e-4209-8fdf-1b5821ed587b\" href=\"https:\/\/www.uskvbl.sk\/wp-content\/uploads\/Poziadavky-na-vet.pripravky.pdf\" target=\"_blank\" rel=\"noreferrer noopener\">Po\u017eiadavky k schv\u00e1leniu veterin\u00e1rneho pr\u00edpravku (in\u00e9ho ako dezinfek\u010dn\u00e9ho)<\/a><\/div>\n\n\n\n<div class=\"wp-block-file\"><a id=\"wp-block-file--media-9a68da73-4139-47c4-bad4-215f0a5fd927\" href=\"https:\/\/www.uskvbl.sk\/wp-content\/uploads\/Poziadavky-na-dezinfekcne-vet.pripravky.pdf\" target=\"_blank\" rel=\"noreferrer noopener\">Po\u017eiadavky k schv\u00e1leniu veterin\u00e1rneho dezinfek\u010dn\u00e9ho pr\u00edpravku<\/a><\/div>\n","protected":false},"excerpt":{"rendered":"<p>Schv\u00e1len\u00edm veterin\u00e1rneho pr\u00edpravku sa rozumie povolenie na uvedenie veterin\u00e1rneho pr\u00edpravku na trh v&nbsp;Slovenskej republike (z\u00e1kon \u010d. 17\/2018 Z.z. o&nbsp;veterin\u00e1rnych pr\u00edpravkoch a&nbsp;veterin\u00e1rnych technick\u00fdch pom\u00f4ckach a o zmene z\u00e1kona N\u00e1rodnej rady Slovenskej republiky \u010d. 145\/1995 Z. z. o&nbsp;spr\u00e1vnych poplatkoch v&nbsp;znen\u00ed neskor\u0161\u00edch predpisov)&nbsp;a &hellip; <a href=\"https:\/\/www.uskvbl.sk\/?page_id=60\">Pokra\u010dova\u0165 v \u010d\u00edtan\u00ed <span class=\"meta-nav\">&rarr;<\/span><\/a><\/p>\n","protected":false},"author":1,"featured_media":0,"parent":0,"menu_order":0,"comment_status":"closed","ping_status":"closed","template":"","meta":{"footnotes":""},"class_list":["post-60","page","type-page","status-publish","hentry"],"_links":{"self":[{"href":"https:\/\/www.uskvbl.sk\/index.php?rest_route=\/wp\/v2\/pages\/60","targetHints":{"allow":["GET"]}}],"collection":[{"href":"https:\/\/www.uskvbl.sk\/index.php?rest_route=\/wp\/v2\/pages"}],"about":[{"href":"https:\/\/www.uskvbl.sk\/index.php?rest_route=\/wp\/v2\/types\/page"}],"author":[{"embeddable":true,"href":"https:\/\/www.uskvbl.sk\/index.php?rest_route=\/wp\/v2\/users\/1"}],"replies":[{"embeddable":true,"href":"https:\/\/www.uskvbl.sk\/index.php?rest_route=%2Fwp%2Fv2%2Fcomments&post=60"}],"version-history":[{"count":21,"href":"https:\/\/www.uskvbl.sk\/index.php?rest_route=\/wp\/v2\/pages\/60\/revisions"}],"predecessor-version":[{"id":9456,"href":"https:\/\/www.uskvbl.sk\/index.php?rest_route=\/wp\/v2\/pages\/60\/revisions\/9456"}],"wp:attachment":[{"href":"https:\/\/www.uskvbl.sk\/index.php?rest_route=%2Fwp%2Fv2%2Fmedia&parent=60"}],"curies":[{"name":"wp","href":"https:\/\/api.w.org\/{rel}","templated":true}]}}