{"id":58,"date":"2020-01-20T14:42:30","date_gmt":"2020-01-20T13:42:30","guid":{"rendered":"http:\/\/www2.uskvbl.sk\/?page_id=58"},"modified":"2026-01-29T13:38:02","modified_gmt":"2026-01-29T12:38:02","slug":"registracia-vl","status":"publish","type":"page","link":"https:\/\/www.uskvbl.sk\/?page_id=58","title":{"rendered":"REGISTR\u00c1CIA VETERIN\u00c1RNYCH LIEKOV"},"content":{"rendered":"\n<p>Registr\u00e1ciou veterin\u00e1rneho lieku sa rozumie povolenie na uvedenie lieku na trh a jeho zap\u00edsanie do zoznamu registrovan\u00fdch veterin\u00e1rnych liekov. Registr\u00e1cii podliehaj\u00fa v\u0161etky hromadne vyr\u00e1ban\u00e9 veterin\u00e1rne lieky. Rozhodnutia o registr\u00e1cii, zmene, pred\u013a\u017een\u00ed, pozastaven\u00ed, zru\u0161en\u00ed a prevode registr\u00e1cie veterin\u00e1rneho lieku vyd\u00e1va<\/p>\n\n\n\n<p>\u00dastav \u0161t\u00e1tnej kontroly veterin\u00e1rnych bioprepar\u00e1tov a lie\u010div, ak ide o&nbsp;veterin\u00e1rne lieky registrovan\u00e9 n\u00e1rodn\u00fdm postupom (NP), &nbsp; decentralizovan\u00fdm postupom (DCP), alebo postupom vz\u00e1jomn\u00e9ho uzn\u00e1vania (MRP)<br>alebo<br>Eur\u00f3pska komisia (EK), ak ide o veterin\u00e1rne lieky registrovan\u00e9 pod\u013ea osobitn\u00fdch predpisov \u2013 centralizovan\u00fd postup (CP)&nbsp;<\/p>\n\n\n\n<p>Okrem pr\u00edpadov, ke\u010f je CP povinn\u00fd alebo volite\u013en\u00fd, ak si \u017eiadate\u013e\/dr\u017eite\u013e rozhodnutia o registr\u00e1cii \u017eel\u00e1, aby bola registr\u00e1cia uznan\u00e1 vo viac ako jednom \u010dlenskom \u0161t\u00e1te, potom mus\u00ed pou\u017ei\u0165 bu\u010f MRP, ak je veterin\u00e1rny liek registrovan\u00fd v Spolo\u010denstve, alebo DCP, ak veterin\u00e1rny liek e\u0161te nie je v Spolo\u010denstve registrovan\u00fd.<\/p>\n\n\n\n<p>\u017diados\u0165 o registr\u00e1ciu veterin\u00e1rneho lieku predklad\u00e1 \u017eiadate\u013e &#8211; fyzick\u00e1 osoba alebo pr\u00e1vnick\u00e1 osoba, ktor\u00e1 mus\u00ed ma\u0165 bydlisko alebo s\u00eddlo v Slovenskej republike alebo v inom \u010dlenskom \u0161t\u00e1te.<\/p>\n\n\n\n<p>\u017diadatelia\/dr\u017eitelia rozhodnutia o&nbsp;registr\u00e1cii veterin\u00e1rneho lieku m\u00f4\u017eu plne vyu\u017e\u00edva\u0165 syst\u00e9m elektronick\u00e9ho predkladania \u017eiadosti &nbsp;cez spolo\u010dn\u00fd eur\u00f3psky port\u00e1l pre elektronick\u00e9 pod\u00e1vanie (CESP).<br><\/p>\n\n\n\n<p>\u017diados\u0165 o registr\u00e1ciu veterin\u00e1rneho lieku <br>\u017diados\u0165 o pred\u013a\u017eenie registr\u00e1cie veterin\u00e1rneho lieku <br>\u017diados\u0165 o schv\u00e1lenie zmeny veterin\u00e1rneho lieku <a rel=\"noreferrer noopener\" href=\"http:\/\/esubmission.ema.europa.eu\/eaf\/index.html\" target=\"_blank\">http:\/\/esubmission.ema.europa.eu\/eaf\/index.html<\/a><\/p>\n\n\n\n<div class=\"wp-block-file\"><a id=\"wp-block-file--media-de565d2a-0c4c-425c-9e83-4acff429fc54\" href=\"https:\/\/www.uskvbl.sk\/wp-content\/uploads\/ziadost_o_prevod_registracie.docx\">\u017diados\u0165 o prevod registr\u00e1cie veterin\u00e1rneho lieku<\/a><\/div>\n\n\n\n<div class=\"wp-block-file\"><a id=\"wp-block-file--media-e7e88c08-273c-44af-8f18-1e7bd7d554f5\" href=\"https:\/\/www.uskvbl.sk\/wp-content\/uploads\/ziadost_o_zrusenie_registracie.docx\">\u017diados\u0165 o zru\u0161enie registr\u00e1cie veterin\u00e1rneho lieku<\/a><\/div>\n\n\n\n<div class=\"wp-block-file\"><a id=\"wp-block-file--media-40c1bc82-2b0c-4b1f-bee0-10a4410bc001\" href=\"https:\/\/www.uskvbl.sk\/wp-content\/uploads\/formular_na_splnomocnenie.pdf\" target=\"_blank\" rel=\"noreferrer noopener\">Formul\u00e1r na splnomocnenie<\/a><\/div>\n\n\n\n<div class=\"wp-block-file\"><a id=\"wp-block-file--media-6f109304-a312-4e47-b733-ab3023db53c3\" href=\"https:\/\/www.uskvbl.sk\/wp-content\/uploads\/power_of_attorney.pdf\" target=\"_blank\" rel=\"noreferrer noopener\">Power of attorney<\/a><\/div>\n\n\n\n<p><\/p>\n\n\n\n<p>Regula\u010dn\u00e9 postupy pre jednotliv\u00e9 proced\u00fary s\u00fa stanoven\u00e9 nariaden\u00edm Eur\u00f3pskeho parlamentu a&nbsp;Rady (EU) 2019\/6 o&nbsp;veterin\u00e1rnych liekoch. Toto nariadenie tie\u017e ulo\u017eilo povinnos\u0165 Agent\u00fare (EMA) zriadenie a&nbsp;v&nbsp;spolupr\u00e1ci s&nbsp;\u010dlensk\u00fdmi \u0161t\u00e1tmi spravovanie datab\u00e1zy \u00danie pre veterin\u00e1rne lieky (UPD). V&nbsp;s\u00fa\u010dasnosti tak existuje jednotn\u00e1 eur\u00f3pska datab\u00e1za registrovan\u00fdch veterin\u00e1rnych liekov.<\/p>\n\n\n\n<p>Po\u017eiadavky a pokyny k&nbsp;registr\u00e1cii veterin\u00e1rneho lieku vych\u00e1dzaj\u00fa&nbsp;z dokumentov, ktor\u00fdch pr\u00edpravu koordinuje EK a&nbsp;EMA. S\u00fa to predov\u0161etk\u00fdm&nbsp; vedeck\u00e9 usmernenia, ako aj po\u017eiadavky na registra\u010dn\u00fa dokument\u00e1ciu.<br><\/p>\n","protected":false},"excerpt":{"rendered":"<p>Registr\u00e1ciou veterin\u00e1rneho lieku sa rozumie povolenie na uvedenie lieku na trh a jeho zap\u00edsanie do zoznamu registrovan\u00fdch veterin\u00e1rnych liekov. Registr\u00e1cii podliehaj\u00fa v\u0161etky hromadne vyr\u00e1ban\u00e9 veterin\u00e1rne lieky. Rozhodnutia o registr\u00e1cii, zmene, pred\u013a\u017een\u00ed, pozastaven\u00ed, zru\u0161en\u00ed a prevode registr\u00e1cie veterin\u00e1rneho lieku vyd\u00e1va \u00dastav &hellip; <a href=\"https:\/\/www.uskvbl.sk\/?page_id=58\">Pokra\u010dova\u0165 v \u010d\u00edtan\u00ed <span class=\"meta-nav\">&rarr;<\/span><\/a><\/p>\n","protected":false},"author":1,"featured_media":0,"parent":0,"menu_order":0,"comment_status":"closed","ping_status":"closed","template":"","meta":{"footnotes":""},"class_list":["post-58","page","type-page","status-publish","hentry"],"_links":{"self":[{"href":"https:\/\/www.uskvbl.sk\/index.php?rest_route=\/wp\/v2\/pages\/58","targetHints":{"allow":["GET"]}}],"collection":[{"href":"https:\/\/www.uskvbl.sk\/index.php?rest_route=\/wp\/v2\/pages"}],"about":[{"href":"https:\/\/www.uskvbl.sk\/index.php?rest_route=\/wp\/v2\/types\/page"}],"author":[{"embeddable":true,"href":"https:\/\/www.uskvbl.sk\/index.php?rest_route=\/wp\/v2\/users\/1"}],"replies":[{"embeddable":true,"href":"https:\/\/www.uskvbl.sk\/index.php?rest_route=%2Fwp%2Fv2%2Fcomments&post=58"}],"version-history":[{"count":32,"href":"https:\/\/www.uskvbl.sk\/index.php?rest_route=\/wp\/v2\/pages\/58\/revisions"}],"predecessor-version":[{"id":9471,"href":"https:\/\/www.uskvbl.sk\/index.php?rest_route=\/wp\/v2\/pages\/58\/revisions\/9471"}],"wp:attachment":[{"href":"https:\/\/www.uskvbl.sk\/index.php?rest_route=%2Fwp%2Fv2%2Fmedia&parent=58"}],"curies":[{"name":"wp","href":"https:\/\/api.w.org\/{rel}","templated":true}]}}