{"id":4702,"date":"2020-11-24T09:56:38","date_gmt":"2020-11-24T08:56:38","guid":{"rendered":"http:\/\/www.uskvbl.sk\/?page_id=4702"},"modified":"2024-01-25T12:33:42","modified_gmt":"2024-01-25T11:33:42","slug":"nova-legislativa","status":"publish","type":"page","link":"https:\/\/www.uskvbl.sk\/?page_id=4702","title":{"rendered":"Nov\u00e1 legislat\u00edva"},"content":{"rendered":"\n<div class=\"wp-block-file\"><a id=\"wp-block-file--media-300015fc-34cd-4b26-a445-d9bbef96f5ba\" href=\"https:\/\/www.uskvbl.sk\/wp-content\/uploads\/ZZ_2011_362_20230101.pdf\" target=\"_blank\" rel=\"noreferrer noopener\">Novela z\u00e1kona 362\/2011 o liekoch a zdravotn\u00edckych pom\u00f4ckach a o zmene a doplnen\u00ed niektor\u00fdch z\u00e1konov \u00fa\u010dinn\u00e1 od 1.1.2023<\/a><\/div>\n\n\n\n<p><\/p>\n\n\n\n<h3 class=\"wp-block-heading\"><strong><em>Nariadenia E\u00da<\/em><\/strong><\/h3>\n\n\n\n<div class=\"wp-block-file\"><a id=\"wp-block-file--media-9e09a35a-1320-4cc2-b5ab-ea02d130019d\" href=\"https:\/\/www.uskvbl.sk\/wp-content\/uploads\/nariadenie_c._2019-6_o_veterinarnych_liekoch.pdf\" target=\"_blank\" rel=\"noreferrer noopener\">NARIADENIE EUR\u00d3PSKEHO PARLAMENTU A RADY (E\u00da) 2019\/6 z 11. decembra 2018 o veterin\u00e1rnych liekoch a o zru\u0161en\u00ed smernice 2001\/82\/ES<\/a><\/div>\n\n\n\n<div class=\"wp-block-file\"><a id=\"wp-block-file--media-cca94f72-d45c-4f53-b4e4-f2f627655f33\" href=\"https:\/\/www.uskvbl.sk\/wp-content\/uploads\/nariadenie_c._2019-5_o_veterinarnych_liekoch.pdf\" target=\"_blank\" rel=\"noreferrer noopener\">NARIADENIE EUR\u00d3PSKEHO PARLAMENTU A RADY (E\u00da) 2019\/5 z 11. decembra 2018, ktor\u00fdm sa men\u00ed nariadenie (ES) \u010d. 726\/2004, ktor\u00fdm sa stanovuj\u00fa postupy Spolo\u010denstva pri povo\u013eovan\u00ed liekov na hum\u00e1nne pou\u017eitie a na veterin\u00e1rne pou\u017eitie a pri vykon\u00e1van\u00ed dozoru nad t\u00fdmito liekmi a ktor\u00fdm sa zria\u010fuje Eur\u00f3pska agent\u00fara pre lieky, nariadenie (ES) \u010d. 1901\/2006 o liekoch na pediatrick\u00e9 pou\u017eitie a smernica 2001\/83\/ES, ktorou sa ustanovuje z\u00e1konn\u00edk Spolo\u010denstva o hum\u00e1nnych liekoch<\/a><\/div>\n\n\n\n<div class=\"wp-block-file\"><a id=\"wp-block-file--media-440a4453-45ef-4d45-94dc-b7bfc0bad537\" href=\"https:\/\/www.uskvbl.sk\/wp-content\/uploads\/nariadenie_c._2019-4_o_medikovanych_krmivach.pdf\" target=\"_blank\" rel=\"noreferrer noopener\">NARIADENIE EUR\u00d3PSKEHO PARLAMENTU A RADY (E\u00da) 2019\/4 z 11. decembra 2018 o v\u00fdrobe, uv\u00e1dzan\u00ed na trh a pou\u017e\u00edvan\u00ed medikovan\u00fdch krm\u00edv a o zmene nariadenia Eur\u00f3pskeho parlamentu a Rady (ES) \u010d. 183\/2005 a zru\u0161en\u00ed smernice Rady 90\/167\/EHS<\/a><\/div>\n\n\n\n<p><\/p>\n\n\n\n<h3 class=\"wp-block-heading\"><em><strong>Implementovan\u00e9 a delegovan\u00e9 akty &#8211; <\/strong>pripravovan\u00e9<\/em><\/h3>\n\n\n\n<div class=\"wp-block-file\"><a id=\"wp-block-file--media-d31c9f9e-ca50-4ae7-8dfe-ab488d23a35d\" href=\"https:\/\/www.uskvbl.sk\/wp-content\/uploads\/zoznam_implemantovanych_a_delegovanych_aktov_s_odkazmi.docx\">Zoznam delegovan\u00fdch a implementovan\u00fdch aktov s odkazom v Nariaden\u00ed a kone\u010dn\u00fd term\u00edn<\/a><\/div>\n\n\n\n<p><\/p>\n\n\n\n<h3 class=\"wp-block-heading\"><em><strong>Implementovan\u00e9 a delegovan\u00e9 akty &#8211;<\/strong> schv\u00e1len\u00e9<\/em><\/h3>\n\n\n\n<div class=\"wp-block-file\"><a id=\"wp-block-file--media-10f8dbb2-3e08-40cc-94d9-5f6bc7efd840\" href=\"https:\/\/www.uskvbl.sk\/wp-content\/uploads\/CELEX_32021R1281_SK_TXT.pdf\">VYKON\u00c1VACIE NARIADENIE KOMISIE (E\u00da) 2021\/1281 z 2. augusta 2021, ktor\u00fdm sa stanovuj\u00fa pravidl\u00e1 uplat\u0148ovania nariadenia Eur\u00f3pskeho parlamentu a Rady (E\u00da) 2019\/6, pokia\u013e ide o spr\u00e1vnu prax v oblasti farmakovigilan\u010dn\u00e9ho doh\u013eadu a o form\u00e1t, obsah a s\u00fahrn hlavn\u00e9ho dokumentu farmakovigilan\u010dn\u00e9ho syst\u00e9mu pre veterin\u00e1rne lieky<\/a><\/div>\n\n\n\n<div class=\"wp-block-file\"><a id=\"wp-block-file--media-0a7aafd1-0e74-4bd6-aa97-38bede662e30\" href=\"https:\/\/www.uskvbl.sk\/wp-content\/uploads\/CELEX_32021R1281_EN_TXT.pdf\">COMMISSION IMPLEMENTING REGULATION (EU) 2021\/1281 of 2 August 2021 laying down rules for the application of Regulation (EU) 2019\/6 of the European Parliament and of the Council as regards good pharmacovigilance practice and on the format, content and summary of the pharmacovigilance system master file for veterinary medicinal products<\/a><\/div>\n\n\n\n<div class=\"wp-block-file\"><a id=\"wp-block-file--media-497ae89d-0661-4062-a48c-a07fcb6b20a3\" href=\"https:\/\/www.uskvbl.sk\/wp-content\/uploads\/CELEX_32021R1280_SK_TXT.pdf\">VYKON\u00c1VACIE NARIADENIE KOMISIE (E\u00da) 2021\/1280 z 2. augusta 2021 o opatreniach t\u00fdkaj\u00facich sa spr\u00e1vnej distribu\u010dnej praxe pre \u00fa\u010dinn\u00e9 l\u00e1tky pou\u017e\u00edvan\u00e9 ako vstupn\u00e9 suroviny vo veterin\u00e1rnych liekoch v s\u00falade s nariaden\u00edm Eur\u00f3pskeho parlamentu a Rady (E\u00da) 2019\/6<\/a><\/div>\n\n\n\n<div class=\"wp-block-file\"><a id=\"wp-block-file--media-8239a0fc-4627-4802-9e27-6538b6b6f6fe\" href=\"https:\/\/www.uskvbl.sk\/wp-content\/uploads\/CELEX_32021R1280_EN_TXT.pdf\">COMMISSION IMPLEMENTING REGULATION (EU) 2021\/1280 of 2 August 2021 as regards measures on good distribution practice for active substances used as starting materials in veterinary medicinal products in accordance with Regulation (EU) 2019\/6 of the European Parliament and of the Council<\/a><\/div>\n\n\n\n<div class=\"wp-block-file\"><a id=\"wp-block-file--media-88c71599-1420-4b6a-a8b1-5103d5bfcfac\" href=\"https:\/\/www.uskvbl.sk\/wp-content\/uploads\/CELEX_32021R1248_SK_TXT.pdf\">VYKON\u00c1VACIE NARIADENIE KOMISIE (E\u00da) 2021\/1248 z 29. j\u00fala 2021 o opatreniach t\u00fdkaj\u00facich sa spr\u00e1vnej distribu\u010dnej praxe pre veterin\u00e1rne lieky v s\u00falade s nariaden\u00edm Eur\u00f3pskeho parlamentu a Rady (E\u00da) 2019\/6<\/a><\/div>\n\n\n\n<div class=\"wp-block-file\"><a id=\"wp-block-file--media-b1fe0ecb-ef8d-474c-9084-ef630cc58c9e\" href=\"https:\/\/www.uskvbl.sk\/wp-content\/uploads\/CELEX_32021R1248_EN_TXT.pdf\">COMMISSION IMPLEMENTING REGULATION (EU) 2021\/1248 of 29 July 2021 as regards measures on good distribution practice for veterinary medicinal products in accordance with Regulation (EU) 2019\/6 of the European Parliament and of the Council<\/a><\/div>\n\n\n\n<div class=\"wp-block-file\"><a id=\"wp-block-file--media-07fd3db4-0ebe-4991-8122-63a6eb4e797e\" href=\"https:\/\/www.uskvbl.sk\/wp-content\/uploads\/2021-578.pdf\" target=\"_blank\" rel=\"noreferrer noopener\">DELEGOVAN\u00c9 NARIADENIE KOMISIE (E\u00da) 2021\/578 z 29. janu\u00e1ra 2021, ktor\u00fdm sa dop\u013a\u0148a nariadenie Eur\u00f3pskeho parlamentu a Rady (E\u00da) 2019\/6, pokia\u013e ide o po\u017eiadavky na zber \u00fadajov o objeme predaja a o pou\u017e\u00edvan\u00ed antimikrobi\u00e1lnych liekov u zvierat<\/a><\/div>\n\n\n\n<div class=\"wp-block-file\"><a id=\"wp-block-file--media-ddeef4d0-f2bb-434d-a22e-b9158d31496d\" href=\"https:\/\/www.uskvbl.sk\/wp-content\/uploads\/2021-16-SK_TXT.pdf\" target=\"_blank\" rel=\"noreferrer noopener\">VYKON\u00c1VACIE NARIADENIE KOMISIE (E\u00da) 2021\/16 z 8. janu\u00e1ra 2021, ktor\u00fdm sa stanovuj\u00fa potrebn\u00e9 opatrenia a praktick\u00e9 opatrenia t\u00fdkaj\u00face sa datab\u00e1zy veterin\u00e1rnych liekov \u00danie (datab\u00e1za liekov \u00danie)<\/a><\/div>\n\n\n\n<div class=\"wp-block-file\"><a id=\"wp-block-file--media-9075fd49-61a3-4eb1-93e2-0d6953b8671a\" href=\"https:\/\/www.uskvbl.sk\/wp-content\/uploads\/adopted_Regulation_UPD_2021_16.pdf\" target=\"_blank\" rel=\"noreferrer noopener\">COMMISSION IMPLEMENTING REGULATION (EU) 2021\/16 of 8 January 2021 laying down the necessary measures and practical arrangements for the Union database on veterinary medicinal products (Union product database)<\/a><\/div>\n\n\n\n<div class=\"wp-block-file\"><a id=\"wp-block-file--media-f1479fae-e6db-47ec-85ff-b6b3efd93f39\" href=\"https:\/\/www.uskvbl.sk\/wp-content\/uploads\/adopted_regulation_VNRA_IA_2021_17.pdf\" target=\"_blank\" rel=\"noreferrer noopener\">COMMISSION IMPLEMENTING REGULATION (EU) 2021\/17 of 8 January 2021 establishing a list of variations not requiring assessment in accordance with Regulation (EU) 2019\/6 of the European Parliament and of the Council<\/a><\/div>\n\n\n\n<div class=\"wp-block-file\"><a id=\"wp-block-file--media-b6dffdf3-0507-4fcf-ac0f-34e6fa0644b2\" href=\"https:\/\/www.uskvbl.sk\/wp-content\/uploads\/https___eur-lex.europa.pdf\" target=\"_blank\" rel=\"noreferrer noopener\">VYKON\u00c1VACIE NARIADENIE KOMISIE (E\u00da) 2021\/17 z 8. janu\u00e1ra 2021, ktor\u00fdm sa stanovuje zoznam zmien, ktor\u00e9 si nevy\u017eaduj\u00fa pos\u00fadenie, v s\u00falade s nariaden\u00edm Eur\u00f3pskeho parlamentu a Rady (E\u00da) 2019\/6<\/a><\/div>\n","protected":false},"excerpt":{"rendered":"<p>Nariadenia E\u00da Implementovan\u00e9 a delegovan\u00e9 akty &#8211; pripravovan\u00e9 Implementovan\u00e9 a delegovan\u00e9 akty &#8211; schv\u00e1len\u00e9<\/p>\n","protected":false},"author":1,"featured_media":0,"parent":0,"menu_order":0,"comment_status":"closed","ping_status":"closed","template":"","meta":{"footnotes":""},"class_list":["post-4702","page","type-page","status-publish","hentry"],"_links":{"self":[{"href":"https:\/\/www.uskvbl.sk\/index.php?rest_route=\/wp\/v2\/pages\/4702","targetHints":{"allow":["GET"]}}],"collection":[{"href":"https:\/\/www.uskvbl.sk\/index.php?rest_route=\/wp\/v2\/pages"}],"about":[{"href":"https:\/\/www.uskvbl.sk\/index.php?rest_route=\/wp\/v2\/types\/page"}],"author":[{"embeddable":true,"href":"https:\/\/www.uskvbl.sk\/index.php?rest_route=\/wp\/v2\/users\/1"}],"replies":[{"embeddable":true,"href":"https:\/\/www.uskvbl.sk\/index.php?rest_route=%2Fwp%2Fv2%2Fcomments&post=4702"}],"version-history":[{"count":25,"href":"https:\/\/www.uskvbl.sk\/index.php?rest_route=\/wp\/v2\/pages\/4702\/revisions"}],"predecessor-version":[{"id":8525,"href":"https:\/\/www.uskvbl.sk\/index.php?rest_route=\/wp\/v2\/pages\/4702\/revisions\/8525"}],"wp:attachment":[{"href":"https:\/\/www.uskvbl.sk\/index.php?rest_route=%2Fwp%2Fv2%2Fmedia&parent=4702"}],"curies":[{"name":"wp","href":"https:\/\/api.w.org\/{rel}","templated":true}]}}