{"id":4303,"date":"2020-09-08T13:54:47","date_gmt":"2020-09-08T11:54:47","guid":{"rendered":"http:\/\/www.uskvbl.sk\/?page_id=4303"},"modified":"2026-02-13T09:35:20","modified_gmt":"2026-02-13T08:35:20","slug":"oznamenia","status":"publish","type":"page","link":"https:\/\/www.uskvbl.sk\/?page_id=4303","title":{"rendered":"OZN\u00c1MENIA"},"content":{"rendered":"\n<p>&#8212;&#8212;&#8212;&#8212;&#8212;&#8212;&#8212;&#8212;&#8212;&#8212;&#8212;&#8212;&#8212;&#8212;&#8212;&#8212;&#8212;&#8212;&#8212;&#8212;&#8212;&#8212;&#8212;&#8212;&#8212;&#8212;&#8212;&#8212;&#8212;&#8212;&#8212;&#8212;&#8212;&#8212;&#8212;&#8212;&#8212;&#8212;&#8212;&#8212;&#8212;&#8211;<\/p>\n\n\n\n<h4 class=\"wp-block-heading has-text-align-center\"><strong>OZN\u00c1MENIE PRE DR\u017dITE\u013dOV ROZHODNUTIA O SCHV\u00c1LEN\u00cd VETERIN\u00c1RNYCH PR\u00cdPRAVKOV<br>RO\u010cN\u00dd UDR\u017dIAVAC\u00cd POPLATOK<\/strong><\/h4>\n\n\n\n<p>\u00da\u0160KVBL Nitra oznamuje v\u0161etk\u00fdm dr\u017eite\u013eom rozhodnutia o schv\u00e1len\u00ed veterin\u00e1rnych pr\u00edpravkov, \u017ee od 01.01.2025 zav\u00e1dza n\u00e1hrady v\u00fddajov za \u00fakony \u00fastavu spojen\u00e9 s trvan\u00edm schv\u00e1lenia veterin\u00e1rnych pr\u00edpravkov formou ro\u010dn\u00fdch udr\u017eiavac\u00edch poplatkov v sume 50 \u20ac.<\/p>\n\n\n\n<p><a href=\"https:\/\/www.uskvbl.sk\/?page_id=346\">viac v poplatkoch<\/a><\/p>\n\n\n\n<p><\/p>\n","protected":false},"excerpt":{"rendered":"<p>&#8212;&#8212;&#8212;&#8212;&#8212;&#8212;&#8212;&#8212;&#8212;&#8212;&#8212;&#8212;&#8212;&#8212;&#8212;&#8212;&#8212;&#8212;&#8212;&#8212;&#8212;&#8212;&#8212;&#8212;&#8212;&#8212;&#8212;&#8212;&#8212;&#8212;&#8212;&#8212;&#8212;&#8212;&#8212;&#8212;&#8212;&#8212;&#8212;&#8212;&#8212;&#8211; OZN\u00c1MENIE PRE DR\u017dITE\u013dOV ROZHODNUTIA O SCHV\u00c1LEN\u00cd VETERIN\u00c1RNYCH PR\u00cdPRAVKOVRO\u010cN\u00dd UDR\u017dIAVAC\u00cd POPLATOK \u00da\u0160KVBL Nitra oznamuje v\u0161etk\u00fdm dr\u017eite\u013eom rozhodnutia o schv\u00e1len\u00ed veterin\u00e1rnych pr\u00edpravkov, \u017ee od 01.01.2025 zav\u00e1dza n\u00e1hrady v\u00fddajov za \u00fakony \u00fastavu spojen\u00e9 s trvan\u00edm schv\u00e1lenia veterin\u00e1rnych pr\u00edpravkov formou ro\u010dn\u00fdch udr\u017eiavac\u00edch poplatkov &hellip; <a href=\"https:\/\/www.uskvbl.sk\/?page_id=4303\">Pokra\u010dova\u0165 v \u010d\u00edtan\u00ed <span class=\"meta-nav\">&rarr;<\/span><\/a><\/p>\n","protected":false},"author":1,"featured_media":0,"parent":0,"menu_order":0,"comment_status":"closed","ping_status":"closed","template":"","meta":{"footnotes":""},"class_list":["post-4303","page","type-page","status-publish","hentry"],"_links":{"self":[{"href":"https:\/\/www.uskvbl.sk\/index.php?rest_route=\/wp\/v2\/pages\/4303","targetHints":{"allow":["GET"]}}],"collection":[{"href":"https:\/\/www.uskvbl.sk\/index.php?rest_route=\/wp\/v2\/pages"}],"about":[{"href":"https:\/\/www.uskvbl.sk\/index.php?rest_route=\/wp\/v2\/types\/page"}],"author":[{"embeddable":true,"href":"https:\/\/www.uskvbl.sk\/index.php?rest_route=\/wp\/v2\/users\/1"}],"replies":[{"embeddable":true,"href":"https:\/\/www.uskvbl.sk\/index.php?rest_route=%2Fwp%2Fv2%2Fcomments&post=4303"}],"version-history":[{"count":39,"href":"https:\/\/www.uskvbl.sk\/index.php?rest_route=\/wp\/v2\/pages\/4303\/revisions"}],"predecessor-version":[{"id":9476,"href":"https:\/\/www.uskvbl.sk\/index.php?rest_route=\/wp\/v2\/pages\/4303\/revisions\/9476"}],"wp:attachment":[{"href":"https:\/\/www.uskvbl.sk\/index.php?rest_route=%2Fwp%2Fv2%2Fmedia&parent=4303"}],"curies":[{"name":"wp","href":"https:\/\/api.w.org\/{rel}","templated":true}]}}