{"id":406,"date":"2020-03-02T15:16:31","date_gmt":"2020-03-02T14:16:31","guid":{"rendered":"http:\/\/www2.uskvbl.sk\/?page_id=406"},"modified":"2020-06-30T08:31:50","modified_gmt":"2020-06-30T06:31:50","slug":"pravne-predpisy-sr","status":"publish","type":"page","link":"https:\/\/www.uskvbl.sk\/?page_id=406","title":{"rendered":"PR\u00c1VNE PREDPISY SLOVENENSKEJ REPUBLIKY"},"content":{"rendered":"\n<h4 class=\"wp-block-heading\"><strong><span class=\"has-inline-color has-blue-color\">Pr\u00e1vne predpisy priamo s\u00favisiace s \u010dinnos\u0165ou \u00da\u0160KVBL<\/span><\/strong><\/h4>\n\n\n\n<ul class=\"wp-block-list\"><li>Z\u00e1kon \u010d. 362\/2011 Z. z. o liekoch a zdravotn\u00edckych pom\u00f4ckach a o zmene a doplnen\u00ed niektor\u00fdch z\u00e1konov<\/li><li>Z\u00e1kon \u010d. 17\/2018 Z. z. o veterin\u00e1rnych pr\u00edpravkoch a veterin\u00e1rnych technick\u00fdch pom\u00f4ckach a o zmene z\u00e1kona N\u00e1rodnej rady Slovenskej republiky \u010d. 145\/1995 Z. z. o spr\u00e1vnych poplatkoch v znen\u00ed neskor\u0161\u00edch predpisov<\/li><li>Z\u00e1kon 139\/1998&nbsp;Z.&nbsp;z. o omamn\u00fdch l\u00e1tkach, psychotropn\u00fdch l\u00e1tkach a pr\u00edpravkoch<\/li><li>Z\u00e1kon \u010d. 147\/2001&nbsp;Z.&nbsp;z. o&nbsp;reklame a o zmene a doplnen\u00ed niektor\u00fdch z\u00e1konov<\/li><li>Z\u00e1kon \u010d. 39\/2007 Z. z, o&nbsp;veterin\u00e1rnej starostlivosti<\/li><li>Nariadenie vl\u00e1dy Slovenskej republiky \u010d. 41\/2004 Z. z. zo 14. janu\u00e1ra 2004, ktor\u00fdm sa ustanovuj\u00fa po\u017eiadavky na pr\u00edpravu, uv\u00e1dzanie na trh a pou\u017e\u00edvanie medikovan\u00fdch krm\u00edv<\/li><li>Vyhl\u00e1\u0161ka Ministerstva p\u00f4dohospod\u00e1rstva a rozvoja vidieka Slovenskej republiky \u010d. 196\/2012 Z. z. ktorou sa ustanovuj\u00fa podrobnosti o obsahu protokolu veterin\u00e1rneho klinick\u00e9ho sk\u00fa\u0161ania, sp\u00f4sobe jeho vedenia, podrobnosti o po\u017eiadavk\u00e1ch na veterin\u00e1rne klinick\u00e9 sk\u00fa\u0161anie a spr\u00e1vnu klinick\u00fa prax, o rozsahu a \u0161trukt\u00fare \u00fadajov uv\u00e1dzan\u00fdch v spr\u00e1ve o v\u00fdsledkoch veterin\u00e1rneho klinick\u00e9ho sk\u00fa\u0161ania a o sp\u00f4sobe ozna\u010dovania sk\u00fa\u0161an\u00e9ho veterin\u00e1rneho produktu a sk\u00fa\u0161an\u00e9ho veterin\u00e1rneho lieku<\/li><li>Vyhl\u00e1\u0161ka Ministerstva zdravotn\u00edctva Slovenskej republiky \u010d. 128\/2012 Z. z. o po\u017eiadavk\u00e1ch na spr\u00e1vnu v\u00fdrobn\u00fa prax a po\u017eiadavk\u00e1ch na spr\u00e1vnu ve\u013ekodistribu\u010dn\u00fa prax<\/li><li>Vyhl\u00e1\u0161ka Ministerstva zdravotn\u00edctva Slovenskej republiky \u010d. 158\/2010 Z. z.&nbsp; o n\u00e1le\u017eitostiach knihy omamn\u00fdch l\u00e1tok a o evidencii dokladov preukazuj\u00facich pr\u00edjem a v\u00fddaj omamn\u00fdch l\u00e1tok a psychotropn\u00fdch l\u00e1tok<\/li><\/ul>\n\n\n\n<h4 class=\"wp-block-heading\"><strong><span class=\"has-inline-color has-blue-color\">Hlavn\u00e9 pr\u00e1vne predpisy pou\u017e\u00edvan\u00e9 v r\u00e1mci \u010dinnosti \u00da\u0160KVBL<\/span><\/strong><\/h4>\n\n\n\n<ul class=\"wp-block-list\"><li>Z\u00e1kon 71\/1967 Zb. o spr\u00e1vnom konan\u00ed v znen\u00ed neskor\u0161\u00edch predpisov<\/li><li>Z\u00e1kon 145\/1995 Z. z. o spr\u00e1vnych poplatkoch v znen\u00ed neskor\u0161\u00edch predpisov<\/li><li>Z\u00e1kon \u010d. 9\/2010 Z. z. o s\u0165a\u017enostiach v znen\u00ed neskor\u0161\u00edch predpisov<\/li><li>Z\u00e1kon \u010d. 122\/2013 Z. z. o ochrane osobn\u00fdch \u00fadajov a o zmene a doplnen\u00ed niektor\u00fdch z\u00e1konov v znen\u00ed neskor\u0161\u00edch predpisov<\/li><li>Z\u00e1kon \u010d. 211\/2000 Z. z. o slobodnom pr\u00edstupe k inform\u00e1ci\u00e1m a o zmene a doplnen\u00ed niektor\u00fdch z\u00e1konov (z\u00e1kon o slobode inform\u00e1ci\u00ed) v znen\u00ed neskor\u0161\u00edch predpisov<\/li><li>Z\u00e1kon \u010d. 372\/1990 Z. z. o priestupkoch&nbsp; v znen\u00ed neskor\u0161\u00edch predpisov<\/li><li>Z\u00e1kon \u010d. 10\/1996 Z. z. o kontrole v \u0161t\u00e1tnej spr\u00e1ve v znen\u00ed neskor\u0161\u00edch predpisov<\/li><li>Z\u00e1kon \u010d. 300\/2005 Z. z. Trestn\u00fd z\u00e1kon v znen\u00ed neskor\u0161\u00edch predpisov<\/li><li>Z\u00e1kon \u010d. 199\/2004 Z. z.&nbsp;Coln\u00fd z\u00e1kon a o zmene a doplnen\u00ed niektor\u00fdch z\u00e1konov&nbsp; v znen\u00ed neskor\u0161\u00edch predpisov<\/li><\/ul>\n","protected":false},"excerpt":{"rendered":"<p>Pr\u00e1vne predpisy priamo s\u00favisiace s \u010dinnos\u0165ou \u00da\u0160KVBL Z\u00e1kon \u010d. 362\/2011 Z. z. o liekoch a zdravotn\u00edckych pom\u00f4ckach a o zmene a doplnen\u00ed niektor\u00fdch z\u00e1konov Z\u00e1kon \u010d. 17\/2018 Z. z. o veterin\u00e1rnych pr\u00edpravkoch a veterin\u00e1rnych technick\u00fdch pom\u00f4ckach a o zmene z\u00e1kona &hellip; <a href=\"https:\/\/www.uskvbl.sk\/?page_id=406\">Pokra\u010dova\u0165 v \u010d\u00edtan\u00ed <span class=\"meta-nav\">&rarr;<\/span><\/a><\/p>\n","protected":false},"author":1,"featured_media":0,"parent":0,"menu_order":0,"comment_status":"closed","ping_status":"closed","template":"","meta":{"footnotes":""},"class_list":["post-406","page","type-page","status-publish","hentry"],"_links":{"self":[{"href":"https:\/\/www.uskvbl.sk\/index.php?rest_route=\/wp\/v2\/pages\/406","targetHints":{"allow":["GET"]}}],"collection":[{"href":"https:\/\/www.uskvbl.sk\/index.php?rest_route=\/wp\/v2\/pages"}],"about":[{"href":"https:\/\/www.uskvbl.sk\/index.php?rest_route=\/wp\/v2\/types\/page"}],"author":[{"embeddable":true,"href":"https:\/\/www.uskvbl.sk\/index.php?rest_route=\/wp\/v2\/users\/1"}],"replies":[{"embeddable":true,"href":"https:\/\/www.uskvbl.sk\/index.php?rest_route=%2Fwp%2Fv2%2Fcomments&post=406"}],"version-history":[{"count":5,"href":"https:\/\/www.uskvbl.sk\/index.php?rest_route=\/wp\/v2\/pages\/406\/revisions"}],"predecessor-version":[{"id":3714,"href":"https:\/\/www.uskvbl.sk\/index.php?rest_route=\/wp\/v2\/pages\/406\/revisions\/3714"}],"wp:attachment":[{"href":"https:\/\/www.uskvbl.sk\/index.php?rest_route=%2Fwp%2Fv2%2Fmedia&parent=406"}],"curies":[{"name":"wp","href":"https:\/\/api.w.org\/{rel}","templated":true}]}}