{"id":400,"date":"2020-03-02T15:13:41","date_gmt":"2020-03-02T14:13:41","guid":{"rendered":"http:\/\/www2.uskvbl.sk\/?page_id=400"},"modified":"2025-11-14T11:55:01","modified_gmt":"2025-11-14T10:55:01","slug":"zmluvy","status":"publish","type":"page","link":"https:\/\/www.uskvbl.sk\/?page_id=400","title":{"rendered":"ZMLUVY"},"content":{"rendered":"\n<h3 class=\"wp-block-heading\"><strong>Zverejnenie zml\u00fav v zmysle uznesenia vl\u00e1dy SR \u010d. 603\/2010<\/strong><\/h3>\n\n\n\n<p>Pod\u013ea z\u00e1kona \u010d. 211\/2000 Z. z. o&nbsp;slobodnom pr\u00edstupe k&nbsp;inform\u00e1ci\u00e1m a&nbsp;o&nbsp;zmene a&nbsp;doplnen\u00ed niektor\u00fdch z\u00e1konov (z\u00e1kon o&nbsp;slobode inform\u00e1ci\u00ed) v&nbsp;znen\u00ed&nbsp;<strong>&nbsp;z\u00e1kona \u010d.&nbsp;546\/2010 Z. z.<\/strong>, ktor\u00fd nadobudol \u00fa\u010dinnos\u0165 <strong>1. janu\u00e1rom 2011 <\/strong>s\u00faministerstv\u00e1, \u00fastredn\u00e9 org\u00e1ny \u0161t\u00e1tnej spr\u00e1vy, verejnopr\u00e1vne in\u0161tit\u00facie a&nbsp;ich podriaden\u00e9 organiz\u00e1cie povinn\u00e9 zverej\u0148ova\u0165 zmluvy ako aj dodatky k&nbsp;zmluv\u00e1m, ktor\u00e9 sa t\u00fdkaj\u00fa nakladania s&nbsp;verejn\u00fdmi prostriedkami v <strong>Centr\u00e1lnom registri zml\u00fav<\/strong>, ktor\u00fd vedie \u00darad vl\u00e1dy SR.<\/p>\n\n\n\n<p>Zoznam zml\u00fav \u00da\u0160KVBL Nitra uverejnen\u00fdch na: <strong><a href=\"https:\/\/www.crz.gov.sk\/index.php?ID=2171273&amp;art_zs2=&amp;art_predmet=&amp;art_ico=&amp;art_suma_zmluva_od=&amp;art_suma_zmluva_do=&amp;art_datum_zverejnene_od=&amp;art_datum_zverejnene_do=&amp;art_rezort=0&amp;art_zs1=&amp;nazov=&amp;art_ico1=31873154&amp;odoslat=Vyh%C4%BEada%C5%A5\" target=\"_blank\" rel=\"noreferrer noopener\">Centr\u00e1lnom registri zml\u00fav<\/a><\/strong><\/p>\n","protected":false},"excerpt":{"rendered":"<p>Zverejnenie zml\u00fav v zmysle uznesenia vl\u00e1dy SR \u010d. 603\/2010 Pod\u013ea z\u00e1kona \u010d. 211\/2000 Z. z. o&nbsp;slobodnom pr\u00edstupe k&nbsp;inform\u00e1ci\u00e1m a&nbsp;o&nbsp;zmene a&nbsp;doplnen\u00ed niektor\u00fdch z\u00e1konov (z\u00e1kon o&nbsp;slobode inform\u00e1ci\u00ed) v&nbsp;znen\u00ed&nbsp;&nbsp;z\u00e1kona \u010d.&nbsp;546\/2010 Z. z., ktor\u00fd nadobudol \u00fa\u010dinnos\u0165 1. janu\u00e1rom 2011 s\u00faministerstv\u00e1, \u00fastredn\u00e9 org\u00e1ny \u0161t\u00e1tnej spr\u00e1vy, &hellip; <a href=\"https:\/\/www.uskvbl.sk\/?page_id=400\">Pokra\u010dova\u0165 v \u010d\u00edtan\u00ed <span class=\"meta-nav\">&rarr;<\/span><\/a><\/p>\n","protected":false},"author":1,"featured_media":0,"parent":0,"menu_order":0,"comment_status":"closed","ping_status":"closed","template":"","meta":{"footnotes":""},"class_list":["post-400","page","type-page","status-publish","hentry"],"_links":{"self":[{"href":"https:\/\/www.uskvbl.sk\/index.php?rest_route=\/wp\/v2\/pages\/400","targetHints":{"allow":["GET"]}}],"collection":[{"href":"https:\/\/www.uskvbl.sk\/index.php?rest_route=\/wp\/v2\/pages"}],"about":[{"href":"https:\/\/www.uskvbl.sk\/index.php?rest_route=\/wp\/v2\/types\/page"}],"author":[{"embeddable":true,"href":"https:\/\/www.uskvbl.sk\/index.php?rest_route=\/wp\/v2\/users\/1"}],"replies":[{"embeddable":true,"href":"https:\/\/www.uskvbl.sk\/index.php?rest_route=%2Fwp%2Fv2%2Fcomments&post=400"}],"version-history":[{"count":8,"href":"https:\/\/www.uskvbl.sk\/index.php?rest_route=\/wp\/v2\/pages\/400\/revisions"}],"predecessor-version":[{"id":9336,"href":"https:\/\/www.uskvbl.sk\/index.php?rest_route=\/wp\/v2\/pages\/400\/revisions\/9336"}],"wp:attachment":[{"href":"https:\/\/www.uskvbl.sk\/index.php?rest_route=%2Fwp%2Fv2%2Fmedia&parent=400"}],"curies":[{"name":"wp","href":"https:\/\/api.w.org\/{rel}","templated":true}]}}