{"id":37,"date":"2020-01-20T14:33:44","date_gmt":"2020-01-20T13:33:44","guid":{"rendered":"http:\/\/www2.uskvbl.sk\/?page_id=37"},"modified":"2025-11-14T11:05:16","modified_gmt":"2025-11-14T10:05:16","slug":"datasety","status":"publish","type":"page","link":"https:\/\/www.uskvbl.sk\/?page_id=37","title":{"rendered":"DATASETY"},"content":{"rendered":"\n<div class=\"wp-block-group\"><div class=\"wp-block-group__inner-container is-layout-flow wp-block-group-is-layout-flow\">\n<h5 class=\"wp-block-heading\" id=\"format-csv\">Form\u00e1t CSV<\/h5>\n\n\n\n<p><\/p>\n\n\n\n<div class=\"wp-block-file\"><a id=\"wp-block-file--media-6f79a030-d1c2-4dd5-9ff3-15ebfdbadc9d\" href=\"https:\/\/www.uskvbl.sk\/wp-content\/uploads\/zoz_reg.csv\" target=\"_blank\" rel=\"noreferrer noopener\">Zoznam registrovan\u00fdch veterin\u00e1rnych liekov.<\/a><\/div>\n<\/div><\/div>\n\n\n\n<div class=\"wp-block-file\"><a id=\"wp-block-file--media-fe4df567-018f-465b-b9d8-bb3f946d44b4\" href=\"https:\/\/www.uskvbl.sk\/wp-content\/uploads\/zoz_schv.csv\" target=\"_blank\" rel=\"noreferrer noopener\">Zoznam schv\u00e1len\u00fdch veterin\u00e1rnych pr\u00edpravkov.<\/a><\/div>\n\n\n\n<div class=\"wp-block-file\"><a id=\"wp-block-file--media-a5149fc9-bfaf-47a7-82dc-e10a5f9eb9ce\" href=\"https:\/\/www.uskvbl.sk\/wp-content\/uploads\/zoznam_vcely.csv\" target=\"_blank\" rel=\"noreferrer noopener\">Zoznam veterin\u00e1rnych liekov a pr\u00edpravkov ur\u010den\u00fdch pre v\u010dely<\/a><\/div>\n\n\n\n<div class=\"wp-block-file\"><a id=\"wp-block-file--media-fb8e7170-ee7a-45a7-84a1-a842e9f9aa55\" href=\"https:\/\/www.uskvbl.sk\/wp-content\/uploads\/zoznam_ryby.csv\" target=\"_blank\" rel=\"noreferrer noopener\">Zoznam veterin\u00e1rnych liekov ur\u010den\u00fdch pre ryby<\/a><\/div>\n\n\n\n<div class=\"wp-block-file\"><a id=\"wp-block-file--media-330e5d7b-138c-4e1f-a49a-c7ffffde820c\" href=\"https:\/\/www.uskvbl.sk\/wp-content\/uploads\/zoznam_antiparazitika_ovce_kozy.csv\" target=\"_blank\" rel=\"noreferrer noopener\">Zoznam veterin\u00e1rnych liekov \u2013 antiparazit\u00edk pre ovce a kozy <\/a><\/div>\n\n\n\n<div class=\"wp-block-file\"><a id=\"wp-block-file--media-b86e6497-543f-44b9-ba49-bea21242991d\" href=\"https:\/\/www.uskvbl.sk\/wp-content\/uploads\/Zoznam_kontrolnych_laboratorii.csv\" target=\"_blank\" rel=\"noreferrer noopener\">Zoznam dr\u017eite\u013eov povolen\u00ed na \u010dinnos\u0165 kontroln\u00e9ho laborat\u00f3ria<\/a><\/div>\n\n\n\n<div class=\"wp-block-file\"><a id=\"wp-block-file--media-95a6ae4e-06a8-4462-9996-26c500e1fba1\" href=\"https:\/\/www.uskvbl.sk\/wp-content\/uploads\/zoznam_velkodistributorov_vet._liekov_a_pripravkov.csv\" target=\"_blank\" rel=\"noreferrer noopener\">Zoznam dr\u017eite\u013eov povolen\u00ed na ve\u013ekodistrib\u00faciu veterin\u00e1rnych liekov, veterin\u00e1rnych pr\u00edpravkov, veterin\u00e1rnych zdravotn\u00edckych pom\u00f4cok a medikovan\u00fdch krm\u00edv<\/a><\/div>\n\n\n\n<div class=\"wp-block-file\"><a id=\"wp-block-file--media-b3497cc2-0bcc-4ff1-a18d-04e55f46f4f1\" href=\"https:\/\/www.uskvbl.sk\/wp-content\/uploads\/Zoznam_vyrobcov_veterinarnych_liekov_a_pripravkov.csv\" target=\"_blank\" rel=\"noreferrer noopener\">Zoznam v\u00fdrobcov veterin\u00e1rnych liekov, veterin\u00e1rnych pr\u00edpravkov a veterin\u00e1rnych technick\u00fdch pom\u00f4cok.<\/a><\/div>\n\n\n\n<div class=\"wp-block-file\"><a id=\"wp-block-file--media-53656d20-9e7d-40eb-9fc5-e0d9f9e583e7\" href=\"https:\/\/www.uskvbl.sk\/wp-content\/uploads\/Zoznam_vyrobcov_medikovanych_krmiv.csv\" target=\"_blank\" rel=\"noreferrer noopener\">Zoznam vydan\u00fdch povolen\u00ed na pr\u00edpravu a uv\u00e1dzanie medikovan\u00fdch krm\u00edv.<\/a><\/div>\n\n\n\n<div class=\"wp-block-file\"><a id=\"wp-block-file--media-6759bf76-fe36-42ff-a34d-8bb637bb71f0\" href=\"https:\/\/www.uskvbl.sk\/wp-content\/uploads\/Prehlad_objednavky.csv\" target=\"_blank\" rel=\"noreferrer noopener\">Zoznam objedn\u00e1vok<\/a><\/div>\n\n\n\n<div class=\"wp-block-file\"><a id=\"wp-block-file--media-b0e33a02-0394-48b2-9b41-5dfcf457cdc4\" href=\"https:\/\/www.uskvbl.sk\/wp-content\/uploads\/Prehlad_faktury.csv\" target=\"_blank\" rel=\"noreferrer noopener\">Zoznam fakt\u00far<\/a><\/div>\n\n\n\n<p><\/p>\n","protected":false},"excerpt":{"rendered":"<p>Form\u00e1t CSV<\/p>\n","protected":false},"author":1,"featured_media":0,"parent":0,"menu_order":0,"comment_status":"closed","ping_status":"closed","template":"","meta":{"footnotes":""},"class_list":["post-37","page","type-page","status-publish","hentry"],"_links":{"self":[{"href":"https:\/\/www.uskvbl.sk\/index.php?rest_route=\/wp\/v2\/pages\/37","targetHints":{"allow":["GET"]}}],"collection":[{"href":"https:\/\/www.uskvbl.sk\/index.php?rest_route=\/wp\/v2\/pages"}],"about":[{"href":"https:\/\/www.uskvbl.sk\/index.php?rest_route=\/wp\/v2\/types\/page"}],"author":[{"embeddable":true,"href":"https:\/\/www.uskvbl.sk\/index.php?rest_route=\/wp\/v2\/users\/1"}],"replies":[{"embeddable":true,"href":"https:\/\/www.uskvbl.sk\/index.php?rest_route=%2Fwp%2Fv2%2Fcomments&post=37"}],"version-history":[{"count":112,"href":"https:\/\/www.uskvbl.sk\/index.php?rest_route=\/wp\/v2\/pages\/37\/revisions"}],"predecessor-version":[{"id":9316,"href":"https:\/\/www.uskvbl.sk\/index.php?rest_route=\/wp\/v2\/pages\/37\/revisions\/9316"}],"wp:attachment":[{"href":"https:\/\/www.uskvbl.sk\/index.php?rest_route=%2Fwp%2Fv2%2Fmedia&parent=37"}],"curies":[{"name":"wp","href":"https:\/\/api.w.org\/{rel}","templated":true}]}}