{"id":366,"date":"2020-03-02T14:33:59","date_gmt":"2020-03-02T13:33:59","guid":{"rendered":"http:\/\/www2.uskvbl.sk\/?page_id=366"},"modified":"2025-11-14T08:43:38","modified_gmt":"2025-11-14T07:43:38","slug":"veterinarna-farmakovigilancia","status":"publish","type":"page","link":"https:\/\/www.uskvbl.sk\/?page_id=366","title":{"rendered":"VETERIN\u00c1RNA FARMAKOVIGILANCIA"},"content":{"rendered":"\n<p>Farmakovigilancia (farmakobdelos\u0165), alebo doh\u013ead nad bezpe\u010dnos\u0165ou liekov \u2013 s\u00fa postupy a&nbsp;aktivity s\u00favisiace s&nbsp;detekciou, hodnoten\u00edm, pochopen\u00edm a&nbsp;prevenciou ne\u017eiaducich \u00fa\u010dinkov liekov.<\/p>\n\n\n\n<p>Veterin\u00e1rna farmakovigilancia monitoruje bezpe\u010dnos\u0165 veterin\u00e1rnych liekov po ich registr\u00e1cii a&nbsp;uveden\u00ed na trh, vr\u00e1tane vakc\u00edn pou\u017e\u00edvan\u00fdch na profylaxiu, diagnostiku alebo lie\u010dbu ochoren\u00ed u&nbsp;zvierat.<\/p>\n\n\n\n<p>Hlavn\u00fdm cie\u013eom veterin\u00e1rnej farmakovigilancie je zabezpe\u010di\u0165:&nbsp;<\/p>\n\n\n\n<ul class=\"wp-block-list\">\n<li>Bezpe\u010dn\u00e9 pou\u017e\u00edvanie veterin\u00e1rnych\u00a0 liekov u\u00a0zvierat<\/li>\n\n\n\n<li>Bezpe\u010dnos\u0165 potrav\u00edn poch\u00e1dzaj\u00facich z\u00a0lie\u010den\u00fdch zvierat (bezpe\u010dnos\u0165 konzumenta)<\/li>\n\n\n\n<li>Bezpe\u010dnos\u0165 \u013eud\u00ed prich\u00e1dzaj\u00facich do kontaktu s\u00a0liekom (bezpe\u010dnos\u0165 pou\u017e\u00edvate\u013ea)<\/li>\n\n\n\n<li>Bezpe\u010dnos\u0165 pre \u017eivotn\u00e9 prostredie<\/li>\n<\/ul>\n\n\n\n<h3 class=\"wp-block-heading\"><strong>Defin\u00edcie<\/strong><\/h3>\n\n\n\n<p>Ne\u017eiaduci \u00fa\u010dinok veterin\u00e1rneho lieku je ka\u017ed\u00e1 \u0161kodliv\u00e1 a nechcen\u00e1 reakcia, ktor\u00e1 vznikne po podan\u00ed veterin\u00e1rneho lieku v ur\u010den\u00fdch d\u00e1vkach zviera\u0165u, ktor\u00e9mu je veterin\u00e1rny liek ur\u010den\u00fd.<\/p>\n\n\n\n<p>Z\u00e1va\u017en\u00fd ne\u017eiaduci \u00fa\u010dinok veterin\u00e1rneho lieku je ka\u017ed\u00fd ne\u017eiaduci \u00fa\u010dinok veterin\u00e1rneho lieku, ktor\u00fd sp\u00f4sobuje smr\u0165 zviera\u0165a, ohrozuje jeho \u017eivot, vyvol\u00e1va zdravotn\u00e9 postihnutie alebo z\u00e1va\u017en\u00fa neschopnos\u0165 zviera\u0165a prejavuj\u00facu sa vrodenou \u00fachylkou (kongenit\u00e1lna anom\u00e1lia) alebo znetvoren\u00edm (malform\u00e1cia) alebo vyvolan\u00edm trval\u00fdch alebo dlhotrvaj\u00facich chorobn\u00fdch prejavov u lie\u010den\u00e9ho zviera\u0165a.<\/p>\n\n\n\n<p>Neo\u010dak\u00e1van\u00fd ne\u017eiaduci \u00fa\u010dinok je ne\u017eiaduci \u00fa\u010dinok veterin\u00e1rneho lieku, ktor\u00e9ho povaha, z\u00e1va\u017enos\u0165 alebo \u00fa\u010dinok nie je v zhode so s\u00fahrnom charakteristick\u00fdch vlastnost\u00ed veterin\u00e1rneho lieku (t.j. vr\u00e1tane nedostato\u010dnej \u00fa\u010dinnosti lieku).<\/p>\n\n\n\n<p>Ne\u017eiaduci \u00fa\u010dinok, ktor\u00fd sa v s\u00favislosti s veterin\u00e1rnym liekom vyskytol u \u010dloveka, je \u00fa\u010dinok, ktor\u00fd je \u0161kodliv\u00fd a&nbsp;nezam\u00fd\u0161\u013ean\u00fd, a ktor\u00fd sa vyskytne u \u010dloveka pri podan\u00ed alebo po podan\u00ed veterin\u00e1rneho lieku zviera\u0165u.<\/p>\n\n\n\n<p>Zneu\u017eitie veterin\u00e1rneho lieku je \u00famyseln\u00e9 nadmern\u00e9 u\u017e\u00edvanie veterin\u00e1rneho lieku, trval\u00e9 alebo ojedinel\u00e9, sprev\u00e1dzan\u00e9 \u0161kodliv\u00fdmi reakciami.<\/p>\n\n\n\n<p>Periodicky aktualizovan\u00e1 spr\u00e1va o bezpe\u010dnosti veterin\u00e1rneho lieku je s\u00fahrnn\u00e1 spr\u00e1va o vyhodnoten\u00ed zaznamenan\u00fdch ne\u017eiaducich \u00fa\u010dinkoch veterin\u00e1rneho lieku doplnen\u00e1 kvalifikovan\u00fdm rozborom.<\/p>\n\n\n\n<p>\u0160t\u00fadium bezpe\u010dnosti po registr\u00e1cii veterin\u00e1rneho lieku je farmako-epidemiologick\u00e9 \u0161t\u00fadium alebo klinick\u00e9 sk\u00fa\u0161anie veterin\u00e1rneho lieku vykonan\u00e9 v s\u00falade s ustanoveniami uveden\u00fdmi v&nbsp;s\u00fahrne charakteristick\u00fdch vlastnost\u00ed veterin\u00e1rneho lieku s cie\u013eom zisti\u0165 alebo pos\u00fadi\u0165 rizik\u00e1 bezpe\u010dnosti registrovan\u00e9ho veterin\u00e1rneho lieku.<\/p>\n\n\n\n<p>Toxikologicko-farmakologick\u00fdm sk\u00fa\u0161an\u00edm veterin\u00e1rnych produktov a&nbsp;veterin\u00e1rnych liekov sa vymedzuje bezpe\u010dnos\u0165, toxicita veterin\u00e1rnych produktov, lie\u010div, pomocn\u00fdch l\u00e1tok a&nbsp;veterin\u00e1rnych liekov a ne\u017eiaduce \u00fa\u010dinky; zis\u0165uj\u00fa sa ich farmakologick\u00e9 vlastnosti vo vz\u0165ahu k predpokladan\u00e9mu \u00fa\u010delu pou\u017eitia.<\/p>\n\n\n\n<p><\/p>\n","protected":false},"excerpt":{"rendered":"<p>Farmakovigilancia (farmakobdelos\u0165), alebo doh\u013ead nad bezpe\u010dnos\u0165ou liekov \u2013 s\u00fa postupy a&nbsp;aktivity s\u00favisiace s&nbsp;detekciou, hodnoten\u00edm, pochopen\u00edm a&nbsp;prevenciou ne\u017eiaducich \u00fa\u010dinkov liekov. Veterin\u00e1rna farmakovigilancia monitoruje bezpe\u010dnos\u0165 veterin\u00e1rnych liekov po ich registr\u00e1cii a&nbsp;uveden\u00ed na trh, vr\u00e1tane vakc\u00edn pou\u017e\u00edvan\u00fdch na profylaxiu, diagnostiku alebo lie\u010dbu ochoren\u00ed &hellip; <a href=\"https:\/\/www.uskvbl.sk\/?page_id=366\">Pokra\u010dova\u0165 v \u010d\u00edtan\u00ed <span class=\"meta-nav\">&rarr;<\/span><\/a><\/p>\n","protected":false},"author":1,"featured_media":0,"parent":0,"menu_order":0,"comment_status":"closed","ping_status":"closed","template":"","meta":{"footnotes":""},"class_list":["post-366","page","type-page","status-publish","hentry"],"_links":{"self":[{"href":"https:\/\/www.uskvbl.sk\/index.php?rest_route=\/wp\/v2\/pages\/366","targetHints":{"allow":["GET"]}}],"collection":[{"href":"https:\/\/www.uskvbl.sk\/index.php?rest_route=\/wp\/v2\/pages"}],"about":[{"href":"https:\/\/www.uskvbl.sk\/index.php?rest_route=\/wp\/v2\/types\/page"}],"author":[{"embeddable":true,"href":"https:\/\/www.uskvbl.sk\/index.php?rest_route=\/wp\/v2\/users\/1"}],"replies":[{"embeddable":true,"href":"https:\/\/www.uskvbl.sk\/index.php?rest_route=%2Fwp%2Fv2%2Fcomments&post=366"}],"version-history":[{"count":5,"href":"https:\/\/www.uskvbl.sk\/index.php?rest_route=\/wp\/v2\/pages\/366\/revisions"}],"predecessor-version":[{"id":9300,"href":"https:\/\/www.uskvbl.sk\/index.php?rest_route=\/wp\/v2\/pages\/366\/revisions\/9300"}],"wp:attachment":[{"href":"https:\/\/www.uskvbl.sk\/index.php?rest_route=%2Fwp%2Fv2%2Fmedia&parent=366"}],"curies":[{"name":"wp","href":"https:\/\/api.w.org\/{rel}","templated":true}]}}