{"id":3626,"date":"2020-06-26T12:25:43","date_gmt":"2020-06-26T10:25:43","guid":{"rendered":"http:\/\/www2.uskvbl.sk\/?page_id=3626"},"modified":"2026-01-16T13:20:53","modified_gmt":"2026-01-16T12:20:53","slug":"vyrocne-spravy-o-cinnosti-2","status":"publish","type":"page","link":"https:\/\/www.uskvbl.sk\/?page_id=3626","title":{"rendered":"V\u00fdro\u010dn\u00e9 spr\u00e1vy o \u010dinnosti"},"content":{"rendered":"\n<div class=\"wp-block-file\"><a id=\"wp-block-file--media-7bd7ab78-d0b4-4dfa-b818-f1ce97b779b5\" href=\"https:\/\/www.uskvbl.sk\/wp-content\/uploads\/Vyr.spr-2024-.pdf\" target=\"_blank\" rel=\"noreferrer noopener\">V\u00fdro\u010dn\u00e1 spr\u00e1va za rok 2024<\/a><\/div>\n\n\n\n<div class=\"wp-block-file\"><a id=\"wp-block-file--media-eb9d9c6b-3c51-4ab6-b465-fd8f938b93e4\" href=\"https:\/\/www.uskvbl.sk\/wp-content\/uploads\/Vyr.spr-2023-.pdf\" target=\"_blank\" rel=\"noreferrer noopener\">V\u00fdro\u010dn\u00e1 spr\u00e1va za rok 2023<\/a><\/div>\n\n\n\n<div class=\"wp-block-file\"><a id=\"wp-block-file--media-bac3b89b-5c35-4805-828d-959dfb0e4134\" href=\"https:\/\/www.uskvbl.sk\/wp-content\/uploads\/Vyrocna_sprava-2022.pdf\" target=\"_blank\" rel=\"noreferrer noopener\">V\u00fdro\u010dn\u00e1 spr\u00e1va za rok 2022<\/a><\/div>\n","protected":false},"excerpt":{"rendered":"","protected":false},"author":1,"featured_media":0,"parent":0,"menu_order":0,"comment_status":"closed","ping_status":"closed","template":"","meta":{"footnotes":""},"class_list":["post-3626","page","type-page","status-publish","hentry"],"_links":{"self":[{"href":"https:\/\/www.uskvbl.sk\/index.php?rest_route=\/wp\/v2\/pages\/3626","targetHints":{"allow":["GET"]}}],"collection":[{"href":"https:\/\/www.uskvbl.sk\/index.php?rest_route=\/wp\/v2\/pages"}],"about":[{"href":"https:\/\/www.uskvbl.sk\/index.php?rest_route=\/wp\/v2\/types\/page"}],"author":[{"embeddable":true,"href":"https:\/\/www.uskvbl.sk\/index.php?rest_route=\/wp\/v2\/users\/1"}],"replies":[{"embeddable":true,"href":"https:\/\/www.uskvbl.sk\/index.php?rest_route=%2Fwp%2Fv2%2Fcomments&post=3626"}],"version-history":[{"count":10,"href":"https:\/\/www.uskvbl.sk\/index.php?rest_route=\/wp\/v2\/pages\/3626\/revisions"}],"predecessor-version":[{"id":9439,"href":"https:\/\/www.uskvbl.sk\/index.php?rest_route=\/wp\/v2\/pages\/3626\/revisions\/9439"}],"wp:attachment":[{"href":"https:\/\/www.uskvbl.sk\/index.php?rest_route=%2Fwp%2Fv2%2Fmedia&parent=3626"}],"curies":[{"name":"wp","href":"https:\/\/api.w.org\/{rel}","templated":true}]}}