{"id":36,"date":"2020-01-20T14:33:44","date_gmt":"2020-01-20T13:33:44","guid":{"rendered":"http:\/\/www2.uskvbl.sk\/?page_id=36"},"modified":"2024-08-20T09:01:10","modified_gmt":"2024-08-20T07:01:10","slug":"kontakty","status":"publish","type":"page","link":"https:\/\/www.uskvbl.sk\/?page_id=36","title":{"rendered":"KONTAKTY"},"content":{"rendered":"\n<p><strong>\u00dastav \u0161t\u00e1tnej kontroly veterin\u00e1rnych bioprepar\u00e1tov a lie\u010div Nitra<\/strong><\/p>\n\n\n\n<p><strong>Adresa: \u00a0\u00a0<\/strong><br>Biovetsk\u00e1 34<br>P.O.Box 52c<br>949 01 Nitra<br>Slovensk\u00e1 republika<br>Tel.: \u00a0\u00a0\u00a0\u00a0 +421-37-6515 506, +421-37-6515 507<br>e-mail: <a href=\"mailto:uskvbl@flynet.sk\">uskvbl@uskvbl.sk<\/a> <a href=\"mailto:podatelna@uskvbl.sk\">podatelna@uskvbl.sk<\/a><br>web: \u00a0\u00a0\u00a0 <a href=\"https:\/\/www.uskvbl.sk\/\">www.uskvbl.sk<\/a><\/p>\n\n\n\n<h3 class=\"wp-block-heading\"><a href=\"https:\/\/www.uskvbl.sk\/?page_id=3420(otv\u00e1ra sa na novej karte)\">Hlavn\u00e9 kontakty<\/a><\/h3>\n\n\n\n<h3 class=\"wp-block-heading\"><a href=\"https:\/\/www.uskvbl.sk\/?page_id=3418\">Ekonomika a financovanie<\/a><\/h3>\n\n\n\n<h3 class=\"wp-block-heading\"><a href=\"https:\/\/www.uskvbl.sk\/?page_id=3416\">Kr\u00edzov\u00e9 situ\u00e1cie<\/a><\/h3>\n\n\n\n<h3 class=\"wp-block-heading\"><a href=\"https:\/\/www.uskvbl.sk\/?page_id=3414\">Registr\u00e1cia<\/a><\/h3>\n\n\n\n<h3 class=\"wp-block-heading\"><a href=\"https:\/\/www.uskvbl.sk\/?page_id=3412\">In\u0161pekcia<\/a><\/h3>\n\n\n\n<h3 class=\"wp-block-heading\"><a href=\"https:\/\/www.uskvbl.sk\/?page_id=3408\">Laborat\u00f3rna kontrola<\/a><\/h3>\n","protected":false},"excerpt":{"rendered":"<p>\u00dastav \u0161t\u00e1tnej kontroly veterin\u00e1rnych bioprepar\u00e1tov a lie\u010div Nitra Adresa: \u00a0\u00a0Biovetsk\u00e1 34P.O.Box 52c949 01 NitraSlovensk\u00e1 republikaTel.: \u00a0\u00a0\u00a0\u00a0 +421-37-6515 506, +421-37-6515 507e-mail: uskvbl@uskvbl.sk podatelna@uskvbl.skweb: \u00a0\u00a0\u00a0 www.uskvbl.sk Hlavn\u00e9 kontakty Ekonomika a financovanie Kr\u00edzov\u00e9 situ\u00e1cie Registr\u00e1cia In\u0161pekcia Laborat\u00f3rna kontrola<\/p>\n","protected":false},"author":1,"featured_media":0,"parent":0,"menu_order":0,"comment_status":"closed","ping_status":"closed","template":"","meta":{"footnotes":""},"class_list":["post-36","page","type-page","status-publish","hentry"],"_links":{"self":[{"href":"https:\/\/www.uskvbl.sk\/index.php?rest_route=\/wp\/v2\/pages\/36","targetHints":{"allow":["GET"]}}],"collection":[{"href":"https:\/\/www.uskvbl.sk\/index.php?rest_route=\/wp\/v2\/pages"}],"about":[{"href":"https:\/\/www.uskvbl.sk\/index.php?rest_route=\/wp\/v2\/types\/page"}],"author":[{"embeddable":true,"href":"https:\/\/www.uskvbl.sk\/index.php?rest_route=\/wp\/v2\/users\/1"}],"replies":[{"embeddable":true,"href":"https:\/\/www.uskvbl.sk\/index.php?rest_route=%2Fwp%2Fv2%2Fcomments&post=36"}],"version-history":[{"count":14,"href":"https:\/\/www.uskvbl.sk\/index.php?rest_route=\/wp\/v2\/pages\/36\/revisions"}],"predecessor-version":[{"id":8677,"href":"https:\/\/www.uskvbl.sk\/index.php?rest_route=\/wp\/v2\/pages\/36\/revisions\/8677"}],"wp:attachment":[{"href":"https:\/\/www.uskvbl.sk\/index.php?rest_route=%2Fwp%2Fv2%2Fmedia&parent=36"}],"curies":[{"name":"wp","href":"https:\/\/api.w.org\/{rel}","templated":true}]}}