{"id":35,"date":"2020-01-20T14:33:44","date_gmt":"2020-01-20T13:33:44","guid":{"rendered":"http:\/\/www2.uskvbl.sk\/?page_id=35"},"modified":"2025-11-14T11:52:05","modified_gmt":"2025-11-14T10:52:05","slug":"staznosti-a-peticie","status":"publish","type":"page","link":"https:\/\/www.uskvbl.sk\/?page_id=35","title":{"rendered":"S\u0164A\u017dNOSTI, PET\u00cdCIE A PODNETY"},"content":{"rendered":"\n<h4 class=\"wp-block-heading\"><strong>S\u0165a\u017enos\u0165<\/strong> mo\u017eno poda\u0165:<\/h4>\n\n\n\n<ul class=\"wp-block-list\">\n<li>p\u00edsomne na adresu \u00da\u0160KVBL, Biovetsk\u00e1 34, 949 01 Nitra<\/li>\n\n\n\n<li>elektronicky na adresu <a href=\"mailto:podatelna@uskvbl.sk\">podatelna@uskvbl.sk<\/a><\/li>\n<\/ul>\n\n\n\n<ul class=\"wp-block-list\"><\/ul>\n\n\n\n<p>S\u0165a\u017enos\u0165 mus\u00ed by\u0165 s\u0165a\u017eovate\u013eom v\u017edy podp\u00edsan\u00e1. Ak s\u0165a\u017enos\u0165 nie je podp\u00edsan\u00e1 odlo\u017e\u00ed sa bez \u010fal\u0161ieho \u0161etrenia. Preto s\u0165a\u017enos\u0165 pod\u00e1van\u00fa elektronickou po\u0161tou alebo&nbsp;faxom odpor\u00fa\u010dame podp\u00edsa\u0165 s&nbsp;uveden\u00edm \u010ditate\u013en\u00e9ho mena a&nbsp;adresy s\u0165a\u017eovate\u013ea, naskenova\u0165 a&nbsp;posla\u0165.<\/p>\n\n\n\n<h4 class=\"wp-block-heading\"><strong>Pet\u00edcia<\/strong> mus\u00ed by\u0165 v\u017edy p\u00edsomn\u00e1 a mo\u017eno ju poda\u0165 na adresu \u00da\u0160KVBL, Biovetsk\u00e1 34, 949 01 Nitra.<\/h4>\n\n\n\n<p><strong>Podnetom<\/strong> sa rozumie podanie pr\u00e1vnickej alebo fyzickej osoby, ktor\u00e1 sa dom\u00e1ha ochrany svojich pr\u00e1v alebo pr\u00e1vom chr\u00e1nen\u00fdch z\u00e1ujmov, o ktor\u00fdch sa domnieva, \u017ee boli poru\u0161en\u00e9 &nbsp;a poukazuje na konkr\u00e9tne nedostatky, najm\u00e4 na poru\u0161enie pr\u00e1vnych predpisov, ktor\u00fdch odstr\u00e1nenie je v p\u00f4sobnosti org\u00e1nu \u0161t\u00e1tnej alebo verejnej spr\u00e1vy. Z podnetu, resp. ozn\u00e1menia,&nbsp;mus\u00ed by\u0165 zrejm\u00e9, akej veci sa t\u00fdka a proti komu smeruje<\/p>\n\n\n\n<p><strong>Podnet<\/strong> mo\u017eno poda\u0165:<\/p>\n\n\n\n<ul class=\"wp-block-list\">\n<li>p\u00edsomne na adresu \u00da\u0160KVBL, Biovetsk\u00e1 34, 949 01 Nitra<\/li>\n\n\n\n<li>elektronicky na adresu <a href=\"mailto:podatelna@uskvbl.sk\">podatelna@uskvbl.sk<\/a><\/li>\n<\/ul>\n\n\n\n<p><strong><span class=\"has-inline-color has-blue-color\">Lehoty na vybavenie<\/span><\/strong><\/p>\n\n\n\n<ul class=\"wp-block-list\">\n<li>s\u0165a\u017enos\u0165 &#8211; \u00da\u0160KVBL je povinn\u00fd pre\u0161etri\u0165 a vybavi\u0165 s\u0165a\u017enos\u0165 v lehote do 60 pracovn\u00fdch dn\u00ed. Ak je s\u0165a\u017enos\u0165 n\u00e1ro\u010dn\u00e1 na pre\u0161etrenie m\u00f4\u017ee \u00da\u0160KVBL lehotu pred\u013a\u017ei\u0165 pred jej uplynut\u00edm o \u010fal\u0161\u00edch 30 \u010fal\u0161\u00edch pracovn\u00fdch dn\u00ed. O pred\u013a\u017een\u00ed lehoty viac ako 60 dn\u00ed bude \u00da\u0160KVBL s\u0165a\u017eovate\u013ea p\u00edsomne informova\u0165.<\/li>\n\n\n\n<li>pet\u00edcia- \u00da\u0160KVBL je povinn\u00fd pet\u00edciu pos\u00fadi\u0165 a vybavi\u0165 v lehote do 30 dn\u00ed a p\u00edsomne odpoveda\u0165 tomu, kto ju podal alebo tomu, kto zastupuje \u010dlenov peti\u010dn\u00e9ho v\u00fdboru. <\/li>\n\n\n\n<li>podnet- \u00da\u0160KVBL je povinn\u00fd podnet pos\u00fadi\u0165 a&nbsp;vybavi\u0165 v&nbsp;lehote do 30 dn\u00ed, Ak je podnet n\u00e1ro\u010dn\u00fd na pre\u0161etrenie m\u00f4\u017ee \u00da\u0160KVBL lehotu pred\u013a\u017ei\u0165 pred jej uplynut\u00edm o&nbsp;\u010fal\u0161\u00edch 30 dn\u00ed.<\/li>\n<\/ul>\n\n\n\n<p><\/p>\n","protected":false},"excerpt":{"rendered":"<p>S\u0165a\u017enos\u0165 mo\u017eno poda\u0165: S\u0165a\u017enos\u0165 mus\u00ed by\u0165 s\u0165a\u017eovate\u013eom v\u017edy podp\u00edsan\u00e1. Ak s\u0165a\u017enos\u0165 nie je podp\u00edsan\u00e1 odlo\u017e\u00ed sa bez \u010fal\u0161ieho \u0161etrenia. Preto s\u0165a\u017enos\u0165 pod\u00e1van\u00fa elektronickou po\u0161tou alebo&nbsp;faxom odpor\u00fa\u010dame podp\u00edsa\u0165 s&nbsp;uveden\u00edm \u010ditate\u013en\u00e9ho mena a&nbsp;adresy s\u0165a\u017eovate\u013ea, naskenova\u0165 a&nbsp;posla\u0165. Pet\u00edcia mus\u00ed by\u0165 v\u017edy p\u00edsomn\u00e1 a &hellip; <a href=\"https:\/\/www.uskvbl.sk\/?page_id=35\">Pokra\u010dova\u0165 v \u010d\u00edtan\u00ed <span class=\"meta-nav\">&rarr;<\/span><\/a><\/p>\n","protected":false},"author":1,"featured_media":0,"parent":0,"menu_order":0,"comment_status":"closed","ping_status":"closed","template":"","meta":{"footnotes":""},"class_list":["post-35","page","type-page","status-publish","hentry"],"_links":{"self":[{"href":"https:\/\/www.uskvbl.sk\/index.php?rest_route=\/wp\/v2\/pages\/35","targetHints":{"allow":["GET"]}}],"collection":[{"href":"https:\/\/www.uskvbl.sk\/index.php?rest_route=\/wp\/v2\/pages"}],"about":[{"href":"https:\/\/www.uskvbl.sk\/index.php?rest_route=\/wp\/v2\/types\/page"}],"author":[{"embeddable":true,"href":"https:\/\/www.uskvbl.sk\/index.php?rest_route=\/wp\/v2\/users\/1"}],"replies":[{"embeddable":true,"href":"https:\/\/www.uskvbl.sk\/index.php?rest_route=%2Fwp%2Fv2%2Fcomments&post=35"}],"version-history":[{"count":8,"href":"https:\/\/www.uskvbl.sk\/index.php?rest_route=\/wp\/v2\/pages\/35\/revisions"}],"predecessor-version":[{"id":9333,"href":"https:\/\/www.uskvbl.sk\/index.php?rest_route=\/wp\/v2\/pages\/35\/revisions\/9333"}],"wp:attachment":[{"href":"https:\/\/www.uskvbl.sk\/index.php?rest_route=%2Fwp%2Fv2%2Fmedia&parent=35"}],"curies":[{"name":"wp","href":"https:\/\/api.w.org\/{rel}","templated":true}]}}