{"id":346,"date":"2020-02-28T10:11:09","date_gmt":"2020-02-28T09:11:09","guid":{"rendered":"http:\/\/www2.uskvbl.sk\/?page_id=346"},"modified":"2026-03-11T14:27:54","modified_gmt":"2026-03-11T13:27:54","slug":"poplatky","status":"publish","type":"page","link":"https:\/\/www.uskvbl.sk\/?page_id=346","title":{"rendered":"POPLATKY"},"content":{"rendered":"\n<div class=\"wp-block-file\"><a id=\"wp-block-file--media-7cc1e358-dd18-4bca-bd02-c84fb1175012\" href=\"https:\/\/www.uskvbl.sk\/wp-content\/uploads\/1-sadzobnik_spravnych_poplatkov.pdf\" target=\"_blank\" rel=\"noreferrer noopener\">Sadzobn\u00edk spr\u00e1vnych poplatkov<\/a><\/div>\n\n\n\n<div class=\"wp-block-file\"><a id=\"wp-block-file--media-931a8f55-b7a1-4fac-9d9b-525964c3bc01\" href=\"https:\/\/www.uskvbl.sk\/wp-content\/uploads\/2-sadzobnik_nahrad_za_ine_odborne_a_administrativne_ukony.pdf\" target=\"_blank\" rel=\"noreferrer noopener\">Sadzobn\u00edk n\u00e1hrad v\u00fddavkov za in\u00e9 odborn\u00e9 a administrat\u00edvne \u00fakony vykon\u00e1van\u00e9 v p\u00f4sobnosti \u00da\u0160KVBL<\/a><\/div>\n\n\n\n<div class=\"wp-block-file\"><a id=\"wp-block-file--media-5652b49d-9ec1-4547-9bbc-99bf0523a248\" href=\"https:\/\/www.uskvbl.sk\/wp-content\/uploads\/3-sposob-uhrady-poplatkov.pdf\" target=\"_blank\" rel=\"noreferrer noopener\">Sp\u00f4sob \u00fahrady poplatkov<\/a><\/div>\n\n\n\n<div class=\"wp-block-file\"><a id=\"wp-block-file--media-cabbed5e-2b66-43c3-8019-ebc495ddb8d5\" href=\"https:\/\/www.uskvbl.sk\/wp-content\/uploads\/4-method-of-payment.pdf\" target=\"_blank\" rel=\"noreferrer noopener\">Method of fee payment<\/a><\/div>\n\n\n\n<div class=\"wp-block-file\"><a id=\"wp-block-file--media-9792c6a2-4aa4-4d8d-a1e2-2abce141bd42\" href=\"https:\/\/www.uskvbl.sk\/wp-content\/uploads\/5-ziadost_o_vratenie_spravneho_poplatku.docx\" target=\"_blank\" rel=\"noreferrer noopener\">\u017diados\u0165 o vr\u00e1tenie spr\u00e1vneho poplatku<\/a><\/div>\n\n\n\n<div class=\"wp-block-file\"><a id=\"wp-block-file--media-b1bcbc60-c90d-4573-beca-aac138ef8189\" href=\"https:\/\/www.uskvbl.sk\/wp-content\/uploads\/6-Request-for-refund-of-administrative-fee.doc\" target=\"_blank\" rel=\"noreferrer noopener\">Request for refund of administrative fee<\/a><\/div>\n\n\n\n<div class=\"wp-block-file\"><a id=\"wp-block-file--media-8ee28225-e0d5-403b-bfb7-47c4dcc8a04f\" href=\"https:\/\/www.uskvbl.sk\/wp-content\/uploads\/7-rocny_udrziavaci_poplatok_veterinarne-lieky.pdf\" target=\"_blank\" rel=\"noreferrer noopener\">Ro\u010dn\u00fd udr\u017eiavac\u00ed poplatok \u2013 veterin\u00e1rne lieky<\/a><\/div>\n\n\n\n<div class=\"wp-block-file\"><a id=\"wp-block-file--media-853d119f-630d-4704-87db-8622033ab634\" href=\"https:\/\/www.uskvbl.sk\/wp-content\/uploads\/8-annual_maintenance_fee-veterinary-medicines.pdf\" target=\"_blank\" rel=\"noreferrer noopener\">The annual maintenance fee \u2013 veterinary medicinal products<\/a><\/div>\n\n\n\n<div class=\"wp-block-file\"><a id=\"wp-block-file--media-b378841a-c1cb-4ef4-b58a-a51d7f998ce6\" href=\"https:\/\/www.uskvbl.sk\/wp-content\/uploads\/9-rocny_udrziavaci_poplatok_VP_a_-VTP.pdf\" target=\"_blank\" rel=\"noreferrer noopener\">Ro\u010dn\u00fd udr\u017eiavac\u00ed poplatok \u2013 veterin\u00e1rne pr\u00edpravky a veterin\u00e1rne technick\u00e9 pom\u00f4cky<\/a><\/div>\n\n\n\n<div class=\"wp-block-file\"><a id=\"wp-block-file--media-65001166-cdc3-4963-94fd-f9dea396e4bd\" href=\"https:\/\/www.uskvbl.sk\/wp-content\/uploads\/10-annual_maintenance_fee-veterinary-preparations-and-veterinary-technical-devices.pdf\" target=\"_blank\" rel=\"noreferrer noopener\">The annual maintenance fee \u2013 veterinary preparations and veterinary technical devices<\/a><\/div>\n","protected":false},"excerpt":{"rendered":"","protected":false},"author":1,"featured_media":0,"parent":0,"menu_order":0,"comment_status":"closed","ping_status":"closed","template":"","meta":{"footnotes":""},"class_list":["post-346","page","type-page","status-publish","hentry"],"_links":{"self":[{"href":"https:\/\/www.uskvbl.sk\/index.php?rest_route=\/wp\/v2\/pages\/346","targetHints":{"allow":["GET"]}}],"collection":[{"href":"https:\/\/www.uskvbl.sk\/index.php?rest_route=\/wp\/v2\/pages"}],"about":[{"href":"https:\/\/www.uskvbl.sk\/index.php?rest_route=\/wp\/v2\/types\/page"}],"author":[{"embeddable":true,"href":"https:\/\/www.uskvbl.sk\/index.php?rest_route=\/wp\/v2\/users\/1"}],"replies":[{"embeddable":true,"href":"https:\/\/www.uskvbl.sk\/index.php?rest_route=%2Fwp%2Fv2%2Fcomments&post=346"}],"version-history":[{"count":60,"href":"https:\/\/www.uskvbl.sk\/index.php?rest_route=\/wp\/v2\/pages\/346\/revisions"}],"predecessor-version":[{"id":9528,"href":"https:\/\/www.uskvbl.sk\/index.php?rest_route=\/wp\/v2\/pages\/346\/revisions\/9528"}],"wp:attachment":[{"href":"https:\/\/www.uskvbl.sk\/index.php?rest_route=%2Fwp%2Fv2%2Fmedia&parent=346"}],"curies":[{"name":"wp","href":"https:\/\/api.w.org\/{rel}","templated":true}]}}