{"id":3420,"date":"2020-06-22T13:07:10","date_gmt":"2020-06-22T11:07:10","guid":{"rendered":"http:\/\/www2.uskvbl.sk\/?page_id=3420"},"modified":"2026-03-27T08:24:55","modified_gmt":"2026-03-27T07:24:55","slug":"hlavne-kontakty","status":"publish","type":"page","link":"https:\/\/www.uskvbl.sk\/?page_id=3420","title":{"rendered":"Hlavn\u00e9 kontakty"},"content":{"rendered":"\n<p><strong>\u00dastav \u0161t\u00e1tnej kontroly veterin\u00e1rnych bioprepar\u00e1tov a lie\u010div Nitra<\/strong><br>Institute for State Control of Veterinary Biologicals and Medicaments<\/p>\n\n\n\n<figure class=\"wp-block-table\"><table><tbody><tr><td><strong>Riadite\u013e&nbsp; (Director)<\/strong><br>MVDr. K. Mass\u00e1nyiov\u00e1, PhD.<br>Tel.: &nbsp;&nbsp;&nbsp;&nbsp; +421-37-6933523 <br>Mobil: &nbsp;<br>e-mail: <a href=\"mailto:katarina.massanyiova@uskvbl.sk\">katarina.massanyiova@uskvbl.sk<\/a><\/td><\/tr><tr><td><strong>Sekretari\u00e1t &nbsp;&nbsp;&nbsp;&nbsp;&nbsp;&nbsp;&nbsp;&nbsp;&nbsp;&nbsp;&nbsp;&nbsp;&nbsp;&nbsp;&nbsp;&nbsp;&nbsp;&nbsp;&nbsp;&nbsp;&nbsp;&nbsp;&nbsp;&nbsp;&nbsp;&nbsp;&nbsp;&nbsp;&nbsp;&nbsp;&nbsp;&nbsp;&nbsp;&nbsp;&nbsp;&nbsp;&nbsp;&nbsp;&nbsp;&nbsp;&nbsp;&nbsp;&nbsp;&nbsp;&nbsp;&nbsp;&nbsp;&nbsp;&nbsp;&nbsp;&nbsp;&nbsp; <\/strong>&nbsp;<br>Tatiana Dvorsk\u00e1 &nbsp;&nbsp;&nbsp;&nbsp;&nbsp;&nbsp;&nbsp;&nbsp;&nbsp;&nbsp;&nbsp;&nbsp;&nbsp;&nbsp;&nbsp;&nbsp;&nbsp;&nbsp;&nbsp;&nbsp;&nbsp;&nbsp;&nbsp;&nbsp;&nbsp;&nbsp;&nbsp;&nbsp;&nbsp;&nbsp;&nbsp;&nbsp;&nbsp;&nbsp;&nbsp;&nbsp;&nbsp;&nbsp;&nbsp;&nbsp;&nbsp;&nbsp;&nbsp;&nbsp;&nbsp;&nbsp;&nbsp;&nbsp;&nbsp;&nbsp;&nbsp;&nbsp;&nbsp;&nbsp;&nbsp;&nbsp;&nbsp;&nbsp;<br>+421-37-6933 511<\/td><\/tr><tr><td><strong>Odbor registr\u00e1cie<\/strong> (Department of  Marketing Authorisation)<br>MVDr. E. Chobotov\u00e1, PhD.<br>+421-37-6933 517<br><a href=\"mailto:eva.chobotova@uskvbl.sk\">eva.chobotova@uskvbl.sk<\/a><\/td><\/tr><tr><td><strong>Odbor bioprepar\u00e1tov<\/strong> (Department of Biologicals) &#8211; zastupovanie<br>Mgr. R. Kov\u00e1\u010dov\u00e1, PhD.<br>+421-37-6933521<br><a href=\"mailto:renata.kovacova@uskvbl.sk\">renata.kovacova@uskvbl.sk<\/a><\/td><\/tr><tr><td><strong>Odbor lie\u010div <\/strong>&nbsp;(Department of Pharmaceuticals)<br>Ing. Z. D\u017eupinov\u00e1, PhD.<br>+421-37-6933546<br><a href=\"mailto:zuzana.dzupinova@uskvbl.sk\">zuzana.dzupinova@uskvbl.sk<\/a><\/td><\/tr><tr><td><strong>Odbor in\u0161pekcie <\/strong>(Department of Inspection)<br>Mgr. M. Z\u00e1humensk\u00e1 (SVP)<br>+421-37-6933540<br><a href=\"mailto:maria.zahumenska@uskvbl.sk\">maria.zahumenska@uskvbl.sk<\/a><br><br>MVDr. V. Sabolov\u00e1 (SDP)<br>+421-37-6933 540<br><a href=\"mailto:veronika.sabolova@uskvbl.sk\">veronika.sabolova@uskvbl.sk<\/a><\/td><\/tr><tr><td><strong>Farmakovigilancia<\/strong><br>MVDr. T. Holkov\u00e1<br>+421-37-6933541<br><a href=\"mailto:tatiana.holkova@uskvbl.sk\">tatiana.holkova@uskvbl.sk<\/a><\/td><\/tr><tr><td><strong>Odbor ekonomiky <\/strong>(Department of Economy)<br>Ing. A. Spodniakov\u00e1<br>+421-37-6933 528<br><a href=\"mailto:adriana.spodniakova@uskvbl.sk\" data-type=\"mailto\" data-id=\"mailto:adriana.spodniakova@uskvbl.sk\">adriana.spodniakova@uskvbl.sk<\/a><\/td><\/tr><tr><td><strong>Osobn\u00fd \u00farad <\/strong>(Personal Office)<br>Mgr. M. \u0160illerov\u00e1<br>+421-37-6933514 <br><a href=\"mailto:martina.sillerova@uskvbl.sk\">martina.sillerova@uskvbl.sk<\/a><\/td><\/tr><tr><td><strong>Platobn\u00e9 &nbsp;doklady (Payment documents)<\/strong><br>So\u0148a J\u00e1no\u0161\u00edkov\u00e1<br>+421-37-6933 524<\/td><\/tr><\/tbody><\/table><\/figure>\n","protected":false},"excerpt":{"rendered":"<p>\u00dastav \u0161t\u00e1tnej kontroly veterin\u00e1rnych bioprepar\u00e1tov a lie\u010div NitraInstitute for State Control of Veterinary Biologicals and Medicaments Riadite\u013e&nbsp; (Director)MVDr. K. Mass\u00e1nyiov\u00e1, PhD.Tel.: &nbsp;&nbsp;&nbsp;&nbsp; +421-37-6933523 Mobil: &nbsp;e-mail: katarina.massanyiova@uskvbl.sk Sekretari\u00e1t &nbsp;&nbsp;&nbsp;&nbsp;&nbsp;&nbsp;&nbsp;&nbsp;&nbsp;&nbsp;&nbsp;&nbsp;&nbsp;&nbsp;&nbsp;&nbsp;&nbsp;&nbsp;&nbsp;&nbsp;&nbsp;&nbsp;&nbsp;&nbsp;&nbsp;&nbsp;&nbsp;&nbsp;&nbsp;&nbsp;&nbsp;&nbsp;&nbsp;&nbsp;&nbsp;&nbsp;&nbsp;&nbsp;&nbsp;&nbsp;&nbsp;&nbsp;&nbsp;&nbsp;&nbsp;&nbsp;&nbsp;&nbsp;&nbsp;&nbsp;&nbsp;&nbsp; &nbsp;Tatiana Dvorsk\u00e1 &nbsp;&nbsp;&nbsp;&nbsp;&nbsp;&nbsp;&nbsp;&nbsp;&nbsp;&nbsp;&nbsp;&nbsp;&nbsp;&nbsp;&nbsp;&nbsp;&nbsp;&nbsp;&nbsp;&nbsp;&nbsp;&nbsp;&nbsp;&nbsp;&nbsp;&nbsp;&nbsp;&nbsp;&nbsp;&nbsp;&nbsp;&nbsp;&nbsp;&nbsp;&nbsp;&nbsp;&nbsp;&nbsp;&nbsp;&nbsp;&nbsp;&nbsp;&nbsp;&nbsp;&nbsp;&nbsp;&nbsp;&nbsp;&nbsp;&nbsp;&nbsp;&nbsp;&nbsp;&nbsp;&nbsp;&nbsp;&nbsp;&nbsp;+421-37-6933 511 Odbor registr\u00e1cie (Department of Marketing Authorisation)MVDr. E. Chobotov\u00e1, &hellip; <a href=\"https:\/\/www.uskvbl.sk\/?page_id=3420\">Pokra\u010dova\u0165 v \u010d\u00edtan\u00ed <span class=\"meta-nav\">&rarr;<\/span><\/a><\/p>\n","protected":false},"author":1,"featured_media":0,"parent":0,"menu_order":0,"comment_status":"closed","ping_status":"closed","template":"","meta":{"footnotes":""},"class_list":["post-3420","page","type-page","status-publish","hentry"],"_links":{"self":[{"href":"https:\/\/www.uskvbl.sk\/index.php?rest_route=\/wp\/v2\/pages\/3420","targetHints":{"allow":["GET"]}}],"collection":[{"href":"https:\/\/www.uskvbl.sk\/index.php?rest_route=\/wp\/v2\/pages"}],"about":[{"href":"https:\/\/www.uskvbl.sk\/index.php?rest_route=\/wp\/v2\/types\/page"}],"author":[{"embeddable":true,"href":"https:\/\/www.uskvbl.sk\/index.php?rest_route=\/wp\/v2\/users\/1"}],"replies":[{"embeddable":true,"href":"https:\/\/www.uskvbl.sk\/index.php?rest_route=%2Fwp%2Fv2%2Fcomments&post=3420"}],"version-history":[{"count":26,"href":"https:\/\/www.uskvbl.sk\/index.php?rest_route=\/wp\/v2\/pages\/3420\/revisions"}],"predecessor-version":[{"id":9552,"href":"https:\/\/www.uskvbl.sk\/index.php?rest_route=\/wp\/v2\/pages\/3420\/revisions\/9552"}],"wp:attachment":[{"href":"https:\/\/www.uskvbl.sk\/index.php?rest_route=%2Fwp%2Fv2%2Fmedia&parent=3420"}],"curies":[{"name":"wp","href":"https:\/\/api.w.org\/{rel}","templated":true}]}}