{"id":3418,"date":"2020-06-22T13:06:50","date_gmt":"2020-06-22T11:06:50","guid":{"rendered":"http:\/\/www2.uskvbl.sk\/?page_id=3418"},"modified":"2022-11-03T13:54:19","modified_gmt":"2022-11-03T12:54:19","slug":"ekonomika-a-financovanie","status":"publish","type":"page","link":"https:\/\/www.uskvbl.sk\/?page_id=3418","title":{"rendered":"Ekonomika a financovanie, osobn\u00fd \u00farad"},"content":{"rendered":"\n<figure class=\"wp-block-table\"><table><tbody><tr><td><strong>Ekonomika a financovanie<\/strong><\/td><td><\/td><\/tr><tr><td>Ing. A. Spodniakov\u00e1<\/td><td>+421-37-6933528<br><a href=\"mailto:adriana.spodniakova@uskvbl.sk\">adriana.spodniakova@uskvbl.sk<\/a><\/td><\/tr><tr><td><strong>Osobn\u00fd \u00farad<\/strong><\/td><td><\/td><\/tr><tr><td>Mgr. M. \u0160illerov\u00e1<\/td><td>+421-37-6933514<br><a href=\"mailto:martina.sillerova@uskvbl.sk\">martina.sillerova@uskvbl.sk<\/a><\/td><\/tr><tr><td><strong>Objedn\u00e1vky, fakt\u00fary a platb<\/strong>y<\/td><td><\/td><\/tr><tr><td>S. Jano\u0161\u00edkov\u00e1<\/td><td>+421-37-6933524<br> <a href=\"mailto:sona.janosikova@uskvbl.sk\">sona.janosikova@uskvbl.sk<\/a><\/td><\/tr><\/tbody><\/table><\/figure>\n","protected":false},"excerpt":{"rendered":"<p>Ekonomika a financovanie Ing. A. Spodniakov\u00e1 +421-37-6933528adriana.spodniakova@uskvbl.sk Osobn\u00fd \u00farad Mgr. M. \u0160illerov\u00e1 +421-37-6933514martina.sillerova@uskvbl.sk Objedn\u00e1vky, fakt\u00fary a platby S. Jano\u0161\u00edkov\u00e1 +421-37-6933524 sona.janosikova@uskvbl.sk<\/p>\n","protected":false},"author":1,"featured_media":0,"parent":0,"menu_order":0,"comment_status":"closed","ping_status":"closed","template":"","meta":{"footnotes":""},"class_list":["post-3418","page","type-page","status-publish","hentry"],"_links":{"self":[{"href":"https:\/\/www.uskvbl.sk\/index.php?rest_route=\/wp\/v2\/pages\/3418","targetHints":{"allow":["GET"]}}],"collection":[{"href":"https:\/\/www.uskvbl.sk\/index.php?rest_route=\/wp\/v2\/pages"}],"about":[{"href":"https:\/\/www.uskvbl.sk\/index.php?rest_route=\/wp\/v2\/types\/page"}],"author":[{"embeddable":true,"href":"https:\/\/www.uskvbl.sk\/index.php?rest_route=\/wp\/v2\/users\/1"}],"replies":[{"embeddable":true,"href":"https:\/\/www.uskvbl.sk\/index.php?rest_route=%2Fwp%2Fv2%2Fcomments&post=3418"}],"version-history":[{"count":16,"href":"https:\/\/www.uskvbl.sk\/index.php?rest_route=\/wp\/v2\/pages\/3418\/revisions"}],"predecessor-version":[{"id":7169,"href":"https:\/\/www.uskvbl.sk\/index.php?rest_route=\/wp\/v2\/pages\/3418\/revisions\/7169"}],"wp:attachment":[{"href":"https:\/\/www.uskvbl.sk\/index.php?rest_route=%2Fwp%2Fv2%2Fmedia&parent=3418"}],"curies":[{"name":"wp","href":"https:\/\/api.w.org\/{rel}","templated":true}]}}