{"id":3416,"date":"2020-06-22T13:06:29","date_gmt":"2020-06-22T11:06:29","guid":{"rendered":"http:\/\/www2.uskvbl.sk\/?page_id=3416"},"modified":"2025-04-25T13:12:47","modified_gmt":"2025-04-25T11:12:47","slug":"ras-a-krizove-situacie","status":"publish","type":"page","link":"https:\/\/www.uskvbl.sk\/?page_id=3416","title":{"rendered":"Kr\u00edzov\u00e9 situ\u00e1cie"},"content":{"rendered":"\n<h3 class=\"wp-block-heading has-text-color\" style=\"color:#de0408\"><strong><em>SYST\u00c9M R\u00ddCHLEHO VAROVANIA<\/em><\/strong><\/h3>\n\n\n\n<p>Tel.: &nbsp;&nbsp;&nbsp;&nbsp; +421&nbsp;907&nbsp;884&nbsp;565<\/p>\n\n\n\n<figure class=\"wp-block-table\"><table><tbody><tr><td>Nedostatky v kvalite<\/td><td><a href=\"mailto:ras-vet_sk@uskvbl.sk\">ras-vet_sk@uskvbl.sk<\/a> <\/td><\/tr><tr><td>Ne\u017eiaduce \u00fa\u010dinky<\/td><td><a href=\"mailto:neziaduce_ucinky@uskvbl.sk\">neziaduce_ucinky@uskvbl.sk<\/a> <\/td><\/tr><\/tbody><\/table><\/figure>\n\n\n\n<h4 class=\"wp-block-heading\"><strong><em>Nedostatky v kvalite VL<\/em><\/strong><\/h4>\n\n\n\n<figure class=\"wp-block-table\"><table><tbody><tr><td>Ing. M. Hazuchov\u00e1<\/td><td>+421-37-6933546 <br><a href=\"mailto:maria.hazuchova@uskvbl.sk\">maria.hazuchova@uskvbl.sk<\/a><\/td><\/tr><\/tbody><\/table><\/figure>\n\n\n\n<h4 class=\"wp-block-heading\"><strong><em>Ne\u017eiaduce \u00fa\u010dinky VL<\/em><\/strong><\/h4>\n\n\n\n<figure class=\"wp-block-table\"><table><tbody><tr><td>MVDr. T. Holkov\u00e1<\/td><td>+421-37-6933541<br> <a href=\"mailto:tatiana.holkova@uskvbl.sk\">tatiana.holkova@uskvbl.sk<\/a><\/td><\/tr><\/tbody><\/table><\/figure>\n\n\n\n<h4 class=\"wp-block-heading\"><strong><em>Mimoriadne pou\u017eitie VL<\/em><\/strong><\/h4>\n\n\n\n<figure class=\"wp-block-table\"><table><tbody><tr><td>Neregistrovan\u00e9 vet. lieky<\/td><td><\/td><\/tr><tr><td>MVDr. Lubom\u00edr Lopa\u0161ovsk\u00fd<\/td><td>+421-37-6933544<br><a href=\"mailto:lubomir.lopasovsky@uskvbl.sk\">lubomir.lopasovsky@uskvbl.sk<\/a><\/td><\/tr><\/tbody><\/table><\/figure>\n\n\n\n<h4 class=\"wp-block-heading\"><strong><em>Autog\u00e9nne vakc\u00edny<\/em><\/strong><\/h4>\n\n\n\n<figure class=\"wp-block-table\"><table><tbody><tr><td>MVDr. Lubom\u00edr Lopa\u0161ovsk\u00fd<\/td><td>+421-37-6933544<br><a href=\"mailto:lubomir.lopasovsky@uskvbl.sk\">lubomir.lopasovsky@uskvbl.sk<\/a><\/td><\/tr><\/tbody><\/table><\/figure>\n\n\n\n<p><\/p>\n","protected":false},"excerpt":{"rendered":"<p>SYST\u00c9M R\u00ddCHLEHO VAROVANIA Tel.: &nbsp;&nbsp;&nbsp;&nbsp; +421&nbsp;907&nbsp;884&nbsp;565 Nedostatky v kvalite ras-vet_sk@uskvbl.sk Ne\u017eiaduce \u00fa\u010dinky neziaduce_ucinky@uskvbl.sk Nedostatky v kvalite VL Ing. M. Hazuchov\u00e1 +421-37-6933546 maria.hazuchova@uskvbl.sk Ne\u017eiaduce \u00fa\u010dinky VL MVDr. T. Holkov\u00e1 +421-37-6933541 tatiana.holkova@uskvbl.sk Mimoriadne pou\u017eitie VL Neregistrovan\u00e9 vet. lieky MVDr. Lubom\u00edr Lopa\u0161ovsk\u00fd +421-37-6933544lubomir.lopasovsky@uskvbl.sk &hellip; <a href=\"https:\/\/www.uskvbl.sk\/?page_id=3416\">Pokra\u010dova\u0165 v \u010d\u00edtan\u00ed <span class=\"meta-nav\">&rarr;<\/span><\/a><\/p>\n","protected":false},"author":1,"featured_media":0,"parent":0,"menu_order":0,"comment_status":"closed","ping_status":"closed","template":"","meta":{"footnotes":""},"class_list":["post-3416","page","type-page","status-publish","hentry"],"_links":{"self":[{"href":"https:\/\/www.uskvbl.sk\/index.php?rest_route=\/wp\/v2\/pages\/3416","targetHints":{"allow":["GET"]}}],"collection":[{"href":"https:\/\/www.uskvbl.sk\/index.php?rest_route=\/wp\/v2\/pages"}],"about":[{"href":"https:\/\/www.uskvbl.sk\/index.php?rest_route=\/wp\/v2\/types\/page"}],"author":[{"embeddable":true,"href":"https:\/\/www.uskvbl.sk\/index.php?rest_route=\/wp\/v2\/users\/1"}],"replies":[{"embeddable":true,"href":"https:\/\/www.uskvbl.sk\/index.php?rest_route=%2Fwp%2Fv2%2Fcomments&post=3416"}],"version-history":[{"count":13,"href":"https:\/\/www.uskvbl.sk\/index.php?rest_route=\/wp\/v2\/pages\/3416\/revisions"}],"predecessor-version":[{"id":8952,"href":"https:\/\/www.uskvbl.sk\/index.php?rest_route=\/wp\/v2\/pages\/3416\/revisions\/8952"}],"wp:attachment":[{"href":"https:\/\/www.uskvbl.sk\/index.php?rest_route=%2Fwp%2Fv2%2Fmedia&parent=3416"}],"curies":[{"name":"wp","href":"https:\/\/api.w.org\/{rel}","templated":true}]}}