{"id":3414,"date":"2020-06-22T13:05:59","date_gmt":"2020-06-22T11:05:59","guid":{"rendered":"http:\/\/www2.uskvbl.sk\/?page_id=3414"},"modified":"2026-03-27T08:29:49","modified_gmt":"2026-03-27T07:29:49","slug":"registracia-a-schvalovanie-2","status":"publish","type":"page","link":"https:\/\/www.uskvbl.sk\/?page_id=3414","title":{"rendered":"Registr\u00e1cia veterin\u00e1rneho lieku a schva\u013eovanie veterin\u00e1rneho pr\u00edpravku a VTP"},"content":{"rendered":"\n<h4 class=\"wp-block-heading\"><strong><em>Valid\u00e1cia a koordin\u00e1cia registra\u010dn\u00e9ho procesu<\/em><\/strong><\/h4>\n\n\n\n<figure class=\"wp-block-table\"><table><tbody><tr><td><strong>Registr\u00e1cia (MRP a DCP proced\u00fara)<\/strong><\/td><td><\/td><\/tr><tr><td>MVDr. M. Wagnerov\u00e1<\/td><td>+421-37-6933527<br> <a href=\"mailto:marta.wagnerova@uskvbl.sk\">marta.wagnerova@uskvbl.sk<\/a><\/td><\/tr><tr><td>Ing. Krist\u00edna Gajdo\u0161<\/td><td>+421-37-6933513<br><a href=\"mailto:kristina.gajdos@uskvbl.sk\">kristina.gajdos@uskvbl.sk<\/a><\/td><\/tr><tr><td><strong>Registr\u00e1cia (n\u00e1rodn\u00e1 proced\u00fara)<\/strong><\/td><td><\/td><\/tr><tr><td>Ing. Z. Egy\u00fcd<\/td><td>+421-37-6933513 <br><a href=\"mailto:zuzana.egyud@uskvbl.sk\">zuzana.egyud@uskvbl.sk<\/a><\/td><\/tr><tr><td><strong>Schva\u013eovanie VP a VTP<\/strong><\/td><td><\/td><\/tr><tr><td>Mgr. K. Odstr\u010dil Rajtarov\u00e1<\/td><td>+421-37-6933527<br> <a href=\"mailto:katarina.rajtarova@uskvbl.sk\">katarina.rajtarova@uskvbl.sk<\/a><\/td><\/tr><\/tbody><\/table><\/figure>\n\n\n\n<h4 class=\"wp-block-heading\"><strong><em>Odborn\u00e9 \u010dinnosti (hodnotitelia)<\/em><\/strong><\/h4>\n\n\n\n<figure class=\"wp-block-table\"><table><tbody><tr><td><strong>Farmaceutik\u00e1 &#8211; kvalita<\/strong><\/td><td><\/td><\/tr><tr><td>Ing. Z. D\u017eupinov\u00e1, PhD.<\/td><td>+421-37-6933546 <br><a href=\"mailto:zuzana.dzupinova@uskvbl.sk\">zuzana.dzupinova@uskvbl.sk<\/a><\/td><\/tr><tr><td>Ing. M. Hazuchov\u00e1<\/td><td>+421-37-6933546<br><a href=\"mailto:maria.hazuchova@uskvbl.sk\">maria.hazuchova@uskvbl.sk<\/a><\/td><\/tr><tr><td><strong>Farmaceutik\u00e1 &#8211; bezpe\u010dnos\u0165<\/strong><\/td><td><\/td><\/tr><tr><td>Mgr. E. Vargov\u00e1<\/td><td>+421-37-6933555 <br><a href=\"mailto:eva.vargova@uskvbl.sk\">eva.vargova@uskvbl.sk<\/a><\/td><\/tr><tr><td><strong>Farmaceutik\u00e1 &#8211; \u00fa\u010dinnos\u0165<\/strong><\/td><td><\/td><\/tr><tr><td>MVDr. E. Chobotov\u00e1, PhD.<\/td><td>+421-37-6933517<br> <a href=\"mailto:eva.chobotova@uskvbl.sk\">eva.chobotova@uskvbl.sk<\/a><\/td><\/tr><tr><td>MVDr. M. Chlustik<\/td><td>+421-37-6933555<br> <a href=\"mailto:marek.chlustik@uskvbl.sk\">marek.chlustik@uskvbl.sk<\/a><\/td><\/tr><tr><td><strong>Imunologik\u00e1 \u2013 kvalita, bezpe\u010dnos\u0165 a \u00fa\u010dinnos\u0165<\/strong><\/td><td><\/td><\/tr><tr><td>MVDr. T. Ra\u0161i<\/td><td>+421-37-6933532<br><a href=\"mailto:tomas.rasi@uskvbl.sk\">tomas.rasi@uskvbl.sk<\/a><\/td><\/tr><tr><td>MVDr. T. Holkov\u00e1<\/td><td>+421-37-6933541 <br><a href=\"mailto:tatiana.holkova@uskvbl.sk\">tatiana.holkova@uskvbl.sk<\/a><\/td><\/tr><tr><td><\/td><td><br> <\/td><\/tr><\/tbody><\/table><\/figure>\n\n\n\n<h4 class=\"wp-block-heading\"><strong><em>Klinick\u00e9 sk\u00fa\u0161anie<\/em><\/strong><\/h4>\n\n\n\n<figure class=\"wp-block-table\"><table><tbody><tr><td><strong>Klinick\u00e9 sk\u00fa\u0161anie VL &#8211; farmaceutik\u00e1<\/strong><\/td><td><\/td><\/tr><tr><td>MVDr. M. Chlustik<\/td><td>+421-37-6933555 <br><a href=\"mailto:marek.chlustik@uskvbl.sk\">marek.chlustik@uskvbl.sk<\/a><\/td><\/tr><tr><td><strong>Klinick\u00e9 sk\u00fa\u0161anie VL &#8211; imunologik\u00e1<\/strong><\/td><td><\/td><\/tr><tr><td>MVDr. K. Mass\u00e1nyiov\u00e1, PhD.<\/td><td>+421-37-6933523 <br><a href=\"mailto:katarina.massanyiova@uskvbl.sk\">katarina.massanyiova@uskvbl.sk<\/a><\/td><\/tr><tr><td><strong>Klinick\u00e9 sk\u00fa\u0161anie VP a VTP<\/strong><\/td><td><\/td><\/tr><tr><td>Mgr. K. Odstr\u010dil Rajtarov\u00e1<\/td><td>+421-37-6933527 <br><a href=\"mailto:katarina.rajtarova@uskvbl.sk\">katarina.rajtarova@uskvbl.sk<\/a><\/td><\/tr><\/tbody><\/table><\/figure>\n","protected":false},"excerpt":{"rendered":"<p>Valid\u00e1cia a koordin\u00e1cia registra\u010dn\u00e9ho procesu Registr\u00e1cia (MRP a DCP proced\u00fara) MVDr. M. Wagnerov\u00e1 +421-37-6933527 marta.wagnerova@uskvbl.sk Ing. Krist\u00edna Gajdo\u0161 +421-37-6933513kristina.gajdos@uskvbl.sk Registr\u00e1cia (n\u00e1rodn\u00e1 proced\u00fara) Ing. Z. Egy\u00fcd +421-37-6933513 zuzana.egyud@uskvbl.sk Schva\u013eovanie VP a VTP Mgr. K. Odstr\u010dil Rajtarov\u00e1 +421-37-6933527 katarina.rajtarova@uskvbl.sk Odborn\u00e9 \u010dinnosti (hodnotitelia) &hellip; <a href=\"https:\/\/www.uskvbl.sk\/?page_id=3414\">Pokra\u010dova\u0165 v \u010d\u00edtan\u00ed <span class=\"meta-nav\">&rarr;<\/span><\/a><\/p>\n","protected":false},"author":1,"featured_media":0,"parent":0,"menu_order":0,"comment_status":"closed","ping_status":"closed","template":"","meta":{"footnotes":""},"class_list":["post-3414","page","type-page","status-publish","hentry"],"_links":{"self":[{"href":"https:\/\/www.uskvbl.sk\/index.php?rest_route=\/wp\/v2\/pages\/3414","targetHints":{"allow":["GET"]}}],"collection":[{"href":"https:\/\/www.uskvbl.sk\/index.php?rest_route=\/wp\/v2\/pages"}],"about":[{"href":"https:\/\/www.uskvbl.sk\/index.php?rest_route=\/wp\/v2\/types\/page"}],"author":[{"embeddable":true,"href":"https:\/\/www.uskvbl.sk\/index.php?rest_route=\/wp\/v2\/users\/1"}],"replies":[{"embeddable":true,"href":"https:\/\/www.uskvbl.sk\/index.php?rest_route=%2Fwp%2Fv2%2Fcomments&post=3414"}],"version-history":[{"count":18,"href":"https:\/\/www.uskvbl.sk\/index.php?rest_route=\/wp\/v2\/pages\/3414\/revisions"}],"predecessor-version":[{"id":9554,"href":"https:\/\/www.uskvbl.sk\/index.php?rest_route=\/wp\/v2\/pages\/3414\/revisions\/9554"}],"wp:attachment":[{"href":"https:\/\/www.uskvbl.sk\/index.php?rest_route=%2Fwp%2Fv2%2Fmedia&parent=3414"}],"curies":[{"name":"wp","href":"https:\/\/api.w.org\/{rel}","templated":true}]}}