{"id":3412,"date":"2020-06-22T13:05:24","date_gmt":"2020-06-22T11:05:24","guid":{"rendered":"http:\/\/www2.uskvbl.sk\/?page_id=3412"},"modified":"2025-04-25T13:01:38","modified_gmt":"2025-04-25T11:01:38","slug":"inspekcia-2","status":"publish","type":"page","link":"https:\/\/www.uskvbl.sk\/?page_id=3412","title":{"rendered":"In\u0161pekcia"},"content":{"rendered":"\n<figure class=\"wp-block-table is-style-stripes\"><table><tbody><tr><td><strong>In\u0161pekcia SVP <\/strong>                                <\/td><td><\/td><\/tr><tr><td>Mgr. I. Sin\u010d\u00e1kov\u00e1<br><br><br>Mgr. M. Z\u00e1humensk\u00e1<\/td><td>+421-37-6933544<br><a href=\"mailto:iveta.sincakova@uskvbl.sk\">iveta.sincakova@uskvbl.sk<\/a><br><br>+421-37-6933540 <br><a href=\"mailto:maria.zahumenska@uskvbl.sk\">maria.zahumenska@uskvbl.sk<\/a><\/td><\/tr><tr><td><strong>In\u0161pekcia SDP<\/strong><\/td><td><\/td><\/tr><tr><td>MVDr. V. Sabolov\u00e1<\/td><td>+421-37-6933540 <br><a href=\"mailto:veronika.sabolova@uskvbl.sk\">veronika.sabolova@uskvbl.sk<\/a><\/td><\/tr><tr><td><strong>In\u0161pekcia OPL<\/strong><\/td><td><\/td><\/tr><tr><td>Mgr. Z. Dur\u00e1niov\u00e1<\/td><td>+421-37-6933547<br><a href=\"mailto:zuzana.duraniova@uskvbl.sk\">zuzana.duraniova@uskvbl.sk<\/a><\/td><\/tr><\/tbody><\/table><\/figure>\n\n\n\n<figure class=\"wp-block-table\"><table><tbody><tr><td><strong>Medikovan\u00e9 krmiv\u00e1<\/strong><\/td><td><\/td><\/tr><tr><td>Mgr. M. Z\u00e1humensk\u00e1<\/td><td>+421-37-6933540 <br><a href=\"mailto:maria.zahumenska@uskvbl.sk\">maria.zahumenska@uskvbl.sk<\/a><\/td><\/tr><tr><td><strong>Kontroln\u00e9 laborat\u00f3ri\u00e1<\/strong><\/td><td><\/td><\/tr><tr><td>Mgr. M. Z\u00e1humensk\u00e1<\/td><td>+421-37-6933540<br><a href=\"mailto:maria.zahumenska@uskvbl.sk\">maria.zahumenska@uskvbl.sk<\/a><\/td><\/tr><\/tbody><\/table><\/figure>\n\n\n\n<figure class=\"wp-block-table\"><table><tbody><tr><td><strong>Hl\u00e1senia v\u00fdroba, dovoz, ve\u013akodistrib\u00facia<\/strong><\/td><\/tr><tr><td><a href=\"mailto:hlasenia.inspekcia@uskvbl.sk\">hlasenia.inspekcia@uskvbl.sk<\/a><\/td><\/tr><\/tbody><\/table><\/figure>\n\n\n\n<p><\/p>\n","protected":false},"excerpt":{"rendered":"<p>In\u0161pekcia SVP Mgr. I. Sin\u010d\u00e1kov\u00e1 Mgr. M. Z\u00e1humensk\u00e1 +421-37-6933544iveta.sincakova@uskvbl.sk +421-37-6933540 maria.zahumenska@uskvbl.sk In\u0161pekcia SDP MVDr. V. Sabolov\u00e1 +421-37-6933540 veronika.sabolova@uskvbl.sk In\u0161pekcia OPL Mgr. Z. Dur\u00e1niov\u00e1 +421-37-6933547zuzana.duraniova@uskvbl.sk Medikovan\u00e9 krmiv\u00e1 Mgr. M. Z\u00e1humensk\u00e1 +421-37-6933540 maria.zahumenska@uskvbl.sk Kontroln\u00e9 laborat\u00f3ri\u00e1 Mgr. M. Z\u00e1humensk\u00e1 +421-37-6933540maria.zahumenska@uskvbl.sk Hl\u00e1senia v\u00fdroba, dovoz, &hellip; <a href=\"https:\/\/www.uskvbl.sk\/?page_id=3412\">Pokra\u010dova\u0165 v \u010d\u00edtan\u00ed <span class=\"meta-nav\">&rarr;<\/span><\/a><\/p>\n","protected":false},"author":1,"featured_media":0,"parent":0,"menu_order":0,"comment_status":"closed","ping_status":"closed","template":"","meta":{"footnotes":""},"class_list":["post-3412","page","type-page","status-publish","hentry"],"_links":{"self":[{"href":"https:\/\/www.uskvbl.sk\/index.php?rest_route=\/wp\/v2\/pages\/3412","targetHints":{"allow":["GET"]}}],"collection":[{"href":"https:\/\/www.uskvbl.sk\/index.php?rest_route=\/wp\/v2\/pages"}],"about":[{"href":"https:\/\/www.uskvbl.sk\/index.php?rest_route=\/wp\/v2\/types\/page"}],"author":[{"embeddable":true,"href":"https:\/\/www.uskvbl.sk\/index.php?rest_route=\/wp\/v2\/users\/1"}],"replies":[{"embeddable":true,"href":"https:\/\/www.uskvbl.sk\/index.php?rest_route=%2Fwp%2Fv2%2Fcomments&post=3412"}],"version-history":[{"count":36,"href":"https:\/\/www.uskvbl.sk\/index.php?rest_route=\/wp\/v2\/pages\/3412\/revisions"}],"predecessor-version":[{"id":8951,"href":"https:\/\/www.uskvbl.sk\/index.php?rest_route=\/wp\/v2\/pages\/3412\/revisions\/8951"}],"wp:attachment":[{"href":"https:\/\/www.uskvbl.sk\/index.php?rest_route=%2Fwp%2Fv2%2Fmedia&parent=3412"}],"curies":[{"name":"wp","href":"https:\/\/api.w.org\/{rel}","templated":true}]}}