{"id":3408,"date":"2020-06-22T13:02:28","date_gmt":"2020-06-22T11:02:28","guid":{"rendered":"http:\/\/www2.uskvbl.sk\/?page_id=3408"},"modified":"2026-03-27T08:31:49","modified_gmt":"2026-03-27T07:31:49","slug":"olaboratorna-kontrola","status":"publish","type":"page","link":"https:\/\/www.uskvbl.sk\/?page_id=3408","title":{"rendered":"Laborat\u00f3rna kontrola"},"content":{"rendered":"\n<figure class=\"wp-block-table\"><table><tbody><tr><td><strong>Farmaceutick\u00e9 VL<\/strong><\/td><td><\/td><\/tr><tr><td>Ing. Z. D\u017eupinov\u00e1, PhD.<\/td><td>+421-37-6933546 <br><a href=\"mailto:zuzana.dzupinova@uskvbl.sk\">zuzana.dzupinova@uskvbl.sk<\/a><\/td><\/tr><tr><td><strong>Imunologick\u00e9 VL<\/strong>\/<strong>OBPR-OCABR<\/strong><\/td><td><\/td><\/tr><tr><td>Mgr. R. Kov\u00e1\u010dov\u00e1, PhD.<\/td><td>+421-37-6933521 <br><a href=\"mailto:renata.kovacova@uskvbl.sk\">renata.kovacova@uskvbl.sk<\/a><\/td><\/tr><\/tbody><\/table><\/figure>\n","protected":false},"excerpt":{"rendered":"<p>Farmaceutick\u00e9 VL Ing. Z. D\u017eupinov\u00e1, PhD. +421-37-6933546 zuzana.dzupinova@uskvbl.sk Imunologick\u00e9 VL\/OBPR-OCABR Mgr. R. Kov\u00e1\u010dov\u00e1, PhD. +421-37-6933521 renata.kovacova@uskvbl.sk<\/p>\n","protected":false},"author":1,"featured_media":0,"parent":0,"menu_order":0,"comment_status":"closed","ping_status":"closed","template":"","meta":{"footnotes":""},"class_list":["post-3408","page","type-page","status-publish","hentry"],"_links":{"self":[{"href":"https:\/\/www.uskvbl.sk\/index.php?rest_route=\/wp\/v2\/pages\/3408","targetHints":{"allow":["GET"]}}],"collection":[{"href":"https:\/\/www.uskvbl.sk\/index.php?rest_route=\/wp\/v2\/pages"}],"about":[{"href":"https:\/\/www.uskvbl.sk\/index.php?rest_route=\/wp\/v2\/types\/page"}],"author":[{"embeddable":true,"href":"https:\/\/www.uskvbl.sk\/index.php?rest_route=\/wp\/v2\/users\/1"}],"replies":[{"embeddable":true,"href":"https:\/\/www.uskvbl.sk\/index.php?rest_route=%2Fwp%2Fv2%2Fcomments&post=3408"}],"version-history":[{"count":22,"href":"https:\/\/www.uskvbl.sk\/index.php?rest_route=\/wp\/v2\/pages\/3408\/revisions"}],"predecessor-version":[{"id":9555,"href":"https:\/\/www.uskvbl.sk\/index.php?rest_route=\/wp\/v2\/pages\/3408\/revisions\/9555"}],"wp:attachment":[{"href":"https:\/\/www.uskvbl.sk\/index.php?rest_route=%2Fwp%2Fv2%2Fmedia&parent=3408"}],"curies":[{"name":"wp","href":"https:\/\/api.w.org\/{rel}","templated":true}]}}