{"id":33,"date":"2020-01-20T14:33:44","date_gmt":"2020-01-20T13:33:44","guid":{"rendered":"http:\/\/www2.uskvbl.sk\/?page_id=33"},"modified":"2024-12-16T11:50:09","modified_gmt":"2024-12-16T10:50:09","slug":"ochrana-osobnych-udajov","status":"publish","type":"page","link":"https:\/\/www.uskvbl.sk\/?page_id=33","title":{"rendered":"OCHRANA OSOBN\u00ddCH \u00daDAJOV (GDPR)"},"content":{"rendered":"\n<p><strong>Identifika\u010dn\u00e9 a kontaktn\u00e9 \u00fadaje:<\/strong><br>Prev\u00e1dzkovate\u013e: \u00dastav \u0161t\u00e1tnej kontroly veterin\u00e1rnych bioprepar\u00e1tov a lie\u010div Nitra<br>Biovetsk\u00e1 34, 94901 Nitra<br>I\u010cO: 31873154<\/p>\n\n\n\n<p><strong>Kontaktn\u00e9 \u00fadaje zodpovednej osoby:<\/strong><br>Zodpovedn\u00e1 osoba za ochranu osobn\u00fdch \u00fadajov: Roman V\u00e1clav LL.M, MBA, emailov\u00e1 adresa:<a href=\"zodpovednaosoba@svps.sk\"> zodpovednaosoba@svps.sk<\/a>, telefonick\u00fd kontakt: 0910 905 154<\/p>\n\n\n\n<div class=\"wp-block-file\"><a id=\"wp-block-file--media-ef8a15e6-1dd0-45da-bd0e-5946b92f8156\" href=\"https:\/\/www.uskvbl.sk\/wp-content\/uploads\/info-povinnost.pdf\" target=\"_blank\" rel=\"noreferrer noopener\">Informa\u010dn\u00e1 povinnos\u0165<\/a><\/div>\n\n\n\n<div class=\"wp-block-file\"><a id=\"wp-block-file--media-cc39a7ee-926b-4406-a6c7-5ac17e5d42a9\" href=\"https:\/\/www.uskvbl.sk\/wp-content\/uploads\/povolene-sposoby-komunikacie.pdf\" target=\"_blank\" rel=\"noreferrer noopener\">Povolen\u00e9 sp\u00f4soby bezpe\u010dnej komunik\u00e1cie pri sprac\u00favan\u00ed osobn\u00fdch \u00fadajov<\/a><\/div>\n\n\n\n<div class=\"wp-block-file\"><a id=\"wp-block-file--media-f9376d2e-aae8-4e76-aeae-df80c7d5dcc0\" href=\"https:\/\/www.uskvbl.sk\/wp-content\/uploads\/ziadost-dotknutej-osoby-osobe-udaje.pdf\" target=\"_blank\" rel=\"noreferrer noopener\">\u017diados\u0165 dotknutej osoby t\u00fdkaj\u00faca sa jej osobn\u00fdch \u00fadajov<\/a><\/div>\n\n\n\n<div class=\"wp-block-file\"><a id=\"wp-block-file--media-af49cd87-fd8c-4e52-8fef-abce8dc41b9a\" href=\"https:\/\/www.uskvbl.sk\/wp-content\/uploads\/poucenie-o-pravach.pdf\" target=\"_blank\" rel=\"noreferrer noopener\">Pou\u010denie o\u00a0pr\u00e1vach dotknut\u00fdch os\u00f4b<\/a><\/div>\n\n\n\n<div class=\"wp-block-file\"><a id=\"wp-block-file--media-eef873ea-6386-4d93-b9d4-09c3b995237e\" href=\"https:\/\/www.uskvbl.sk\/wp-content\/uploads\/namietanie-spracuvania-osobnych-udajov.pdf\" target=\"_blank\" rel=\"noreferrer noopener\">Namietanie sprac\u00favania osobn\u00fdch \u00fadajov dotknutou osobou<\/a><\/div>\n\n\n\n<div class=\"wp-block-file\"><a id=\"wp-block-file--media-ab0465a1-1b04-4670-a56b-f313db132ade\" href=\"https:\/\/www.uskvbl.sk\/wp-content\/uploads\/udelenie-suhlasu-DO.pdf\" target=\"_blank\" rel=\"noreferrer noopener\">Udelenie s\u00fahlasu DO pri agende \u017eiadosti do zamestnania pri sprac\u00favan\u00ed osobn\u00fdch \u00fadajov pri ktor\u00fdch je pr\u00e1vnym<br>z\u00e1kladom s\u00fahlas DO<\/a><\/div>\n","protected":false},"excerpt":{"rendered":"<p>Identifika\u010dn\u00e9 a kontaktn\u00e9 \u00fadaje:Prev\u00e1dzkovate\u013e: \u00dastav \u0161t\u00e1tnej kontroly veterin\u00e1rnych bioprepar\u00e1tov a lie\u010div NitraBiovetsk\u00e1 34, 94901 NitraI\u010cO: 31873154 Kontaktn\u00e9 \u00fadaje zodpovednej osoby:Zodpovedn\u00e1 osoba za ochranu osobn\u00fdch \u00fadajov: Roman V\u00e1clav LL.M, MBA, emailov\u00e1 adresa: zodpovednaosoba@svps.sk, telefonick\u00fd kontakt: 0910 905 154<\/p>\n","protected":false},"author":1,"featured_media":0,"parent":0,"menu_order":0,"comment_status":"closed","ping_status":"closed","template":"","meta":{"footnotes":""},"class_list":["post-33","page","type-page","status-publish","hentry"],"_links":{"self":[{"href":"https:\/\/www.uskvbl.sk\/index.php?rest_route=\/wp\/v2\/pages\/33","targetHints":{"allow":["GET"]}}],"collection":[{"href":"https:\/\/www.uskvbl.sk\/index.php?rest_route=\/wp\/v2\/pages"}],"about":[{"href":"https:\/\/www.uskvbl.sk\/index.php?rest_route=\/wp\/v2\/types\/page"}],"author":[{"embeddable":true,"href":"https:\/\/www.uskvbl.sk\/index.php?rest_route=\/wp\/v2\/users\/1"}],"replies":[{"embeddable":true,"href":"https:\/\/www.uskvbl.sk\/index.php?rest_route=%2Fwp%2Fv2%2Fcomments&post=33"}],"version-history":[{"count":6,"href":"https:\/\/www.uskvbl.sk\/index.php?rest_route=\/wp\/v2\/pages\/33\/revisions"}],"predecessor-version":[{"id":8844,"href":"https:\/\/www.uskvbl.sk\/index.php?rest_route=\/wp\/v2\/pages\/33\/revisions\/8844"}],"wp:attachment":[{"href":"https:\/\/www.uskvbl.sk\/index.php?rest_route=%2Fwp%2Fv2%2Fmedia&parent=33"}],"curies":[{"name":"wp","href":"https:\/\/api.w.org\/{rel}","templated":true}]}}