{"id":32,"date":"2020-01-20T14:33:44","date_gmt":"2020-01-20T13:33:44","guid":{"rendered":"http:\/\/www2.uskvbl.sk\/?page_id=32"},"modified":"2026-01-21T14:23:25","modified_gmt":"2026-01-21T13:23:25","slug":"poskytovanie-informacii","status":"publish","type":"page","link":"https:\/\/www.uskvbl.sk\/?page_id=32","title":{"rendered":"POSKYTOVANIE INFORM\u00c1CI\u00cd"},"content":{"rendered":"\n<p>O poskytnutie inform\u00e1ci\u00ed mo\u017eno po\u017eiada\u0165 v zmysle Z\u00e1kona \u010d. 211\/2000 Z.z. o slobodnom pr\u00edstupe k inform\u00e1ci\u00e1m a o zmene a doplnen\u00ed niektor\u00fdch z\u00e1konov.<\/p>\n\n\n\n<p>\u017diados\u0165 o poskytnutie inform\u00e1ci\u00ed mo\u017eno poda\u0165:<\/p>\n\n\n\n<ul class=\"wp-block-list\">\n<li><strong>p\u00edsomne <\/strong>na adresu: \u00dastav \u0161t\u00e1tnej kontroly veterin\u00e1rnych bioprepar\u00e1tov a lie\u010div, Biovetsk\u00e1 34, 949 01 Nitra<\/li>\n\n\n\n<li>p\u00edsomne &#8211; osobn\u00fdm podan\u00edm v podate\u013eni \u00da\u0160KVBL<\/li>\n\n\n\n<li><strong>elektronickou po\u0161tou<\/strong> na adresu: podatelna@uskvbl.sk<\/li>\n\n\n\n<li>\u00fastne &#8211; telefonicky na tel. \u010d.: +421-37-6933511 pondelok \u2013 piatok, v \u010dase od 8:30 &#8211; 12.00 a 12.30 &#8211; 14:00<\/li>\n<\/ul>\n\n\n\n<p><\/p>\n\n\n\n<h3 class=\"wp-block-heading\"><strong><mark style=\"background-color:rgba(0, 0, 0, 0)\" class=\"has-inline-color has-blue-color\">Lehoty na poskytovanie inform\u00e1ci\u00ed<\/mark><\/strong><\/h3>\n\n\n\n<p>Za d\u00e1tum podania \u017eiadosti sa pova\u017euje de\u0148 doru\u010denia \u017eiadosti \u00da\u0160KVBL.<br>\u00da\u0160KVBL je povinn\u00fd vybavi\u0165 \u017eiados\u0165 bezodkladne, najnesk\u00f4r <strong>do 8 pracovn\u00fdch dn\u00ed<\/strong> odo d\u0148a podania \u017eiadosti, pokia\u013e z\u00e1kon neupravuje inak.<\/p>\n\n\n\n<p>\u00da\u0160KVBL m\u00f4\u017ee lehotu podania inform\u00e1cie&nbsp;pred\u013a\u017ei\u0165&nbsp;najviac o&nbsp;osem pracovn\u00fdch dn\u00ed, ak m\u00e1 z\u00e1va\u017en\u00e9 d\u00f4vody pri vyh\u013ead\u00e1van\u00ed, zbere inform\u00e1ci\u00ed na inom mieste ako je s\u00eddlo \u00fastavu, pri technick\u00fdch probl\u00e9moch spojen\u00fdch s&nbsp;vyh\u013ead\u00e1van\u00edm a&nbsp;spr\u00edstupnen\u00edm po\u017eadovanej inform\u00e1cie alebo pri vyh\u013ead\u00e1van\u00ed a&nbsp;zbere v\u00e4\u010d\u0161ieho po\u010dtu oddelen\u00fdch alebo odli\u0161n\u00fdch inform\u00e1ci\u00ed po\u017eadovan\u00fdch na spr\u00edstupnenie. \u00da\u0160KVBL o tejto skuto\u010dnosti \u017eiadate\u013ea bezodkladne upovedom\u00ed, najnesk\u00f4r v\u0161ak pred uplynut\u00edm lehoty na poskytnutie inform\u00e1cie. V&nbsp;ozn\u00e1men\u00ed o&nbsp;pred\u013a\u017een\u00ed lehoty uvedie d\u00f4vody pred\u013a\u017eenia lehoty.<\/p>\n\n\n\n<p>V&nbsp;pr\u00edpade, \u017ee \u017eiados\u0165 o&nbsp;inform\u00e1ciu nesp\u013a\u0148a predp\u00edsan\u00e9 n\u00e1le\u017eitosti, \u00da\u0160KVBL bezodkladne, vyzve \u017eiadate\u013ea, aby \u017eiados\u0165 v&nbsp;ur\u010denej lehote, nie krat\u0161ej ako sedem dn\u00ed doplnil.<\/p>\n\n\n\n<p>Ak \u00da\u0160KVBL nem\u00e1 po\u017eadovan\u00e9 inform\u00e1cie k dispoz\u00edcii a&nbsp;m\u00e1 vedomos\u0165, kde mo\u017eno po\u017eadovan\u00fa inform\u00e1ciu z\u00edska\u0165, post\u00fapi \u017eiados\u0165 do 5 dn\u00ed pr\u00edslu\u0161nej povinnej osobe, ktor\u00e1 m\u00e1 po\u017eadovan\u00fa inform\u00e1ciu k dispoz\u00edcii. O post\u00fapen\u00ed \u017eiadosti N\u00e1sledne \u017eiadate\u013ea bezodkladne informuje o&nbsp;post\u00fapen\u00ed \u017eiadosti. Ak mu tak\u00e1to povinn\u00e1 osoba nie je zn\u00e1ma, \u017eiados\u0165 odmietne vydan\u00edm rozhodnutia.<\/p>\n\n\n\n<p>Ak \u00da\u0160KVBL \u017eiadosti nevyhovie, hoci len z&nbsp;\u010dasti,&nbsp;vyd\u00e1 o&nbsp;tom v&nbsp;z\u00e1konom stanovenej lehote p\u00edsomn\u00e9 rozhodnutie v zmysle \u00a718 ods. 2 z\u00e1kon o&nbsp;slobode inform\u00e1ci\u00ed. Opravn\u00fdm prostriedkom proti rozhodnutiu \u00da\u0160KVBL o&nbsp;odmietnut\u00ed poskytn\u00fa\u0165 inform\u00e1cie je odvolanie. Odvolanie proti rozhodnutiu o&nbsp;odmietnut\u00ed \u017eiadosti mo\u017eno poda\u0165 na \u00da\u0160KVBL v&nbsp;lehote do 15 dn\u00ed od doru\u010denia rozhodnutia.<\/p>\n\n\n\n<p>V pr\u00edpade podania odvolania \u017eiadate\u013ea proti Rozhodnutiu, \u00da\u0160KVBL bezodkladne post\u00fapi odvolanie Ministerstvu p\u00f4dohospod\u00e1rstva a&nbsp;rozvoja vidieka Slovenskej republiky (MPRV SR) ako spr\u00e1vnemu org\u00e1nu pr\u00edslu\u0161n\u00e9mu na rozhodnutie o odvolan\u00ed (pod\u013ea \u00a7 19 ods. 2 a \u00a7 22 ods. 1 z\u00e1kona \u010d. 211\/2000 Z. z. o slobodnom pr\u00edstupe k inform\u00e1ci\u00e1m a o zmene a doplnen\u00ed niektor\u00fdch z\u00e1konov (z\u00e1kon o slobode inform\u00e1ci\u00ed) v znen\u00ed neskor\u0161\u00edch predpisov v spojen\u00ed s \u00a7 57 z\u00e1kona \u010d. 71\/1967 Zb. o spr\u00e1vnom konan\u00ed (spr\u00e1vny poriadok) v znen\u00ed neskor\u0161\u00edch predpisov.<\/p>\n\n\n\n<p>MPRV SR n\u00e1sledne rozhodne o&nbsp;odvolan\u00ed vydan\u00edm Rozhodnutia, ktor\u00e9 bude doru\u010den\u00e9 \u00da\u0160KVBL a&nbsp;\u017eiadate\u013eovi, proti ktor\u00e9mu nie je pod\u013ea \u00a7 59 ods. 4 spr\u00e1vneho poriadku pr\u00edpustn\u00e9 odvolanie. Rozhodnutie nie je presk\u00famate\u013en\u00e9 s\u00fadom.<\/p>\n\n\n\n<div class=\"wp-block-file\"><a id=\"wp-block-file--media-3b360a96-aef5-415c-bb27-dd8658d39127\" href=\"https:\/\/www.uskvbl.sk\/wp-content\/uploads\/Riadenie-informacneho-toku.pdf\" target=\"_blank\" rel=\"noreferrer noopener\">Riadenie informa\u010dn\u00e9ho toku<\/a><\/div>\n\n\n\n<div class=\"wp-block-file\"><a id=\"wp-block-file--media-bd1ac259-507a-471c-8840-1e41d7425bde\" href=\"https:\/\/www.uskvbl.sk\/wp-content\/uploads\/Supis-informaciiktore-nepodliehaju-zverejneniu.pdf\" target=\"_blank\" rel=\"noreferrer noopener\">S\u00fapis inform\u00e1ci\u00ed, ktor\u00e9 nepodliehaj\u00fa zverejneniu<\/a><\/div>\n\n\n\n<p><\/p>\n\n\n\n<p><a href=\"https:\/\/www.uskvbl.sk\/?page_id=9397\" data-type=\"page\" data-id=\"9397\">Vyhl\u00e1senie o pr\u00edstupnosti webov\u00e9ho s\u00eddla<\/a><\/p>\n\n\n\n<p><\/p>\n\n\n\n<p><\/p>\n\n\n\n<p><\/p>\n","protected":false},"excerpt":{"rendered":"<p>O poskytnutie inform\u00e1ci\u00ed mo\u017eno po\u017eiada\u0165 v zmysle Z\u00e1kona \u010d. 211\/2000 Z.z. o slobodnom pr\u00edstupe k inform\u00e1ci\u00e1m a o zmene a doplnen\u00ed niektor\u00fdch z\u00e1konov. \u017diados\u0165 o poskytnutie inform\u00e1ci\u00ed mo\u017eno poda\u0165: Lehoty na poskytovanie inform\u00e1ci\u00ed Za d\u00e1tum podania \u017eiadosti sa pova\u017euje de\u0148 &hellip; <a href=\"https:\/\/www.uskvbl.sk\/?page_id=32\">Pokra\u010dova\u0165 v \u010d\u00edtan\u00ed <span class=\"meta-nav\">&rarr;<\/span><\/a><\/p>\n","protected":false},"author":1,"featured_media":0,"parent":0,"menu_order":0,"comment_status":"closed","ping_status":"closed","template":"","meta":{"footnotes":""},"class_list":["post-32","page","type-page","status-publish","hentry"],"_links":{"self":[{"href":"https:\/\/www.uskvbl.sk\/index.php?rest_route=\/wp\/v2\/pages\/32","targetHints":{"allow":["GET"]}}],"collection":[{"href":"https:\/\/www.uskvbl.sk\/index.php?rest_route=\/wp\/v2\/pages"}],"about":[{"href":"https:\/\/www.uskvbl.sk\/index.php?rest_route=\/wp\/v2\/types\/page"}],"author":[{"embeddable":true,"href":"https:\/\/www.uskvbl.sk\/index.php?rest_route=\/wp\/v2\/users\/1"}],"replies":[{"embeddable":true,"href":"https:\/\/www.uskvbl.sk\/index.php?rest_route=%2Fwp%2Fv2%2Fcomments&post=32"}],"version-history":[{"count":13,"href":"https:\/\/www.uskvbl.sk\/index.php?rest_route=\/wp\/v2\/pages\/32\/revisions"}],"predecessor-version":[{"id":9447,"href":"https:\/\/www.uskvbl.sk\/index.php?rest_route=\/wp\/v2\/pages\/32\/revisions\/9447"}],"wp:attachment":[{"href":"https:\/\/www.uskvbl.sk\/index.php?rest_route=%2Fwp%2Fv2%2Fmedia&parent=32"}],"curies":[{"name":"wp","href":"https:\/\/api.w.org\/{rel}","templated":true}]}}