{"id":30,"date":"2020-01-20T14:33:44","date_gmt":"2020-01-20T13:33:44","guid":{"rendered":"http:\/\/www2.uskvbl.sk\/?page_id=30"},"modified":"2025-04-25T11:45:56","modified_gmt":"2025-04-25T09:45:56","slug":"legislativa","status":"publish","type":"page","link":"https:\/\/www.uskvbl.sk\/?page_id=30","title":{"rendered":"LEGISLAT\u00cdVA"},"content":{"rendered":"\n<p>\u00da\u0160KVBL Nitra ako org\u00e1n \u0161t\u00e1tnej spr\u00e1vy s\u00a0celo\u0161t\u00e1tnou p\u00f4sobnos\u0165ou sa pri plnen\u00ed \u00faloh riadi pr\u00e1vnymi predpismi Slovenskej republiky a pr\u00e1vnymi predpismi a Eur\u00f3pskej \u00fanie a pod\u013ea nich rozhoduje. Uveden\u00e9 pr\u00e1vne predpisy z\u00e1rove\u0148 upravuj\u00fa pr\u00e1va a\u00a0povinnosti fyzick\u00fdch a\u00a0pr\u00e1vnick\u00fdch os\u00f4b vo vz\u0165ahu k\u00a0\u00da\u0160KVBL.<\/p>\n\n\n\n<h3 class=\"wp-block-heading\"><strong><a href=\"https:\/\/www.uskvbl.sk\/?page_id=406\">Pr\u00e1vne predpisy Slovenskej republiky<\/a><\/strong><\/h3>\n\n\n\n<h3 class=\"wp-block-heading\"><strong><a href=\"https:\/\/www.uskvbl.sk\/?page_id=408\">Pr\u00e1vne predpisy Eur\u00f3pskej \u00fanie<\/a><\/strong><\/h3>\n\n\n\n<p><\/p>\n","protected":false},"excerpt":{"rendered":"<p>\u00da\u0160KVBL Nitra ako org\u00e1n \u0161t\u00e1tnej spr\u00e1vy s\u00a0celo\u0161t\u00e1tnou p\u00f4sobnos\u0165ou sa pri plnen\u00ed \u00faloh riadi pr\u00e1vnymi predpismi Slovenskej republiky a pr\u00e1vnymi predpismi a Eur\u00f3pskej \u00fanie a pod\u013ea nich rozhoduje. Uveden\u00e9 pr\u00e1vne predpisy z\u00e1rove\u0148 upravuj\u00fa pr\u00e1va a\u00a0povinnosti fyzick\u00fdch a\u00a0pr\u00e1vnick\u00fdch os\u00f4b vo vz\u0165ahu k\u00a0\u00da\u0160KVBL. &hellip; <a href=\"https:\/\/www.uskvbl.sk\/?page_id=30\">Pokra\u010dova\u0165 v \u010d\u00edtan\u00ed <span class=\"meta-nav\">&rarr;<\/span><\/a><\/p>\n","protected":false},"author":1,"featured_media":0,"parent":0,"menu_order":0,"comment_status":"closed","ping_status":"closed","template":"","meta":{"footnotes":""},"class_list":["post-30","page","type-page","status-publish","hentry"],"_links":{"self":[{"href":"https:\/\/www.uskvbl.sk\/index.php?rest_route=\/wp\/v2\/pages\/30","targetHints":{"allow":["GET"]}}],"collection":[{"href":"https:\/\/www.uskvbl.sk\/index.php?rest_route=\/wp\/v2\/pages"}],"about":[{"href":"https:\/\/www.uskvbl.sk\/index.php?rest_route=\/wp\/v2\/types\/page"}],"author":[{"embeddable":true,"href":"https:\/\/www.uskvbl.sk\/index.php?rest_route=\/wp\/v2\/users\/1"}],"replies":[{"embeddable":true,"href":"https:\/\/www.uskvbl.sk\/index.php?rest_route=%2Fwp%2Fv2%2Fcomments&post=30"}],"version-history":[{"count":8,"href":"https:\/\/www.uskvbl.sk\/index.php?rest_route=\/wp\/v2\/pages\/30\/revisions"}],"predecessor-version":[{"id":8940,"href":"https:\/\/www.uskvbl.sk\/index.php?rest_route=\/wp\/v2\/pages\/30\/revisions\/8940"}],"wp:attachment":[{"href":"https:\/\/www.uskvbl.sk\/index.php?rest_route=%2Fwp%2Fv2%2Fmedia&parent=30"}],"curies":[{"name":"wp","href":"https:\/\/api.w.org\/{rel}","templated":true}]}}