{"id":28,"date":"2020-01-20T14:33:44","date_gmt":"2020-01-20T13:33:44","guid":{"rendered":"http:\/\/www2.uskvbl.sk\/?page_id=28"},"modified":"2025-11-18T11:23:32","modified_gmt":"2025-11-18T10:23:32","slug":"verejne-obstaravanie","status":"publish","type":"page","link":"https:\/\/www.uskvbl.sk\/?page_id=28","title":{"rendered":"VEREJN\u00c9 OBSTAR\u00c1VANIE"},"content":{"rendered":"\n<p><strong>Verejn\u00fdm obstar\u00e1van\u00edm<\/strong> s\u00fa pravidl\u00e1 a&nbsp;postupy pod\u013ea&nbsp; z\u00e1kona,&nbsp; ktor\u00fdmi sa zad\u00e1vaj\u00fa z\u00e1kazky na dodanie tovaru, z\u00e1kazky na uskuto\u010dnenie stavebn\u00fdch pr\u00e1c, z\u00e1kazky na poskytnutie slu\u017eieb, s\u00fa\u0165a\u017e n\u00e1vrhov, zad\u00e1vanie koncesi\u00ed na stavebn\u00e9 pr\u00e1ce, zad\u00e1vanie koncesi\u00ed na slu\u017eby a spr\u00e1vu vo verejnom obstar\u00e1van\u00ed.<\/p>\n\n\n\n<h4 class=\"wp-block-heading\"><strong>Verejn\u00fd obstar\u00e1vate\u013e<\/strong> na \u00fa\u010dely tohto z\u00e1kona je tzv. klasick\u00fd sektor<\/h4>\n\n\n\n<ul class=\"wp-block-list\">\n<li>Slovensk\u00e1 republika zast\u00fapen\u00e1 svojimi org\u00e1nmi,<\/li>\n\n\n\n<li>Obec,<\/li>\n\n\n\n<li>Vy\u0161\u0161\u00ed \u00fazemn\u00fd celok,<\/li>\n\n\n\n<li>Pr\u00e1vnick\u00e1 osoba, ktor\u00e1 sp\u013a\u0148a po\u017eiadavky pod\u013ea odseku 2,<\/li>\n\n\n\n<li>Zdru\u017eenie pr\u00e1vnick\u00fdch os\u00f4b, ktor\u00e9ho \u010dlenmi s\u00fa v\u00fdlu\u010dne verejn\u00ed obstar\u00e1vatelia uveden\u00ed v\u00a0p\u00edsmen\u00e1ch a) a\u017e d)<\/li>\n<\/ul>\n\n\n\n<p>Verejn\u00fd obstar\u00e1vate\u013e pri zad\u00e1van\u00ed z\u00e1kazky s n\u00edzkou hodnotou postupuje tak, <strong>aby vynalo\u017een\u00e9 n\u00e1klady na predmet z\u00e1kazky boli hospod\u00e1rne.<\/strong> Ak verejn\u00fd obstar\u00e1vate\u013e vyzval na <strong>predlo\u017eenie ponuky viac hospod\u00e1rskych subjektov za \u00fa\u010delom zadania z\u00e1kazky je povinn\u00fd zabezpe\u010di\u0165 dodr\u017eanie princ\u00edpov rovnak\u00e9ho zaobch\u00e1dzania a&nbsp;nediskrimin\u00e1cie.<\/strong> Verejn\u00fd obstar\u00e1vate\u013e je povinn\u00fd postupova\u0165 v s\u00falade s princ\u00edpom transparentnosti a&nbsp;<strong>zdokumentova\u0165 cel\u00fd priebeh verejn\u00e9ho obstar\u00e1vania<\/strong>, tak aby jeho \u00fakony boli presk\u00famate\u013en\u00e9 bez oh\u013eadu na pou\u017eit\u00e9 prostriedky komunik\u00e1cie.<\/p>\n\n\n\n<p>\u00da\u010delom princ\u00edpu hospod\u00e1rnosti a efekt\u00edvnosti <strong>je zabezpe\u010di\u0165 dosiahnutie v\u00fdberu tak\u00e9ho uch\u00e1dza\u010da, ktor\u00fd za vynalo\u017een\u00e9 prostriedky poskytne najlep\u0161ie plnenie<\/strong>, <strong>pri\u010dom hospod\u00e1rne a efekt\u00edvne je tak\u00e9 verejn\u00e9 obstar\u00e1vanie, <\/strong>ktor\u00e9 zabezpe\u010d\u00ed \u010do najvy\u0161\u0161\u00ed po\u010det predlo\u017een\u00fdch pon\u00fak, a t\u00fdm \u010do naj\u0161ir\u0161iu hospod\u00e1rsku s\u00fa\u0165a\u017e pri \u010do najmen\u0161ej finan\u010dnej a administrat\u00edvnej n\u00e1ro\u010dnosti procesu verejn\u00e9ho obstar\u00e1vania.<\/p>\n\n\n\n<h4 class=\"wp-block-heading\"><strong>Finan\u010dn\u00e9 limity \u00a7 117 z\u00e1kona o&nbsp;verejnom obstar\u00e1van\u00ed<\/strong><\/h4>\n\n\n\n<ul class=\"wp-block-list\">\n<li>a) \u2265 5 000 eur &lt; 70 000 eur, ak ide o z\u00e1kazku na dodanie tovaru, okrem potrav\u00edn a z\u00e1kazku na poskytnutie slu\u017eby, okrem slu\u017eby uvedenej v pr\u00edlohe \u010d. 1,&nbsp;<\/li>\n\n\n\n<li>b) \u2265 5 000 eur &lt; 260 000 eur, ak ide o z\u00e1kazku na poskytnutie slu\u017eby uvedenej v pr\u00edlohe \u010d. 1,<\/li>\n\n\n\n<li>c) \u2265 5 000 eur &lt; 180 000 eur, ak ide o z\u00e1kazku na uskuto\u010dnenie stavebn\u00fdch pr\u00e1c<\/li>\n<\/ul>\n","protected":false},"excerpt":{"rendered":"<p>Verejn\u00fdm obstar\u00e1van\u00edm s\u00fa pravidl\u00e1 a&nbsp;postupy pod\u013ea&nbsp; z\u00e1kona,&nbsp; ktor\u00fdmi sa zad\u00e1vaj\u00fa z\u00e1kazky na dodanie tovaru, z\u00e1kazky na uskuto\u010dnenie stavebn\u00fdch pr\u00e1c, z\u00e1kazky na poskytnutie slu\u017eieb, s\u00fa\u0165a\u017e n\u00e1vrhov, zad\u00e1vanie koncesi\u00ed na stavebn\u00e9 pr\u00e1ce, zad\u00e1vanie koncesi\u00ed na slu\u017eby a spr\u00e1vu vo verejnom obstar\u00e1van\u00ed. Verejn\u00fd &hellip; <a href=\"https:\/\/www.uskvbl.sk\/?page_id=28\">Pokra\u010dova\u0165 v \u010d\u00edtan\u00ed <span class=\"meta-nav\">&rarr;<\/span><\/a><\/p>\n","protected":false},"author":1,"featured_media":0,"parent":0,"menu_order":0,"comment_status":"closed","ping_status":"closed","template":"","meta":{"footnotes":""},"class_list":["post-28","page","type-page","status-publish","hentry"],"_links":{"self":[{"href":"https:\/\/www.uskvbl.sk\/index.php?rest_route=\/wp\/v2\/pages\/28","targetHints":{"allow":["GET"]}}],"collection":[{"href":"https:\/\/www.uskvbl.sk\/index.php?rest_route=\/wp\/v2\/pages"}],"about":[{"href":"https:\/\/www.uskvbl.sk\/index.php?rest_route=\/wp\/v2\/types\/page"}],"author":[{"embeddable":true,"href":"https:\/\/www.uskvbl.sk\/index.php?rest_route=\/wp\/v2\/users\/1"}],"replies":[{"embeddable":true,"href":"https:\/\/www.uskvbl.sk\/index.php?rest_route=%2Fwp%2Fv2%2Fcomments&post=28"}],"version-history":[{"count":11,"href":"https:\/\/www.uskvbl.sk\/index.php?rest_route=\/wp\/v2\/pages\/28\/revisions"}],"predecessor-version":[{"id":9373,"href":"https:\/\/www.uskvbl.sk\/index.php?rest_route=\/wp\/v2\/pages\/28\/revisions\/9373"}],"wp:attachment":[{"href":"https:\/\/www.uskvbl.sk\/index.php?rest_route=%2Fwp%2Fv2%2Fmedia&parent=28"}],"curies":[{"name":"wp","href":"https:\/\/api.w.org\/{rel}","templated":true}]}}