{"id":27,"date":"2020-01-20T14:33:44","date_gmt":"2020-01-20T13:33:44","guid":{"rendered":"http:\/\/www2.uskvbl.sk\/?page_id=27"},"modified":"2026-04-21T10:04:32","modified_gmt":"2026-04-21T08:04:32","slug":"cinnost-uradu","status":"publish","type":"page","link":"https:\/\/www.uskvbl.sk\/?page_id=27","title":{"rendered":"\u010cinnos\u0165 \u00daradu &#8211; hist\u00f3ria a\u00a0s\u00fa\u010dasnos\u0165"},"content":{"rendered":"\n<figure class=\"wp-block-image size-full\"><img loading=\"lazy\" decoding=\"async\" width=\"1010\" height=\"460\" src=\"https:\/\/www.uskvbl.sk\/wp-content\/uploads\/2020\/01\/uskvblobr.jpg?wsr\" alt=\"\" class=\"wp-image-147\" srcset=\"https:\/\/www.uskvbl.sk\/wp-content\/uploads\/2020\/01\/uskvblobr.jpg 1010w, https:\/\/www.uskvbl.sk\/wp-content\/uploads\/2020\/01\/uskvblobr-300x137.jpg 300w, https:\/\/www.uskvbl.sk\/wp-content\/uploads\/2020\/01\/uskvblobr-768x350.jpg 768w\" sizes=\"auto, (max-width: 1010px) 100vw, 1010px\" \/><\/figure>\n\n\n\n<h3 class=\"wp-block-heading\"><strong><mark style=\"background-color:rgba(0, 0, 0, 0)\" class=\"has-inline-color has-blue-color\">Vznik \u00faradu<\/mark><\/strong><\/h3>\n\n\n\n<p>\u00dastav \u0161t\u00e1tnej kontroly veterin\u00e1rnych bioprepar\u00e1tov a&nbsp;lie\u010div (\u00da\u0160KVBL) vznikol 1. janu\u00e1ra 1969, ke\u010f v r\u00e1mci feder\u00e1lneho \u0161t\u00e1topr\u00e1vneho usporiadania do\u0161lo k&nbsp;rozdeleniu \u201e\u00dastavu pro st\u00e1tn\u00ed kontrolu veterin\u00e1rn\u00edch bioprepar\u00e1t\u016f a&nbsp;l\u00e9\u010div\u201e a zriadeniu samostatn\u00e9ho \u00dastavu \u0161t\u00e1tnej kontroly veterin\u00e1rnych bioprepar\u00e1tov a liekov v Nitre s p\u00f4sobnos\u0165ou na \u00fazem\u00ed Slovenska.<\/p>\n\n\n\n<p>V&nbsp;roku 1988 bola \u00da\u0160KVBL legislat\u00edvne ustanoven\u00e1 p\u00f4sobnos\u0165 vykon\u00e1va\u0165 vrcholn\u00fa odborn\u00fa kontrolu vyr\u00e1ban\u00fdch a dov\u00e1\u017ean\u00fdch veterin\u00e1rnych lie\u010div a pr\u00edpravkov.<\/p>\n\n\n\n<h3 class=\"wp-block-heading\"><strong><mark style=\"background-color:rgba(0, 0, 0, 0)\" class=\"has-inline-color has-blue-color\">S\u00fa\u010dasnos\u0165<\/mark><\/strong><\/h3>\n\n\n\n<h4 class=\"wp-block-heading\"><strong>P\u00f4sobnos\u0165<\/strong><\/h4>\n\n\n\n<p>P\u00f4sobnos\u0165 \u00da\u0160KVBL vych\u00e1dza zo v\u0161eobecne z\u00e1v\u00e4zn\u00fdch pr\u00e1vnych predpisov Slovenskej republiky, ktor\u00fdmi s\u00fa najm\u00e4:<\/p>\n\n\n\n<ul class=\"wp-block-list\">\n<li>z\u00e1kon \u010d. 362\/2011 Z. z. o liekoch a zdravotn\u00edckych pom\u00f4ckach (\u00a7 134)<\/li>\n\n\n\n<li>z\u00e1kon \u010d. 139\/1998 Z. z. o omamn\u00fdch l\u00e1tkach, psychotropn\u00fdch l\u00e1tkach a pr\u00edpravkoch (\u00a7 36d)<\/li>\n\n\n\n<li>z\u00e1kon \u010d. 17\/2018 Z. z. o veterin\u00e1rnych pr\u00edpravkoch a veterin\u00e1rnych technick\u00fdch pom\u00f4ckach (\u00a7 25)<\/li>\n\n\n\n<li>z\u00e1kon \u010d. 39\/2007 Z. z. o veterin\u00e1rnej starostlivosti (\u00a7 9)<\/li>\n\n\n\n<li>z\u00e1kon \u010d. 147\/2001 Z. z. o&nbsp;reklame (\u00a7 10 ods. c))<\/li>\n<\/ul>\n\n\n\n<p>\u00da\u0160KVBL z\u00e1rove\u0148 vykon\u00e1va svoju \u010dinnos\u0165 v s\u00falade s priamo uplatnite\u013en\u00fdmi pr\u00e1vnymi aktmi Eur\u00f3pskej \u00fanie, najm\u00e4:<\/p>\n\n\n\n<ul class=\"wp-block-list\">\n<li>nariadenie (E\u00da) 2019\/6 o veterin\u00e1rnych liekoch<\/li>\n\n\n\n<li>nariadenie (E\u00da) 2019\/4 o medikovan\u00fdch krmiv\u00e1ch<\/li>\n\n\n\n<li>nariadenie (ES) \u010d. 726\/2004 o povo\u013eovan\u00ed liekov a doh\u013eade nad nimi<\/li>\n\n\n\n<li>s\u00favisiace delegovan\u00e9 a vykon\u00e1vacie nariadenia Eur\u00f3pskej komisie<\/li>\n<\/ul>\n\n\n\n<h4 class=\"wp-block-heading\"><strong>Medzin\u00e1rodn\u00e1 spolupr\u00e1ca<\/strong><\/h4>\n\n\n\n<p>\u00da\u0160KVBL akt\u00edvne spolupracuje s eur\u00f3pskymi a medzin\u00e1rodn\u00fdmi in\u0161tit\u00faciami, najm\u00e4 v oblasti regul\u00e1cie liekov, kvality, bezpe\u010dnosti potravinov\u00e9ho re\u0165azca a harmoniz\u00e1cie po\u017eiadaviek. Ide predov\u0161etk\u00fdm o spolupr\u00e1cu s:<\/p>\n\n\n\n<ul class=\"wp-block-list\">\n<li>European Medicines Agency (EMA)<\/li>\n\n\n\n<li>European Directorate for the Quality of Medicines &amp; HealthCare (EDQM)<\/li>\n\n\n\n<li>Heads of Medicines Agencies (HMA)<\/li>\n\n\n\n<li>Veterinary International Cooperation on Harmonisation (VICH)<\/li>\n\n\n\n<li>World Organisation for Animal Health (WOAH)<\/li>\n\n\n\n<li>Codex Alimentarius Commission<\/li>\n<\/ul>\n\n\n\n<p>\u00dastav je z\u00e1rove\u0148 \u010dlenom siete \u00faradn\u00fdch kontroln\u00fdch laborat\u00f3ri\u00ed (OMCL) pri EDQM. Okrem kontroly kvality veterin\u00e1rnych liekov zabezpe\u010duje aj uvo\u013e\u0148ovanie \u0161ar\u017e\u00ed imunologick\u00fdch veterin\u00e1rnych liekov (OCABR\/OBPR).<\/p>\n\n\n\n<p>Hlavn\u00fdm poslan\u00edm \u00da\u0160KVBL je rozv\u00edja\u0165 vedeck\u00fa \u00farove\u0148 v hodnoten\u00ed veterin\u00e1rnych liekov k&nbsp;zlep\u0161eniu zdravia \u013eud\u00ed a&nbsp;zvierat.&nbsp;<\/p>\n\n\n\n<h4 class=\"wp-block-heading\"><strong>Poslanie a priority<\/strong><\/h4>\n\n\n\n<p>Hlavn\u00fdm poslan\u00edm \u00da\u0160KVBL je rozv\u00edja\u0165 vedeck\u00fa \u00farove\u0148 hodnotenia veterin\u00e1rnych liekov s cie\u013eom zlep\u0161ova\u0165 zdravie \u013eud\u00ed a zvierat.<\/p>\n\n\n\n<p>Prioritou \u00da\u0160KVBL je zabezpe\u010dova\u0165 dostupnos\u0165 kvalitn\u00fdch, bezpe\u010dn\u00fdch a \u00fa\u010dinn\u00fdch veterin\u00e1rnych liekov a hodnoti\u0165 rizik\u00e1 spojen\u00e9 s ich pou\u017e\u00edvan\u00edm s&nbsp;d\u00f4razom na ochranu zdravia zvierat, ochranu pou\u017e\u00edvate\u013ea a spotrebite\u013ea (konzumenta produktov \u017eivo\u010d\u00ed\u0161neho p\u00f4vodu), ochranu \u00fazemia pred z\u00e1va\u017en\u00fdmi ochoreniami vr\u00e1tane zoon\u00f3z &nbsp;a ochranu \u017eivotn\u00e9ho prostredia z poh\u013eadu kontamin\u00e1cie veterin\u00e1rnymi liekmi.<\/p>\n\n\n\n<p>Cie\u013eom je, aby pou\u017e\u00edvanie veterin\u00e1rnych liekov bolo \u010do naj\u00fa\u010dinnej\u0161ie a z\u00e1rove\u0148 \u010do najmenej \u0161kodliv\u00e9.<\/p>\n","protected":false},"excerpt":{"rendered":"","protected":false},"author":1,"featured_media":0,"parent":0,"menu_order":0,"comment_status":"closed","ping_status":"closed","template":"","meta":{"footnotes":""},"class_list":["post-27","page","type-page","status-publish","hentry"],"_links":{"self":[{"href":"https:\/\/www.uskvbl.sk\/index.php?rest_route=\/wp\/v2\/pages\/27","targetHints":{"allow":["GET"]}}],"collection":[{"href":"https:\/\/www.uskvbl.sk\/index.php?rest_route=\/wp\/v2\/pages"}],"about":[{"href":"https:\/\/www.uskvbl.sk\/index.php?rest_route=\/wp\/v2\/types\/page"}],"author":[{"embeddable":true,"href":"https:\/\/www.uskvbl.sk\/index.php?rest_route=\/wp\/v2\/users\/1"}],"replies":[{"embeddable":true,"href":"https:\/\/www.uskvbl.sk\/index.php?rest_route=%2Fwp%2Fv2%2Fcomments&post=27"}],"version-history":[{"count":4,"href":"https:\/\/www.uskvbl.sk\/index.php?rest_route=\/wp\/v2\/pages\/27\/revisions"}],"predecessor-version":[{"id":9575,"href":"https:\/\/www.uskvbl.sk\/index.php?rest_route=\/wp\/v2\/pages\/27\/revisions\/9575"}],"wp:attachment":[{"href":"https:\/\/www.uskvbl.sk\/index.php?rest_route=%2Fwp%2Fv2%2Fmedia&parent=27"}],"curies":[{"name":"wp","href":"https:\/\/api.w.org\/{rel}","templated":true}]}}