{"id":136,"date":"2020-01-20T15:14:13","date_gmt":"2020-01-20T14:14:13","guid":{"rendered":"http:\/\/www2.uskvbl.sk\/?page_id=136"},"modified":"2026-05-04T11:42:41","modified_gmt":"2026-05-04T09:42:41","slug":"uvod","status":"publish","type":"page","link":"https:\/\/www.uskvbl.sk\/","title":{"rendered":""},"content":{"rendered":"\n<h3 class=\"wp-block-heading has-text-align-left\"> <strong><mark style=\"background-color:rgba(0, 0, 0, 0)\" class=\"has-inline-color has-blue-color\">Veterinary Medicine Safety Day 2026<\/mark><\/strong><\/h3>\n\n\n\n<div class=\"wp-block-columns is-layout-flex wp-container-core-columns-is-layout-9d6595d7 wp-block-columns-is-layout-flex\">\n<div class=\"wp-block-column is-layout-flow wp-block-column-is-layout-flow\" style=\"flex-basis:33.33%\"><div class=\"wp-block-image\">\n<figure class=\"aligncenter size-full\"><img loading=\"lazy\" decoding=\"async\" width=\"207\" height=\"184\" src=\"https:\/\/www.uskvbl.sk\/wp-content\/uploads\/Pes-straziaci-ovce.jpg\" alt=\"\" class=\"wp-image-9594\" style=\"aspect-ratio:1;object-fit:cover\"\/><figcaption class=\"wp-element-caption\">Brigitta Roos | unsplash.com<\/figcaption><\/figure>\n<\/div><\/div>\n\n\n\n<div class=\"wp-block-column is-layout-flow wp-block-column-is-layout-flow\" style=\"flex-basis:66.66%\">\n<p><strong>De\u0148 bezpe\u010dnosti veterin\u00e1rnych liekov<\/strong> je celoeur\u00f3pska iniciat\u00edva Eur\u00f3pskej agent\u00fary pre lieky (EMA), Feder\u00e1cie eur\u00f3pskych veterin\u00e1rnych lek\u00e1rov (FVE) a n\u00e1rodn\u00fdch liekov\u00fdch agent\u00far. <\/p>\n\n\n\n<p>Kampa\u0148 #VetMedSafetyDay sa ka\u017edoro\u010dne kon\u00e1 8. apr\u00edla v celej Eur\u00f3pskej \u00fanii (E\u00da). V &nbsp;roku 2026 sa zamerala na nedostato\u010dn\u00fa o\u010dak\u00e1van\u00fa \u00fa\u010dinnos\u0165 antiparazitick\u00fdch liekov. &nbsp;<\/p>\n\n\n\n<p><a href=\"https:\/\/www.uskvbl.sk\/?page_id=9602\">Zisti viac a ako m\u00f4\u017ee\u0161 pom\u00f4c\u0165<\/a>\u00a0\u00a0<\/p>\n<\/div>\n<\/div>\n\n\n\n<p><\/p>\n","protected":false},"excerpt":{"rendered":"<p>Veterinary Medicine Safety Day 2026 De\u0148 bezpe\u010dnosti veterin\u00e1rnych liekov je celoeur\u00f3pska iniciat\u00edva Eur\u00f3pskej agent\u00fary pre lieky (EMA), Feder\u00e1cie eur\u00f3pskych veterin\u00e1rnych lek\u00e1rov (FVE) a n\u00e1rodn\u00fdch liekov\u00fdch agent\u00far. Kampa\u0148 #VetMedSafetyDay sa ka\u017edoro\u010dne kon\u00e1 8. apr\u00edla v celej Eur\u00f3pskej \u00fanii (E\u00da). V &nbsp;roku &hellip; <a href=\"https:\/\/www.uskvbl.sk\/\">Pokra\u010dova\u0165 v \u010d\u00edtan\u00ed <span class=\"meta-nav\">&rarr;<\/span><\/a><\/p>\n","protected":false},"author":1,"featured_media":0,"parent":0,"menu_order":0,"comment_status":"closed","ping_status":"closed","template":"","meta":{"footnotes":""},"class_list":["post-136","page","type-page","status-publish","hentry"],"_links":{"self":[{"href":"https:\/\/www.uskvbl.sk\/index.php?rest_route=\/wp\/v2\/pages\/136","targetHints":{"allow":["GET"]}}],"collection":[{"href":"https:\/\/www.uskvbl.sk\/index.php?rest_route=\/wp\/v2\/pages"}],"about":[{"href":"https:\/\/www.uskvbl.sk\/index.php?rest_route=\/wp\/v2\/types\/page"}],"author":[{"embeddable":true,"href":"https:\/\/www.uskvbl.sk\/index.php?rest_route=\/wp\/v2\/users\/1"}],"replies":[{"embeddable":true,"href":"https:\/\/www.uskvbl.sk\/index.php?rest_route=%2Fwp%2Fv2%2Fcomments&post=136"}],"version-history":[{"count":82,"href":"https:\/\/www.uskvbl.sk\/index.php?rest_route=\/wp\/v2\/pages\/136\/revisions"}],"predecessor-version":[{"id":9606,"href":"https:\/\/www.uskvbl.sk\/index.php?rest_route=\/wp\/v2\/pages\/136\/revisions\/9606"}],"wp:attachment":[{"href":"https:\/\/www.uskvbl.sk\/index.php?rest_route=%2Fwp%2Fv2%2Fmedia&parent=136"}],"curies":[{"name":"wp","href":"https:\/\/api.w.org\/{rel}","templated":true}]}}