{"id":127,"date":"2020-01-20T14:51:42","date_gmt":"2020-01-20T13:51:42","guid":{"rendered":"http:\/\/www2.uskvbl.sk\/?page_id=127"},"modified":"2024-01-25T10:56:27","modified_gmt":"2024-01-25T09:56:27","slug":"veterinarne-pripravky-a-veterinarnych-technickych-pomocok","status":"publish","type":"page","link":"https:\/\/www.uskvbl.sk\/?page_id=127","title":{"rendered":"VETERIN\u00c1RNE PR\u00cdPRAVKY A\u00a0VETERIN\u00c1RNE TECHNICK\u00c9 POM\u00d4CKY &#8211; Hl\u00e1senie podozren\u00ed na ne\u017eiaduce \u00fa\u010dinky (N\u00da)\ufffc"},"content":{"rendered":"\n<h3 class=\"wp-block-heading\"><mark style=\"background-color:rgba(0, 0, 0, 0)\" class=\"has-inline-color has-blue-color\"><strong>\u010co je potrebn\u00e9 hl\u00e1si\u0165<\/strong><\/mark><\/h3>\n\n\n\n<p>V&nbsp;zmysle z\u00e1kona 17\/2018 Z.z. o veterin\u00e1rnych pr\u00edpravkoch a veterin\u00e1rnych technick\u00fdch pom\u00f4ckach&nbsp; je&nbsp;ne\u017eiaducim \u00fa\u010dinkom nepriazniv\u00e1 zmena zdravotn\u00e9ho stavu zviera\u0165a, ktor\u00e1 m\u00f4\u017ee by\u0165 sp\u00f4soben\u00e1 podan\u00fdm veterin\u00e1rnym pr\u00edpravkom alebo pou\u017eitou veterin\u00e1rnou technickou pom\u00f4ckou.<\/p>\n\n\n\n<h3 class=\"wp-block-heading\"><strong><mark style=\"background-color:rgba(0, 0, 0, 0)\" class=\"has-inline-color has-blue-color\">Kto a komu m\u00e1 hl\u00e1si\u0165 podozrenie na N\u00da<\/mark><\/strong><\/h3>\n\n\n\n<p>Povinnos\u0165 hl\u00e1si\u0165 ne\u017eiaduce \u00fa\u010dinky VP a VTP je nasledovn\u00e1:<\/p>\n\n\n\n<figure class=\"wp-block-table\"><table><tbody><tr><td><strong>Kto m\u00e1 hl\u00e1si\u0165<\/strong><\/td><td class=\"has-text-align-left\" data-align=\"left\"><strong>Komu hl\u00e1si\u0165<\/strong><\/td><\/tr><tr><td>Ka\u017ed\u00fd kto zaobch\u00e1dza s&nbsp;VP alebo VTP*<\/td><td class=\"has-text-align-left\" data-align=\"left\">\u00da\u0160KVBL (pod\u013ea&nbsp; \u00a7 3 ods.5); \u00a7 10 ods.1 p\u00edsm. e); \u00a7 18 ods. 1 p\u00edsm. e) a \u00a7 19 p\u00edsm. b);<\/td><\/tr><\/tbody><\/table><figcaption class=\"wp-element-caption\">*zaobch\u00e1dzan\u00edm s veterin\u00e1rnym pr\u00edpravkom alebo veterin\u00e1rnou technickou pom\u00f4ckou ich <strong>v\u00fdroba, uv\u00e1dzanie na trh, distrib\u00facia a ich pou\u017eitie pri poskytovan\u00ed veterin\u00e1rnej starostlivosti<\/strong>.<\/figcaption><\/figure>\n\n\n\n<h3 class=\"wp-block-heading\"><strong><mark style=\"background-color:rgba(0, 0, 0, 0)\" class=\"has-inline-color has-blue-color\">Ako treba hl\u00e1si\u0165<\/mark><\/strong><\/h3>\n\n\n\n<p>Hl\u00e1senie o&nbsp;podozren\u00ed na ne\u017eiaduce \u00fa\u010dinky VP a&nbsp;VTP je potrebn\u00e9 zasla\u0165 na formul\u00e1ri (vzor na stiahnutie vi\u010f ni\u017e\u0161ie) a&nbsp;to bu\u010f elektronicky na email <a href=\"mailto:neziaduce_ucinky@uskvbl.sk\">neziaduce_ucinky@uskvbl.sk<\/a> alebo po\u0161tou na adresu: \u00dastav \u0161t\u00e1tnej kontroly veterin\u00e1rnych bioprepar\u00e1tov a lie\u010div Nitra, Biovetsk\u00e1 34, 949 01 Nitra, Slovensk\u00e1 republika.<\/p>\n\n\n\n<div class=\"wp-block-file\"><a id=\"wp-block-file--media-f3f69484-2b26-4c3b-ac2b-1a293afc3b63\" href=\"https:\/\/www.uskvbl.sk\/wp-content\/uploads\/f_92d_formular_vp_na_nu.doc\">F 92d Formul\u00e1r VP na hl\u00e1senie ne\u017eiaducich \u00fa\u010dinkov<\/a><\/div>\n\n\n\n<div class=\"wp-block-file\"><a id=\"wp-block-file--media-12e90b03-274e-493d-8ecd-327d5ef939d8\" href=\"https:\/\/www.uskvbl.sk\/wp-content\/uploads\/f_92e_formular_vtp_na_nu.doc\">F 92e Formul\u00e1r VTP na hl\u00e1senie ne\u017eiaducich \u00fa\u010dinkov<\/a><\/div>\n\n\n\n<p><\/p>\n","protected":false},"excerpt":{"rendered":"<p>\u010co je potrebn\u00e9 hl\u00e1si\u0165 V&nbsp;zmysle z\u00e1kona 17\/2018 Z.z. o veterin\u00e1rnych pr\u00edpravkoch a veterin\u00e1rnych technick\u00fdch pom\u00f4ckach&nbsp; je&nbsp;ne\u017eiaducim \u00fa\u010dinkom nepriazniv\u00e1 zmena zdravotn\u00e9ho stavu zviera\u0165a, ktor\u00e1 m\u00f4\u017ee by\u0165 sp\u00f4soben\u00e1 podan\u00fdm veterin\u00e1rnym pr\u00edpravkom alebo pou\u017eitou veterin\u00e1rnou technickou pom\u00f4ckou. Kto a komu m\u00e1 hl\u00e1si\u0165 podozrenie &hellip; <a href=\"https:\/\/www.uskvbl.sk\/?page_id=127\">Pokra\u010dova\u0165 v \u010d\u00edtan\u00ed <span class=\"meta-nav\">&rarr;<\/span><\/a><\/p>\n","protected":false},"author":1,"featured_media":0,"parent":0,"menu_order":0,"comment_status":"closed","ping_status":"closed","template":"","meta":{"footnotes":""},"class_list":["post-127","page","type-page","status-publish","hentry"],"_links":{"self":[{"href":"https:\/\/www.uskvbl.sk\/index.php?rest_route=\/wp\/v2\/pages\/127","targetHints":{"allow":["GET"]}}],"collection":[{"href":"https:\/\/www.uskvbl.sk\/index.php?rest_route=\/wp\/v2\/pages"}],"about":[{"href":"https:\/\/www.uskvbl.sk\/index.php?rest_route=\/wp\/v2\/types\/page"}],"author":[{"embeddable":true,"href":"https:\/\/www.uskvbl.sk\/index.php?rest_route=\/wp\/v2\/users\/1"}],"replies":[{"embeddable":true,"href":"https:\/\/www.uskvbl.sk\/index.php?rest_route=%2Fwp%2Fv2%2Fcomments&post=127"}],"version-history":[{"count":23,"href":"https:\/\/www.uskvbl.sk\/index.php?rest_route=\/wp\/v2\/pages\/127\/revisions"}],"predecessor-version":[{"id":8494,"href":"https:\/\/www.uskvbl.sk\/index.php?rest_route=\/wp\/v2\/pages\/127\/revisions\/8494"}],"wp:attachment":[{"href":"https:\/\/www.uskvbl.sk\/index.php?rest_route=%2Fwp%2Fv2%2Fmedia&parent=127"}],"curies":[{"name":"wp","href":"https:\/\/api.w.org\/{rel}","templated":true}]}}