{"id":113,"date":"2020-01-20T14:48:10","date_gmt":"2020-01-20T13:48:10","guid":{"rendered":"http:\/\/www2.uskvbl.sk\/?page_id=113"},"modified":"2025-11-14T09:41:05","modified_gmt":"2025-11-14T08:41:05","slug":"hlasenie-neziaducich-ucinkoch-veterinarnzch-liekov","status":"publish","type":"page","link":"https:\/\/www.uskvbl.sk\/?page_id=113","title":{"rendered":"HL\u00c1SENIE NE\u017dIADUCICH \u00da\u010cINKOV VETERIN\u00c1RNYCH LIEKOV"},"content":{"rendered":"\n<p>Pod ne\u017eiaducim \u00fa\u010dinkom veterin\u00e1rneho lieku sa mysl\u00ed ka\u017ed\u00e1 \u0161kodliv\u00e1 a nechcen\u00e1 reakcia, ktor\u00e1 vznikne po podan\u00ed veterin\u00e1rneho lieku v ur\u010den\u00fdch d\u00e1vkach zviera\u0165u, ktor\u00e9mu je veterin\u00e1rny liek ur\u010den\u00fd.<br><\/p>\n\n\n\n<h3 class=\"wp-block-heading\"><strong><span class=\"has-inline-color has-blue-color\">Pre\u010do je d\u00f4le\u017eit\u00e9 hl\u00e1si\u0165 podozrenia na ne\u017eiaduce \u00fa\u010dinky?<\/span><\/strong><\/h3>\n\n\n\n<p>Aby sa zabezpe\u010dila kvalita, bezpe\u010dnos\u0165 a&nbsp;\u00fa\u010dinnos\u0165 veterin\u00e1rnych liekov, ka\u017ed\u00fd liek pred registr\u00e1ciou a&nbsp;uveden\u00edm na trh mus\u00ed prejs\u0165 farmakologick\u00fdmi a&nbsp;toxikologick\u00fdmi sk\u00fa\u0161kami, ako aj klinick\u00fdmi sk\u00fa\u0161kami bezpe\u010dnosti a&nbsp;\u00fa\u010dinnosti. V&nbsp;t\u00fdchto testovaniach v\u0161ak m\u00f4\u017ee by\u0165 pou\u017eit\u00fd len limitovan\u00fd po\u010det zvierat, preto niektor\u00e9 ne\u017eiaduce reakcie, ktor\u00fdch v\u00fdskyt je zriedkav\u00fd, alebo sa objavia len u&nbsp;ur\u010ditej skupiny zvierat (napr. vekov\u00e1 kateg\u00f3ria, plemeno) sa nemusia prejavi\u0165 v&nbsp;r\u00e1mci t\u00fdchto testovan\u00ed, ale n\u00e1sledne a\u017e po ich \u0161ir\u0161om pou\u017eit\u00ed v&nbsp;klinickej praxi.&nbsp; Z&nbsp;toho d\u00f4vodu je d\u00f4le\u017eit\u00e9 aby praktick\u00ed veterin\u00e1rni lek\u00e1ri ako aj ostatn\u00e9 strany z\u00fa\u010dastnen\u00e9 v&nbsp;procese predaja, distrib\u00facie a pou\u017eitia lieku pri zaznamenan\u00ed ak\u00e9hoko\u013evek ne\u017eiaduceho \u00fa\u010dinku, resp. podozrenia na ne\u017eiaduci \u00fa\u010dinok informovali o&nbsp;v\u00fdskyte kompetentn\u00fa autoritu (U\u0160KVBL), \u010do umo\u017e\u0148uje v&nbsp;pr\u00edpade potreby prehodnoti\u0165 pomer pr\u00ednos\/riziko lieku. Z tohto poh\u013eadu je ich \u00faloha pri hodnoten\u00ed bezpe\u010dnosti liekov nezastupite\u013en\u00e1.&nbsp;<br><\/p>\n\n\n\n<h3 class=\"wp-block-heading\"><strong><span class=\"has-inline-color has-blue-color\">\u010co je potrebn\u00e9 hl\u00e1si\u0165?<\/span><\/strong><\/h3>\n\n\n\n<p>V\u0161etky ne\u017eiaduce reakcie,&nbsp; u&nbsp;ktor\u00fdch je podozrenie, \u017ee s\u00favisia s&nbsp;pou\u017eit\u00edm dan\u00e9ho lieku, hlavne:<\/p>\n\n\n\n<ul class=\"wp-block-list\">\n<li>Z\u00e1va\u017en\u00e9 ne\u017eiaduce reakcie kon\u010diace \u00fahynom\/eutan\u00e1ziou<\/li>\n\n\n\n<li>Z\u00e1va\u017en\u00e9 ne\u017eiaduce reakcie, ktor\u00e9&nbsp; v\u00e1\u017ene a&nbsp;dlhodobo ovplyv\u0148uj\u00fa zdravotn\u00fd stav zvierat, maj\u00fa za n\u00e1sledok v\u00e1\u017ene zdravotn\u00e9 postihnutie, resp. vroden\u00fa anom\u00e1liu<\/li>\n\n\n\n<li>Neo\u010dak\u00e1van\u00e9 ne\u017eiaduce reakcie, ktor\u00e9 nie s\u00fa zahrnut\u00e9 v&nbsp;p\u00edsomnej inform\u00e1cii o&nbsp;lieku<\/li>\n\n\n\n<li>V\u0161etky ne\u017eiaduce reakcie, ktor\u00e9 sa vyskytn\u00fa u&nbsp;\u013eud\u00ed<\/li>\n\n\n\n<li>Ne\u017eiaduce reakcie po inom pou\u017eit\u00ed ako je doporu\u010den\u00e9 <em>(off-label),<\/em> napr. neregistrovan\u00fd cie\u013eov\u00fd druh alebo&nbsp; indik\u00e1cia,  in\u00e1 cesta podania ako je doporu\u010den\u00e9 at\u010f.<\/li>\n\n\n\n<li>Ak\u00e9ko\u013evek podozrenie na nedostato\u010dn\u00fa \u00fa\u010dinnos\u0165 lieku&nbsp; (m\u00f4\u017ee indikova\u0165 vznik rezistencie)<\/li>\n\n\n\n<li>Probl\u00e9my s\u00favisiace s&nbsp;ochrannou lehotou \u2013 prekro\u010denie povolen\u00fdch maxim\u00e1lnych limitov rez\u00eddu\u00ed v&nbsp;potravin\u00e1ch \u017eivo\u010d\u00ed\u0161neho p\u00f4vodu<\/li>\n\n\n\n<li>Ak\u00e9ko\u013evek ne\u017eiaduce dopady na \u017eivotn\u00e9 prostredie<\/li>\n\n\n\n<li>Zn\u00e1me ne\u017eiaduce reakcie, hlavne ak je podozrenie \u017ee sa zvy\u0161uje ich frekvencia a&nbsp;z\u00e1va\u017enos\u0165<\/li>\n<\/ul>\n\n\n\n<p>V&nbsp;pr\u00edpade z\u00e1va\u017en\u00fdch ne\u017eiaducich reakci\u00ed&nbsp; je potrebn\u00e9 okam\u017eit\u00e9 hl\u00e1senie a&nbsp;poskytnutie pod\u013ea mo\u017enosti \u010do najviac inform\u00e1ci\u00ed (laborat\u00f3rne testy, postmort\u00e1lne spr\u00e1vy at\u010f.)<br><\/p>\n\n\n\n<h3 class=\"wp-block-heading\"><strong><span class=\"has-inline-color has-blue-color\">Ako hl\u00e1si\u0165 ne\u017eiaduce \u00fa\u010dinky?<\/span><\/strong><\/h3>\n\n\n\n<p>Ak sa pri pou\u017eit\u00ed veterin\u00e1rneho lieku vyskytn\u00fa ne\u017eiaduce \u00fa\u010dinky, veterin\u00e1rny lek\u00e1r m\u00e1 zisten\u00fd pr\u00edpad hl\u00e1si\u0165 na \u00da\u0160KVBL zaslan\u00edm vyplnen\u00e9ho formul\u00e1ra. Hl\u00e1si\u0165 ne\u017eiaduci \u00fa\u010dinok na \u00da\u0160KVBL v\u0161ak m\u00f4\u017ee aj chovate\u013e.<br><\/p>\n\n\n\n<div class=\"wp-block-file\"><a id=\"wp-block-file--media-7743775f-bd1b-4004-8b21-c5c511f3c29b\" href=\"https:\/\/www.uskvbl.sk\/wp-content\/uploads\/f_92b_pre_veterinarov_a_zdravotnikov_na_nu.doc\">F 92b EU formul\u00e1r pre veterin\u00e1rnych lek\u00e1rov a zdravotn\u00edckych pracovn\u00edkov na hl\u00e1senie ne\u017eiaducich \u00fa\u010dinkov<\/a><\/div>\n\n\n\n<div class=\"wp-block-file\"><a id=\"wp-block-file--media-cd569d05-048a-4fd4-96dc-94da3d4c3745\" href=\"https:\/\/www.uskvbl.sk\/wp-content\/uploads\/f_92c_pre_chovatelov_na_nu.doc\">F 92c Formul\u00e1r pre chovate\u013eov na hl\u00e1senie ne\u017eiaducich \u00fa\u010dinkov<\/a><\/div>\n\n\n\n<div class=\"wp-block-file\"><a id=\"wp-block-file--media-db6447d5-9532-4a40-af21-d01de12a919f\" href=\"https:\/\/www.uskvbl.sk\/wp-content\/uploads\/f_92d_formular_vp_na_nu.doc\">F 92d Formul\u00e1r VP na hl\u00e1senie ne\u017eiaducich \u00fa\u010dinkov<\/a><\/div>\n\n\n\n<div class=\"wp-block-file\"><a id=\"wp-block-file--media-04ecf0af-2f6c-4e8c-b78f-ab8107ad1e84\" href=\"https:\/\/www.uskvbl.sk\/wp-content\/uploads\/f_92e_formular_vtp_na_nu.doc\">F 92e Formul\u00e1r VTP na hl\u00e1senie ne\u017eiaducich \u00fa\u010dinkov<\/a><\/div>\n\n\n\n<p><\/p>\n\n\n\n<p>Vyplnen\u00fd formul\u00e1r je mo\u017en\u00e9 zasla\u0165 na \u00da\u0160KVBL prostredn\u00edctvom r\u00fdchleho v\u00fdstra\u017en\u00e9ho syst\u00e9mu &#8211; na email:  <a href=\"mailto:neziaduce_ucinky@uskvbl.sk\">neziaduce_ucinky@uskvbl.sk<\/a>&nbsp; <br> alebo faxom na \u010d\u00edslo <strong>+421 37&nbsp; 651 7915<\/strong><\/p>\n\n\n\n<p>V&nbsp;pr\u00edpade ne\u017eiaduceho \u00fa\u010dinku ktor\u00fdm je <strong>nedostato\u010dn\u00e1 \u00fa\u010dinnos\u0165<\/strong> lieku je mo\u017en\u00e9 na \u00da\u0160KVBL zasla\u0165 na preverenie vzorku (ak je k dispoz\u00edcii). Pri zasielan\u00ed vzorky lieku je po\u010das prepravy potrebn\u00e9 zachova\u0165 teplotu skladovanie pre dan\u00fd liek. Z\u00e1rove\u0148, ak sa formul\u00e1r posielal prostredn\u00edctvom r\u00fdchleho v\u00fdstra\u017en\u00e9ho syst\u00e9mu je potrebn\u00e9 aby ste vzorku spr\u00e1vne ozna\u010dili tak, aby sa dala s&nbsp;elektronick\u00fdm hl\u00e1sen\u00edm sp\u00e1rova\u0165&#8230;&nbsp;<\/p>\n\n\n\n<p>Vzorku je mo\u017en\u00e9 donies\u0165 aj osobne.<br><\/p>\n","protected":false},"excerpt":{"rendered":"<p>Pod ne\u017eiaducim \u00fa\u010dinkom veterin\u00e1rneho lieku sa mysl\u00ed ka\u017ed\u00e1 \u0161kodliv\u00e1 a nechcen\u00e1 reakcia, ktor\u00e1 vznikne po podan\u00ed veterin\u00e1rneho lieku v ur\u010den\u00fdch d\u00e1vkach zviera\u0165u, ktor\u00e9mu je veterin\u00e1rny liek ur\u010den\u00fd. Pre\u010do je d\u00f4le\u017eit\u00e9 hl\u00e1si\u0165 podozrenia na ne\u017eiaduce \u00fa\u010dinky? Aby sa zabezpe\u010dila kvalita, bezpe\u010dnos\u0165 &hellip; <a href=\"https:\/\/www.uskvbl.sk\/?page_id=113\">Pokra\u010dova\u0165 v \u010d\u00edtan\u00ed <span class=\"meta-nav\">&rarr;<\/span><\/a><\/p>\n","protected":false},"author":1,"featured_media":0,"parent":0,"menu_order":0,"comment_status":"closed","ping_status":"closed","template":"","meta":{"footnotes":""},"class_list":["post-113","page","type-page","status-publish","hentry"],"_links":{"self":[{"href":"https:\/\/www.uskvbl.sk\/index.php?rest_route=\/wp\/v2\/pages\/113","targetHints":{"allow":["GET"]}}],"collection":[{"href":"https:\/\/www.uskvbl.sk\/index.php?rest_route=\/wp\/v2\/pages"}],"about":[{"href":"https:\/\/www.uskvbl.sk\/index.php?rest_route=\/wp\/v2\/types\/page"}],"author":[{"embeddable":true,"href":"https:\/\/www.uskvbl.sk\/index.php?rest_route=\/wp\/v2\/users\/1"}],"replies":[{"embeddable":true,"href":"https:\/\/www.uskvbl.sk\/index.php?rest_route=%2Fwp%2Fv2%2Fcomments&post=113"}],"version-history":[{"count":18,"href":"https:\/\/www.uskvbl.sk\/index.php?rest_route=\/wp\/v2\/pages\/113\/revisions"}],"predecessor-version":[{"id":9305,"href":"https:\/\/www.uskvbl.sk\/index.php?rest_route=\/wp\/v2\/pages\/113\/revisions\/9305"}],"wp:attachment":[{"href":"https:\/\/www.uskvbl.sk\/index.php?rest_route=%2Fwp%2Fv2%2Fmedia&parent=113"}],"curies":[{"name":"wp","href":"https:\/\/api.w.org\/{rel}","templated":true}]}}