{"id":111,"date":"2020-01-20T14:48:10","date_gmt":"2020-01-20T13:48:10","guid":{"rendered":"http:\/\/www2.uskvbl.sk\/?page_id=111"},"modified":"2024-01-25T10:59:41","modified_gmt":"2024-01-25T09:59:41","slug":"ako-postupovat-pri-podozreni-na-nekvalitu-lieku","status":"publish","type":"page","link":"https:\/\/www.uskvbl.sk\/?page_id=111","title":{"rendered":"AKO POSTUPOVA\u0164 PRI PODOZREN\u00cd NA NEDOSTATOK V KVALITE VETERIN\u00c1RNEHO LIEKU"},"content":{"rendered":"\n<p>Podozrenie na nedostatky v&nbsp;kvalite veterin\u00e1rneho lieku, ktor\u00e9 bolo zisten\u00e9 na \u00fazem\u00ed Slovenskej republiky, m\u00f4\u017ee hl\u00e1si\u0165 ktoko\u013evek. <br><\/p>\n\n\n\n<p>Ak sa vyskytne pri pou\u017eit\u00ed registrovan\u00e9ho veterin\u00e1rneho lieku probl\u00e9m s jeho kvalitou, ten kto probl\u00e9m zistil (zvy\u010dajne chovate\u013e resp. pou\u017e\u00edvate\u013e) by mal svoje podozrenie diskutova\u0165 s o\u0161etruj\u00facim veterin\u00e1rnym lek\u00e1rom pr\u00edpadne s lek\u00e1rnikom kde veterin\u00e1rny liek k\u00fapil a n\u00e1sledne by mal liek spolu s&nbsp;vyplnen\u00fdm formul\u00e1rom zasla\u0165 k n\u00e1m na kontrolu.<br><\/p>\n\n\n\n<div class=\"wp-block-file\"><a id=\"wp-block-file--media-4a607ac5-6ee2-4bde-8f1e-128503d3b2a5\" href=\"https:\/\/www.uskvbl.sk\/wp-content\/uploads\/formular_na_hlasenie_nedostatku_v_kvalite.docx\">Formul\u00e1r na hl\u00e1senie nedostatku v kvalite alebo podozrenia na nedostatok v kvalite veterin\u00e1rneho lieku <\/a><\/div>\n\n\n\n<p><\/p>\n\n\n\n<p> Vyplnen\u00fd formul\u00e1r je mo\u017en\u00e9 zasla\u0165 na \u00da\u0160KVBL prostredn\u00edctvom syst\u00e9mu r\u00fdchlej v\u00fdstrahy   &#8211; na email:<strong> <\/strong> <a href=\"mailto:ras-vet_sk@uskvbl.sk\">ras-vet_sk@uskvbl.sk<\/a> <strong> <\/strong>alebo<strong>&nbsp; <\/strong>faxom na \u010d\u00edslo<strong>: +421 37&nbsp; 651 7915 <\/strong>s&nbsp;n\u00e1sledn\u00fdm zaslan\u00edm vzorky (ak je k dispoz\u00edcii).<br><\/p>\n\n\n\n<p>Pri zasielan\u00ed vzorky lieku je po\u010das prepravy potrebn\u00e9 zachova\u0165 teplotu skladovanie pre dan\u00fd liek. Z\u00e1rove\u0148, ak sa formul\u00e1r posielal prostredn\u00edctvom syst\u00e9mu r\u00fdchlej v\u00fdstrahy je potrebn\u00e9 aby ste vzorku spr\u00e1vne ozna\u010dili tak aby sa dala s&nbsp;elektronick\u00fdm hl\u00e1sen\u00edm sp\u00e1rova\u0165&#8230;.<br>Vzorku je mo\u017en\u00e9 donies\u0165 aj osobne.<\/p>\n\n\n\n<p><strong>Nedostato\u010dn\u00e1 \u00fa\u010dinnos\u0165<\/strong> veterin\u00e1rneho lieku s\u00edce s\u00favis\u00ed s jeho&nbsp;kvalitou, ale hl\u00e1si sa formou ne\u017eiaduceho \u00fa\u010dinku lieku!<br><\/p>\n\n\n\n<p><strong>Nepreveruje sa kvalita veterin\u00e1rnych liekov ktor\u00e9 nie s\u00fa registrovan\u00e9.&nbsp;<\/strong><br><\/p>\n","protected":false},"excerpt":{"rendered":"<p>Podozrenie na nedostatky v&nbsp;kvalite veterin\u00e1rneho lieku, ktor\u00e9 bolo zisten\u00e9 na \u00fazem\u00ed Slovenskej republiky, m\u00f4\u017ee hl\u00e1si\u0165 ktoko\u013evek. Ak sa vyskytne pri pou\u017eit\u00ed registrovan\u00e9ho veterin\u00e1rneho lieku probl\u00e9m s jeho kvalitou, ten kto probl\u00e9m zistil (zvy\u010dajne chovate\u013e resp. pou\u017e\u00edvate\u013e) by mal svoje podozrenie &hellip; <a href=\"https:\/\/www.uskvbl.sk\/?page_id=111\">Pokra\u010dova\u0165 v \u010d\u00edtan\u00ed <span class=\"meta-nav\">&rarr;<\/span><\/a><\/p>\n","protected":false},"author":1,"featured_media":0,"parent":0,"menu_order":0,"comment_status":"closed","ping_status":"closed","template":"","meta":{"footnotes":""},"class_list":["post-111","page","type-page","status-publish","hentry"],"_links":{"self":[{"href":"https:\/\/www.uskvbl.sk\/index.php?rest_route=\/wp\/v2\/pages\/111","targetHints":{"allow":["GET"]}}],"collection":[{"href":"https:\/\/www.uskvbl.sk\/index.php?rest_route=\/wp\/v2\/pages"}],"about":[{"href":"https:\/\/www.uskvbl.sk\/index.php?rest_route=\/wp\/v2\/types\/page"}],"author":[{"embeddable":true,"href":"https:\/\/www.uskvbl.sk\/index.php?rest_route=\/wp\/v2\/users\/1"}],"replies":[{"embeddable":true,"href":"https:\/\/www.uskvbl.sk\/index.php?rest_route=%2Fwp%2Fv2%2Fcomments&post=111"}],"version-history":[{"count":19,"href":"https:\/\/www.uskvbl.sk\/index.php?rest_route=\/wp\/v2\/pages\/111\/revisions"}],"predecessor-version":[{"id":8495,"href":"https:\/\/www.uskvbl.sk\/index.php?rest_route=\/wp\/v2\/pages\/111\/revisions\/8495"}],"wp:attachment":[{"href":"https:\/\/www.uskvbl.sk\/index.php?rest_route=%2Fwp%2Fv2%2Fmedia&parent=111"}],"curies":[{"name":"wp","href":"https:\/\/api.w.org\/{rel}","templated":true}]}}